{"id":75167,"date":"2024-06-10T15:26:12","date_gmt":"2024-06-10T14:26:12","guid":{"rendered":"https:\/\/www.memoria.cat\/creus\/?page_id=75167"},"modified":"2024-11-18T21:43:15","modified_gmt":"2024-11-18T20:43:15","slug":"les-7-cartes-de-pau-casals-a-jaume-creus","status":"publish","type":"page","link":"https:\/\/www.memoria.cat\/creus\/les-7-cartes-de-pau-casals-a-jaume-creus\/","title":{"rendered":"Les 7 cartes de Pau Casals a Jaume Creus"},"content":{"rendered":"<p>En aquest apartat podem veure 7 cartes, 2 targetes i una felicitaci\u00f3 que Pau Casals va enviar a Jaume Creus. En canvi, nom\u00e9s es conserva la c\u00f2pia d\u2019una carta que Jaume Creus va enviar a Pau Casals.<br \/>\nDe les 7 cartes de Pau Casals, tres s\u00f3n del 1945, dues del 1947 i dues del 1948. Una targeta \u00e9s una felicitaci\u00f3 del nou any i est\u00e0 escrita el 1948 i l\u2019altra no t\u00e9 data. Finalment, hi ha una tarja impresa, de l\u2019any 1966, en qu\u00e8 Pau Casals agraeix la felicitaci\u00f3 que va rebre de Jaume Creus amb motiu del seu 90\u00e8 aniversari.<\/p>\n<p>Les cartes de Pau Casals mostren l\u2019alegria per la vict\u00f2ria dels aliats a la segona guerra mundial i l\u2019esperan\u00e7a de poder retornar a casa que comporta aquest fet per als exiliats catalans: \u201c<i>La nostra alegria \u00e9s gran<\/i> \u2013escrivia el maig del 1945-. <i>Ara, que aviat ens deixin tornar a casa. Suposo que a San Francisco<a title=\"\" href=\"http:\/\/www1.memoria.cat\/creus\/content\/les-7-cartes-de-pau-casals-jaume-creus#_ftn1\" name=\"_ftnref\">[1]<\/a> s\u2019ocupen de nosaltres. Si no fos aix\u00ed, quina decepci\u00f3 la nostra i quina injust\u00edcia<\/i>\u201d. I el 1948 encara animava a Jaume Creus amb aquestes paraules: \u201c<i>Que la seva salut sigui bona. Cal que, quan anirem a casa, ens presentem de manera a no fer ll\u00e0stima a ning\u00fa. Molts s\u2019alegrarien de veure\u2019ns vells i malmesos<\/i>\u201d.<\/p>\n<p>Tanmateix, les pot\u00e8ncies aliades mantindrien Franco i nombrosos catalans exiliats, entre els quals Pau Casals, moririen a l\u2019exili. Jaume Creus, que s\u2019havia exiliat tamb\u00e9 el 1939, va tornar a Catalunya el 1949.<\/p>\n<div>\n<h5><a href=\"https:\/\/www.memoria.cat\/creus\/reproduccio-de-les-cartes-amb-les-seves-transcripcions\/\">Reproducci\u00f3 de les cartes i la corresponent transcripci\u00f3 \u00edntegra.<\/a><\/h5>\n<h5><a href=\"https:\/\/www.memoria.cat\/creus\/les-frases-mes-significatives-de-les-cartes-de-pau-casals\/\">Les frases m\u00e9s significatives de les cartes de Pau Casals.<\/a><\/h5>\n<h5><a href=\"https:\/\/www.memoria.cat\/creus\/don-han-sorgit-aquests-documents-3\/\">D&#8217;on han sorgit aquests documents?<\/a><\/h5>\n<\/div>\n","protected":false},"excerpt":{"rendered":"<p>En aquest apartat podem veure 7 cartes, 2 targetes i una felicitaci\u00f3 que Pau Casals va enviar a Jaume Creus. En canvi, nom\u00e9s es conserva la c\u00f2pia d\u2019una carta que Jaume Creus va enviar a Pau Casals. De les 7 cartes de Pau Casals, tres s\u00f3n del 1945, dues del 1947 i dues del 1948. [&hellip;]<\/p>\n","protected":false},"author":66,"featured_media":0,"parent":0,"menu_order":0,"comment_status":"closed","ping_status":"closed","template":"","meta":{"footnotes":""},"class_list":["post-75167","page","type-page","status-publish","hentry"],"_links":{"self":[{"href":"https:\/\/www.memoria.cat\/creus\/wp-json\/wp\/v2\/pages\/75167","targetHints":{"allow":["GET"]}}],"collection":[{"href":"https:\/\/www.memoria.cat\/creus\/wp-json\/wp\/v2\/pages"}],"about":[{"href":"https:\/\/www.memoria.cat\/creus\/wp-json\/wp\/v2\/types\/page"}],"author":[{"embeddable":true,"href":"https:\/\/www.memoria.cat\/creus\/wp-json\/wp\/v2\/users\/66"}],"replies":[{"embeddable":true,"href":"https:\/\/www.memoria.cat\/creus\/wp-json\/wp\/v2\/comments?post=75167"}],"version-history":[{"count":0,"href":"https:\/\/www.memoria.cat\/creus\/wp-json\/wp\/v2\/pages\/75167\/revisions"}],"wp:attachment":[{"href":"https:\/\/www.memoria.cat\/creus\/wp-json\/wp\/v2\/media?parent=75167"}],"curies":[{"name":"wp","href":"https:\/\/api.w.org\/{rel}","templated":true}]}}