{"id":75036,"date":"2024-06-05T09:47:35","date_gmt":"2024-06-05T08:47:35","guid":{"rendered":"https:\/\/www.memoria.cat\/creus\/?page_id=75036"},"modified":"2024-06-14T09:54:50","modified_gmt":"2024-06-14T08:54:50","slug":"22a-carta-de-jaume-creus-a-ventura-gassol-6-5-1942-copia","status":"publish","type":"page","link":"https:\/\/www.memoria.cat\/creus\/22a-carta-de-jaume-creus-a-ventura-gassol-6-5-1942-copia\/","title":{"rendered":"22\u00aa carta de Jaume Creus a Ventura Gassol (6\/5\/1942). (C\u00f2pia)"},"content":{"rendered":"<p>&nbsp;<\/p>\n<p><u>El 6 de Maig de 1942<\/u><\/p>\n<p align=\"right\">En Ventura Gassol<\/p>\n<p align=\"right\">Pension Alice<\/p>\n<p align=\"right\"><u>Saint-Rapha\u00ebl<\/u><\/p>\n<p>Estimat amic:<\/p>\n<p>&nbsp;<\/p>\n<p>Quatre mots per confirmar-te la confer\u00e8ncia que v\u00e0rem tindre, per si hagu\u00e9s algun mal ent\u00e8s.<\/p>\n<p>&nbsp;<\/p>\n<p>El cos\u00ed que desitja el subsidi, es diu:<\/p>\n<p align=\"center\">Josep-Llu\u00eds DALF MARTHY<\/p>\n<p align=\"center\">Groupe 552, T. E. (Bureau)<\/p>\n<p align=\"center\"><u>\u00a0\u00a0\u00a0\u00a0\u00a0\u00a0\u00a0\u00a0\u00a0\u00a0\u00a0 PONTANEVEAUX (Sa\u00f4ne et Loire)<\/u><\/p>\n<p align=\"center\"><u>\u00a0<\/u><\/p>\n<p>\u00c9s home ilustrad\u00edssim, crec que coneix cinc o sis lleng\u00fces. \u00c9s fundador a l\u2019Argentina de v\u00e0ries Entitats Catalanes, Orfe\u00f3 i Assist\u00e8ncia M\u00fatua. Si a m\u00e9s puguessis incloure\u2019l en la llista dels embarcables, faries dos obras bones, una d\u2019humanitat i altre patri\u00f2tica, all\u00e0 aon f\u00f3ra treballaria i a m\u00e9s que ja coneix el car\u00e0cter americ\u00e0 per els molts anys que ha estat all\u00ed.<\/p>\n<p>&nbsp;<\/p>\n<p>Els altres cosins-germans, s\u00f3n els germans:<\/p>\n<p>&nbsp;<\/p>\n<p align=\"center\">Joan MART\u00cd i VENTURA i<\/p>\n<p align=\"center\">Salvador MART\u00cd i VENTURA<\/p>\n<p>&nbsp;<\/p>\n<p>L\u2019adre\u00e7a d\u2019En Joan \u00e9s:<\/p>\n<p align=\"center\">Ancien Destillerie Georges<\/p>\n<p align=\"center\">Petit Route d\u2019Aubagne<\/p>\n<p align=\"center\">(Saint-Menet)<\/p>\n<p align=\"center\"><u>Marseille<\/u><\/p>\n<p>&nbsp;<\/p>\n<p>La d\u2019En Salvador en aquest moment no la s\u00e9, per haver canviat. Fa de pag\u00e8s a Tolouse, per\u00f2 se pot posar l\u2019adre\u00e7a de moment del seu germ\u00e0 Joan.<\/p>\n<p>&nbsp;<\/p>\n<p>Com te deia, en Joan t\u00e9 aqu\u00ed la dona i dos filletes molt petites, una de mesos, i En Salvador \u00e9s solter.<\/p>\n<p>&nbsp;<\/p>\n<p>M\u2019escriu en Pere PASCUAL perqu\u00e8 te parli d\u2019ell. Tamb\u00e9 vol embarcar-se i me diu que amb l\u2019\u00fanic que ell t\u00e9 confian\u00e7a \u00e9s amb tu i en ning\u00fa m\u00e9s. No s\u00e9 si t\u2019ha escrit, per\u00f2 fes per aquest bon amic tot el que bonament puguis, perqu\u00e8 s\u2019ho mereix. Un altre que deixar\u00e0 els ossos per aquest exil. La seva adre\u00e7a \u00e9s:<\/p>\n<p align=\"center\">\u201cVilla Roselyne\u201d<\/p>\n<p align=\"center\">\u00a0\u00a0\u00a0\u00a0\u00a0\u00a0\u00a0\u00a0\u00a0\u00a0\u00a0\u00a0\u00a0\u00a0\u00a0\u00a0\u00a0 Impasse Louis Roumieux<\/p>\n<p align=\"center\">\u00a0\u00a0\u00a0\u00a0\u00a0\u00a0\u00a0\u00a0\u00a0\u00a0 Montpeller (Herault)<\/p>\n<p>Per el teu govern te dir\u00e9 que fa dos dies que per ordre de les autoritats d\u2019ocupaci\u00f3, est\u00e0 prohibida la sortida de tot ciutad\u00e0 de naci\u00f3 que ells tinguin ocupat. Avans d\u2019ahir en feren desembarcar 62, que estaven a punt de marxa. Se va possant b\u00e9 tot aix\u00f2.<\/p>\n<p>&nbsp;<\/p>\n<p>He rebut de Par\u00eds, aquest Recordatori de N.D. de Montserrat i me diu En Morera si en vull comprar. Si t\u2019interessant ja ho saps.<\/p>\n<p>&nbsp;<\/p>\n<p>Mana d\u2019aquest que est\u00e0 a les teves ordres i les de Catalunya<\/p>\n<p style=\"text-align: center\"><span class=\"text-petit\"><a href=\"https:\/\/www.memoria.cat\/creus\/poesies-cartes-i-telegrames-de-ventura-gassol-16\/\">Tornar a &#8220;Reproducci\u00f3 de l\u2019epistolari&#8230;&#8221;<\/a><\/span><\/p>\n","protected":false},"excerpt":{"rendered":"<p>&nbsp; El 6 de Maig de 1942 En Ventura Gassol Pension Alice Saint-Rapha\u00ebl Estimat amic: &nbsp; Quatre mots per confirmar-te la confer\u00e8ncia que v\u00e0rem tindre, per si hagu\u00e9s algun mal ent\u00e8s. &nbsp; El cos\u00ed que desitja el subsidi, es diu: Josep-Llu\u00eds DALF MARTHY Groupe 552, T. E. (Bureau) \u00a0\u00a0\u00a0\u00a0\u00a0\u00a0\u00a0\u00a0\u00a0\u00a0\u00a0 PONTANEVEAUX (Sa\u00f4ne et Loire) \u00a0 \u00c9s [&hellip;]<\/p>\n","protected":false},"author":66,"featured_media":0,"parent":0,"menu_order":0,"comment_status":"closed","ping_status":"closed","template":"","meta":{"iawp_total_views":0,"footnotes":""},"class_list":["post-75036","page","type-page","status-publish","hentry"],"_links":{"self":[{"href":"https:\/\/www.memoria.cat\/creus\/wp-json\/wp\/v2\/pages\/75036","targetHints":{"allow":["GET"]}}],"collection":[{"href":"https:\/\/www.memoria.cat\/creus\/wp-json\/wp\/v2\/pages"}],"about":[{"href":"https:\/\/www.memoria.cat\/creus\/wp-json\/wp\/v2\/types\/page"}],"author":[{"embeddable":true,"href":"https:\/\/www.memoria.cat\/creus\/wp-json\/wp\/v2\/users\/66"}],"replies":[{"embeddable":true,"href":"https:\/\/www.memoria.cat\/creus\/wp-json\/wp\/v2\/comments?post=75036"}],"version-history":[{"count":0,"href":"https:\/\/www.memoria.cat\/creus\/wp-json\/wp\/v2\/pages\/75036\/revisions"}],"wp:attachment":[{"href":"https:\/\/www.memoria.cat\/creus\/wp-json\/wp\/v2\/media?parent=75036"}],"curies":[{"name":"wp","href":"https:\/\/api.w.org\/{rel}","templated":true}]}}