{"id":74522,"date":"2024-05-14T10:50:54","date_gmt":"2024-05-14T09:50:54","guid":{"rendered":"https:\/\/www.memoria.cat\/creus\/?page_id=74522"},"modified":"2024-09-06T11:30:35","modified_gmt":"2024-09-06T10:30:35","slug":"5a-carta-denric-perez-farras-a-jaume-creus","status":"publish","type":"page","link":"https:\/\/www.memoria.cat\/creus\/5a-carta-denric-perez-farras-a-jaume-creus\/","title":{"rendered":"5a Carta d&#8217;Enric P\u00e9rez Farr\u00e0s a Jaume Creus"},"content":{"rendered":"<p>Castillo de San Juli\u00e1n \u2013 Cartagena \u2013 27-8-35<\/p>\n<p>Sr Don Jaime Creus<\/p>\n<p>Querido amigo Jaime: V., que es un buen amigo, sabr\u00e1 disculparme si m\u00e1s de una vez queda sin contestaci\u00f3n alguna de sus cartas. Tengo a mi favor un motivo m\u00e1s que justificado, pues son m\u00e1s, muchos m\u00e1s de los que puede V. imaginarse los buenos amigos que me escriben y materialmente se me hace imposible sostener una normal correspondencia con todos, yo creo que no lo hago m\u00e1s que con mis familiares, y si me aprietan mucho, casi dir\u00e9 que solo con mi mujer.<\/p>\n<p>Mi vida en esta penitenciar\u00eda, poco m\u00e1s o menos como siempre, en lo que s\u00ed noto (mejorando en n\u00ba y en calidad) diferencia es en las visitas, pues desde que trajeron el penal de Cartagena a Gassol, Barrera, Mestres y Mart\u00ed Esteve, rara es la persona que viene a verlos, que no se sacrifique, recorriendo una pendiente de 5 km de camino para subir i estrechar la mano de Farr\u00e1s. Procuro decirle lo que agradezco estas pruebas de afecto y simpat\u00eda.<\/p>\n<p>Tanto del Presidente y Consejeros que est\u00e1n en Puerto de Santa Mar\u00eda como de los de aqu\u00ed tengo buenas noticias, todos muy animosos, bien de salud y sobretodo muy optimistas.<\/p>\n<p>De mis compa\u00f1eros de carrera, que est\u00e1n todos en C\u00e1diz, lo mismo que el Gobierno de la Generalidad: si no encantados, por lo menos en muchas mejores condiciones materiales y morales que yo, pues incluso tienen a sus familiares viviendo en C\u00e1diz y como Santa Catalina es un fuerte que est\u00e1 dentro de la poblaci\u00f3n tienen la facilidad de verlos todos los d\u00edas y pasar unas horas en familia, ventaja que para el que est\u00e1 privado de libertad no es peque\u00f1o consuelo.<\/p>\n<p>\u00bfTiene V. por casualidad la direcci\u00f3n de Denc\u00e1s? Si la conoce haga el favor de mand\u00e1rmela, pues pronto har\u00e1 11 meses que estoy encerrado y todav\u00eda no he recibido una palabra de \u00e9l y la verdad no creo que deba ser yo el primero en escribir, puesto que \u00e9l est\u00e1 en libertad y yo preso y desconociendo su residencia. En cuanto me diga su direcci\u00f3n s\u00ed que le voy a escribir, pero sac\u00e1ndome la espina de esta falta de atenci\u00f3n con el que le fue leal hasta el sacrificio.<\/p>\n<p>Cari\u00f1osos saludos a su familia y para V. \u201camb tot afecte i carinyo una forta abra\u00e7ada del vostre bon amic\u201d.<\/p>\n<p class=\"rteindent3\">Enric<\/p>\n<p style=\"text-align: center\"><span class=\"text-petit\"><a href=\"https:\/\/www.memoria.cat\/creus\/correspondencia-amb-enric-perez-farras-10-cartes\/\">Tornar a Correspond\u00e8ncia amb Enric P\u00e9rez Farr\u00e0s (10 cartes)<\/a><\/span><\/p>\n","protected":false},"excerpt":{"rendered":"<p>Castillo de San Juli\u00e1n \u2013 Cartagena \u2013 27-8-35 Sr Don Jaime Creus Querido amigo Jaime: V., que es un buen amigo, sabr\u00e1 disculparme si m\u00e1s de una vez queda sin contestaci\u00f3n alguna de sus cartas. Tengo a mi favor un motivo m\u00e1s que justificado, pues son m\u00e1s, muchos m\u00e1s de los que puede V. imaginarse [&hellip;]<\/p>\n","protected":false},"author":66,"featured_media":0,"parent":0,"menu_order":0,"comment_status":"closed","ping_status":"closed","template":"","meta":{"iawp_total_views":0,"footnotes":""},"class_list":["post-74522","page","type-page","status-publish","hentry"],"_links":{"self":[{"href":"https:\/\/www.memoria.cat\/creus\/wp-json\/wp\/v2\/pages\/74522","targetHints":{"allow":["GET"]}}],"collection":[{"href":"https:\/\/www.memoria.cat\/creus\/wp-json\/wp\/v2\/pages"}],"about":[{"href":"https:\/\/www.memoria.cat\/creus\/wp-json\/wp\/v2\/types\/page"}],"author":[{"embeddable":true,"href":"https:\/\/www.memoria.cat\/creus\/wp-json\/wp\/v2\/users\/66"}],"replies":[{"embeddable":true,"href":"https:\/\/www.memoria.cat\/creus\/wp-json\/wp\/v2\/comments?post=74522"}],"version-history":[{"count":0,"href":"https:\/\/www.memoria.cat\/creus\/wp-json\/wp\/v2\/pages\/74522\/revisions"}],"wp:attachment":[{"href":"https:\/\/www.memoria.cat\/creus\/wp-json\/wp\/v2\/media?parent=74522"}],"curies":[{"name":"wp","href":"https:\/\/api.w.org\/{rel}","templated":true}]}}