{"id":74515,"date":"2024-05-14T10:44:04","date_gmt":"2024-05-14T09:44:04","guid":{"rendered":"https:\/\/www.memoria.cat\/creus\/?page_id=74515"},"modified":"2024-09-06T11:20:02","modified_gmt":"2024-09-06T10:20:02","slug":"4a-carta-denric-perez-farras-a-jaume-creus","status":"publish","type":"page","link":"https:\/\/www.memoria.cat\/creus\/4a-carta-denric-perez-farras-a-jaume-creus\/","title":{"rendered":"4a Carta d&#8217;Enric P\u00e9rez Farr\u00e0s a Jaume Creus"},"content":{"rendered":"<p>&nbsp;<\/p>\n<p>Castillo de San Juli\u00e1n \u2013 Cartagena \u2013 16-5-35<\/p>\n<p>Sr. Don Jaime Creus<\/p>\n<p>Querido amigo Jaume: lo peor que le puede ocurrir a un hombre es ser militar y de Espa\u00f1a, aqu\u00ed el militar no tiene derecho a ser ciudadano. Eso s\u00ed, tiene el deber de dejarse matar, cuando se lo ordenan, sin poder preguntar el porqu\u00e9, sacar las casta\u00f1as del fuego, para que se las coman otros y si vienen mal dadas pagar los vidrios rotos. \u00a1Vaya programita! Y lo peor del caso es, que cuando has dejado de serlo \u201ca forciori\u201d te siguen tratando lo mismo. Hago estos comentarios a tenor de su pregunta sobre prensa, no la tengo porque me la han prohibido, los dem\u00e1s condenados paisanos reciben la que quieren, pero como yo fui militar sigo sufriendo las consecuencias, como si el haberlo sido fuera un estigma, que yo ya voy creyendo que s\u00ed lo es.<\/p>\n<p>Adem\u00e1s con el gobierno que nos disfrutamos se est\u00e1n poniendo las cosas, que la vida se nos har\u00e1 imposible, parece que cada ma\u00f1ana se levantan pensando en una nueva manera de mortificarle a uno y como los de abajo ya sea por disciplina, miedo a la responsabilidad, deseo de hacer m\u00e9ritos, le secundan, los desgraciados que por dignidad hemos ca\u00eddo bajo sus garras las estamos pasando muy negras, hasta el extremo que yo, que me cre\u00ed ser un hombre bueno, el d\u00eda que recobre mi libertad, ser\u00e9 malo, pero malo con ensa\u00f1amiento, premeditaci\u00f3n y alevos\u00eda. Esto lo digo ahora, despu\u00e9s ya veremos.<\/p>\n<p>A los suyos todo mi afecto y para V. un fuerte abrazo de su buen amigo<\/p>\n<p class=\"rteindent3\">Enric<\/p>\n<p style=\"text-align: center\"><span class=\"text-petit\"><a href=\"https:\/\/www.memoria.cat\/creus\/correspondencia-amb-enric-perez-farras-10-cartes\/\">Tornar a Correspond\u00e8ncia amb Enric P\u00e9rez Farr\u00e0s (10 cartes)<\/a><\/span><\/p>\n","protected":false},"excerpt":{"rendered":"<p>&nbsp; Castillo de San Juli\u00e1n \u2013 Cartagena \u2013 16-5-35 Sr. Don Jaime Creus Querido amigo Jaume: lo peor que le puede ocurrir a un hombre es ser militar y de Espa\u00f1a, aqu\u00ed el militar no tiene derecho a ser ciudadano. Eso s\u00ed, tiene el deber de dejarse matar, cuando se lo ordenan, sin poder preguntar [&hellip;]<\/p>\n","protected":false},"author":66,"featured_media":0,"parent":0,"menu_order":0,"comment_status":"closed","ping_status":"closed","template":"","meta":{"iawp_total_views":1,"footnotes":""},"class_list":["post-74515","page","type-page","status-publish","hentry"],"_links":{"self":[{"href":"https:\/\/www.memoria.cat\/creus\/wp-json\/wp\/v2\/pages\/74515","targetHints":{"allow":["GET"]}}],"collection":[{"href":"https:\/\/www.memoria.cat\/creus\/wp-json\/wp\/v2\/pages"}],"about":[{"href":"https:\/\/www.memoria.cat\/creus\/wp-json\/wp\/v2\/types\/page"}],"author":[{"embeddable":true,"href":"https:\/\/www.memoria.cat\/creus\/wp-json\/wp\/v2\/users\/66"}],"replies":[{"embeddable":true,"href":"https:\/\/www.memoria.cat\/creus\/wp-json\/wp\/v2\/comments?post=74515"}],"version-history":[{"count":0,"href":"https:\/\/www.memoria.cat\/creus\/wp-json\/wp\/v2\/pages\/74515\/revisions"}],"wp:attachment":[{"href":"https:\/\/www.memoria.cat\/creus\/wp-json\/wp\/v2\/media?parent=74515"}],"curies":[{"name":"wp","href":"https:\/\/api.w.org\/{rel}","templated":true}]}}