{"id":74478,"date":"2024-05-13T08:45:41","date_gmt":"2024-05-13T07:45:41","guid":{"rendered":"https:\/\/www.memoria.cat\/creus\/?page_id=74478"},"modified":"2024-11-24T10:18:16","modified_gmt":"2024-11-24T09:18:16","slug":"correspondencia-amb-enric-perez-farras-10-cartes","status":"publish","type":"page","link":"https:\/\/www.memoria.cat\/creus\/correspondencia-amb-enric-perez-farras-10-cartes\/","title":{"rendered":"Correspond\u00e8ncia amb Enric P\u00e9rez Farr\u00e0s (10 cartes)"},"content":{"rendered":"<p>En aquest apartat s\u2019inclouen les cartes que s\u2019han recuperat de la correspond\u00e8ncia entre Jaume Creus i Enric P\u00e9rez Farr\u00e0s (Lleida, 1884 \u2013 M\u00e8xic, 1949), el militar que va ser nomenat pel president Maci\u00e0 cap dels Mossos d\u2019Esquadra i que el Sis d\u2019Octubre defens\u00e0 el Palau de la Generalitat davant les tropes del general Batet. P\u00e9rez Farr\u00e0s fou jutjat i condemnat a mort, per\u00f2 el 5 de novembre de 1934 la pena li fou commutada per la de cadena perp\u00e8tua. La condemna la va haver complir al castell militar de Cartagena. Indultat i alliberat despr\u00e9s de les eleccions del 16 de febrer de 1936, recuper\u00e0 el c\u00e0rrec. El 19 de juliol de 1936 contribu\u00ed a sufocar la revolta militar a Barcelona i dirig\u00ed l\u2019atac a l\u2019edifici de Capitania. Durant la guerra an\u00e0 al Front d\u2019Arag\u00f3 com a assessor militar de la columna Durruti, per\u00f2 dimit\u00ed per discrep\u00e0ncies amb el dirigent anarquista. Acabat el conflicte b\u00e8l\u00b7lic, s\u2019exili\u00e0 a M\u00e8xic.<\/p>\n<p>De P\u00e9rez Farr\u00e0s trobem sis missives i un saluda. Les sis cartes van ser escrites durant el presidi al castell de San Juli\u00e1n de Cartagena. De Jaume Creus hi trobem dos escrits de recomanaci\u00f3 (corresponents a 1932) i una carta de l\u2019abril de 1938.<\/p>\n<div id=\"jig1\" class=\"justified-image-grid jig-950552e0080918517c45263d3e3fc733 jig-preset-c2 jig-source-wp-gallery jig-rml-id-87\"><div class=\"jig-clearfix\"><\/div><noscript id=\"jig1-html\" class=\"justified-image-grid-html\" data-lazy-src=\"skiplazyload\" data-src=\"skipunveillazyload\"><ul><li><a href=\"https:\/\/www.memoria.cat\/creus\/wp-content\/uploads\/sites\/159\/2024\/05\/d_img7491.jpg\" title=\"d_img7491\"><img decoding=\"async\" src=\"https:\/\/www.memoria.cat\/creus\/wp-content\/plugins\/justified-image-grid\/timthumb.php?src=https%3A%2F%2Fwww.memoria.cat%2Fcreus%2Fwp-content%2Fuploads%2Fsites%2F159%2F2024%2F05%2Fd_img7491.jpg&amp;h=230&amp;q=90&amp;f=.jpg\" alt=\"d_img7491\" width=\"148\" height=\"230\" \/><\/a><p class=\"jig-HTMLdescription\">d_img7491<\/p><\/li><li><a href=\"https:\/\/www.memoria.cat\/creus\/wp-content\/uploads\/sites\/159\/2024\/05\/d_img7490.jpg\" title=\"d_img7490\"><img fetchpriority=\"high\" decoding=\"async\" src=\"https:\/\/www.memoria.cat\/creus\/wp-content\/plugins\/justified-image-grid\/timthumb.php?src=https%3A%2F%2Fwww.memoria.cat%2Fcreus%2Fwp-content%2Fuploads%2Fsites%2F159%2F2024%2F05%2Fd_img7490.jpg&amp;h=230&amp;q=90&amp;f=.jpg\" alt=\"d_img7490\" width=\"309\" height=\"230\" \/><\/a><p class=\"jig-HTMLdescription\">d_img7490<\/p><\/li><\/ul><\/noscript><\/div>\n<p style=\"text-align: center\">Dues cartes de recomanaci\u00f3 enviades per Jaume Creus a Enric P\u00e9rez Farr\u00e0s (juny i octubre del 1932)<\/p>\n<p>&nbsp;<\/p>\n<div id=\"jig2\" class=\"justified-image-grid jig-12bc9ae24286a8f5d5720a72e484c50e jig-preset-c2 jig-source-wp-gallery jig-rml-id-88\"><div class=\"jig-clearfix\"><\/div><noscript id=\"jig2-html\" class=\"justified-image-grid-html\" data-lazy-src=\"skiplazyload\" data-src=\"skipunveillazyload\"><ul><li><a href=\"https:\/\/www.memoria.cat\/creus\/wp-content\/uploads\/sites\/159\/2024\/05\/d_img7480.jpg\" title=\"d_img7480\"><img decoding=\"async\" src=\"https:\/\/www.memoria.cat\/creus\/wp-content\/plugins\/justified-image-grid\/timthumb.php?src=https%3A%2F%2Fwww.memoria.cat%2Fcreus%2Fwp-content%2Fuploads%2Fsites%2F159%2F2024%2F05%2Fd_img7480.jpg&amp;h=230&amp;q=90&amp;f=.jpg\" alt=\"d_img7480\" width=\"171\" height=\"230\" \/><\/a><p class=\"jig-HTMLdescription\">d_img7480<\/p><\/li><\/ul><\/noscript><\/div>\n<p>15\/6\/1934: saluda del \u201c<em>cap de les Esquadres de Catalunya<\/em>\u201d, Enric P\u00e9rez Farr\u00e0s, a Jaume Creus, amb l\u2019objectiu de recomanar-li una persona.<\/p>\n<p>&nbsp;<\/p>\n<p><strong>Cartes d\u2019Enric P\u00e9rez Farr\u00e0s a Jaume Creus, escrites al castell de San Juli\u00e1n de Cartagena, on est\u00e0 empresonat pels Fets del Sis d\u2019Octubre.<\/strong><\/p>\n<p>&nbsp;<\/p>\n<h5 style=\"text-align: center\">1\u00aa CARTA D\u2019ENRIC P\u00c9REZ FARR\u00c0S A JAUME CREUS (8\/3\/1935)<\/h5>\n<div id=\"jig3\" class=\"justified-image-grid jig-da23bf7c0c16360eaaa746903c4a4805 jig-preset-c2 jig-source-wp-gallery jig-rml-id-89\"><div class=\"jig-clearfix\"><\/div><noscript id=\"jig3-html\" class=\"justified-image-grid-html\" data-lazy-src=\"skiplazyload\" data-src=\"skipunveillazyload\"><ul><li><a href=\"https:\/\/www.memoria.cat\/creus\/wp-content\/uploads\/sites\/159\/2024\/05\/d_img7482.jpg\" title=\"d_img7482\"><img loading=\"lazy\" decoding=\"async\" src=\"https:\/\/www.memoria.cat\/creus\/wp-content\/plugins\/justified-image-grid\/timthumb.php?src=https%3A%2F%2Fwww.memoria.cat%2Fcreus%2Fwp-content%2Fuploads%2Fsites%2F159%2F2024%2F05%2Fd_img7482.jpg&amp;h=230&amp;q=90&amp;f=.jpg\" alt=\"d_img7482\" width=\"313\" height=\"230\" \/><\/a><p class=\"jig-HTMLdescription\">d_img7482<\/p><\/li><li><a href=\"https:\/\/www.memoria.cat\/creus\/wp-content\/uploads\/sites\/159\/2024\/05\/d_img7483.jpg\" title=\"d_img7483\"><img loading=\"lazy\" decoding=\"async\" src=\"https:\/\/www.memoria.cat\/creus\/wp-content\/plugins\/justified-image-grid\/timthumb.php?src=https%3A%2F%2Fwww.memoria.cat%2Fcreus%2Fwp-content%2Fuploads%2Fsites%2F159%2F2024%2F05%2Fd_img7483.jpg&amp;h=230&amp;q=90&amp;f=.jpg\" alt=\"d_img7483\" width=\"332\" height=\"230\" \/><\/a><p class=\"jig-HTMLdescription\">d_img7483<\/p><\/li><\/ul><\/noscript><\/div>\n<p style=\"text-align: center\">P\u00e9rez Farr\u00e0s confessa que est\u00e0 passant un \u201c<em>calvario moral horrible<\/em>\u201d. Li aconsella tamb\u00e9 que no li escrigui les cartes en catal\u00e0: \u201c<em>Para evitar retrasos en la correspondencia, le ruego que siempre que me escriba lo haga en espa\u00f1ol, pues como las cartas las entregamos y recibimos abiertas, todas las que vengan escritas en idioma diferente de aqu\u00e9l, las manda la censura a traducir y en esta operaci\u00f3n se pierden una porci\u00f3n de fechas<\/em>\u201d. Aix\u00f2 tamb\u00e9 explicaria que P\u00e9rez Farr\u00e0s tamb\u00e9 li escriv\u00eds en castell\u00e0. Al final de la carta, el militar comenta: \u201c<em>De todo lo ocurrido es preferible no hablar, pues el comentario que har\u00eda ser\u00eda de tan baja calidad, que yo mismo me averg\u00fcenzo por ellos<\/em>\u201d.<\/p>\n<p style=\"text-align: center\"><span class=\"text-petit\"><a href=\"https:\/\/www.memoria.cat\/creus\/1a-carta-denric-perez-farras-a-jaume-creus-8-3-1935\/\">Vegeu la transcripci\u00f3 \u00edntegra de la carta<\/a><\/span><\/p>\n<p>&nbsp;<\/p>\n<h5 style=\"text-align: center\">2\u00aa CARTA D\u2019ENRIC P\u00c9REZ FARR\u00c0S A JAUME CREUS (19\/3\/1935)<\/h5>\n<div id=\"jig4\" class=\"justified-image-grid jig-b4701db914a734972ca74666e308061b jig-preset-c2 jig-source-wp-gallery jig-rml-id-90\"><div class=\"jig-clearfix\"><\/div><noscript id=\"jig4-html\" class=\"justified-image-grid-html\" data-lazy-src=\"skiplazyload\" data-src=\"skipunveillazyload\"><ul><li><a href=\"https:\/\/www.memoria.cat\/creus\/wp-content\/uploads\/sites\/159\/2024\/05\/d_img7493.jpg\" title=\"d_img7493\"><img loading=\"lazy\" decoding=\"async\" src=\"https:\/\/www.memoria.cat\/creus\/wp-content\/plugins\/justified-image-grid\/timthumb.php?src=https%3A%2F%2Fwww.memoria.cat%2Fcreus%2Fwp-content%2Fuploads%2Fsites%2F159%2F2024%2F05%2Fd_img7493.jpg&amp;h=230&amp;q=90&amp;f=.jpg\" alt=\"d_img7493\" width=\"319\" height=\"230\" \/><\/a><p class=\"jig-HTMLdescription\">d_img7493<\/p><\/li><li><a href=\"https:\/\/www.memoria.cat\/creus\/wp-content\/uploads\/sites\/159\/2024\/05\/d_img7494.jpg\" title=\"d_img7494\"><img loading=\"lazy\" decoding=\"async\" src=\"https:\/\/www.memoria.cat\/creus\/wp-content\/plugins\/justified-image-grid\/timthumb.php?src=https%3A%2F%2Fwww.memoria.cat%2Fcreus%2Fwp-content%2Fuploads%2Fsites%2F159%2F2024%2F05%2Fd_img7494.jpg&amp;h=230&amp;q=90&amp;f=.jpg\" alt=\"d_img7494\" width=\"321\" height=\"230\" \/><\/a><p class=\"jig-HTMLdescription\">d_img7494<\/p><\/li><\/ul><\/noscript><\/div>\n<p style=\"text-align: center\">El militar lleidat\u00e0 es continua lamentant de la seva situaci\u00f3, per\u00f2 tamb\u00e9 es mostra esperan\u00e7at: \u201c<em>pasando ratos morales muy amargos, pues me han dejado solo en este castillo y al decir solo, quiero decir sin una persona al lado en quien confiarse y poder hablar sin necesidad de medir las palabras, expansi\u00f3n tan necesaria en quien como yo viene corriendo una odisea de triste memoria. En fin, como entereza y voluntad no me faltan, espero correr el temporal hasta llegar al puerto de la \u2018LIBERTAD\u2019, que no dudo llegar\u00e1 m\u00e1s o menos temprano<\/em>\u201d.<\/p>\n<p style=\"text-align: center\"><span class=\"text-petit\"><a href=\"https:\/\/www.memoria.cat\/creus\/2a-carta-denric-perez-farras-a-jaume-creus\/\">Vegeu la transcripci\u00f3 \u00edntegra de la carta<\/a><\/span><\/p>\n<p>&nbsp;<\/p>\n<h5 style=\"text-align: center\">3\u00aa CARTA D\u2019ENRIC P\u00c9REZ FARR\u00c0S A JAUME CREUS (16\/4\/1935)<\/h5>\n<p style=\"text-align: left\"><div id=\"jig5\" class=\"justified-image-grid jig-ff83c95d21d665e4587751c02f15d72f jig-preset-c2 jig-source-wp-gallery jig-rml-id-91\"><div class=\"jig-clearfix\"><\/div><noscript id=\"jig5-html\" class=\"justified-image-grid-html\" data-lazy-src=\"skiplazyload\" data-src=\"skipunveillazyload\"><ul><li><a href=\"https:\/\/www.memoria.cat\/creus\/wp-content\/uploads\/sites\/159\/2024\/05\/d_img7492.jpg\" title=\"d_img7492\"><img loading=\"lazy\" decoding=\"async\" src=\"https:\/\/www.memoria.cat\/creus\/wp-content\/plugins\/justified-image-grid\/timthumb.php?src=https%3A%2F%2Fwww.memoria.cat%2Fcreus%2Fwp-content%2Fuploads%2Fsites%2F159%2F2024%2F05%2Fd_img7492.jpg&amp;h=230&amp;q=90&amp;f=.jpg\" alt=\"d_img7492\" width=\"317\" height=\"230\" \/><\/a><p class=\"jig-HTMLdescription\">d_img7492<\/p><\/li><\/ul><\/noscript><\/div><\/p>\n<p style=\"text-align: center\">P\u00e9rez Farr\u00e0s es refereix al quart aniversari de la Rep\u00fablica, que s\u2019acaba de celebrar. Lamenta com el r\u00e8gim s\u2019ha anat prostituint ara que governen les dretes i clama per una nova Rep\u00fablica: \u201c<em>ni\u00a0 este \u00faltimo 14 de Abril ni todos los que vengan, no podremos darle los que sentimos la verdadera libertad m\u00e1s importancia que el recuerdo de una fecha hist\u00f3rica en la que se proclam\u00f3 algo que llamamos Rep\u00fablica, pero que ya muri\u00f3. En lo que s\u00ed hay que trabajar sin descanso es en que llegue otra, que cada aniversario se celebre con alegr\u00eda, por haber adelantado algo m\u00e1s en el sentido de conseguir aproximarnos a las verdaderas reivindicaciones humanas de que tan faltos estamos; no celebrar aniversarios de algo que cada d\u00eda se prostituye m\u00e1s<\/em>\u201d.<\/p>\n<p style=\"text-align: center\"><span class=\"text-petit\"><a href=\"https:\/\/www.memoria.cat\/creus\/3a-carta-denric-perez-farras-a-jaume-creus\/\">Vegeu la transcripci\u00f3 \u00edntegra de la carta<\/a><\/span><\/p>\n<p>&nbsp;<\/p>\n<h5 style=\"text-align: center\">4\u00aa CARTA D\u2019ENRIC P\u00c9REZ FARR\u00c0S A JAUME CREUS (16\/5\/1935)<\/h5>\n<div id=\"jig6\" class=\"justified-image-grid jig-e4012afa17a2011d44a178160907a599 jig-preset-c2 jig-source-wp-gallery jig-rml-id-92\"><div class=\"jig-clearfix\"><\/div><noscript id=\"jig6-html\" class=\"justified-image-grid-html\" data-lazy-src=\"skiplazyload\" data-src=\"skipunveillazyload\"><ul><li><a href=\"https:\/\/www.memoria.cat\/creus\/wp-content\/uploads\/sites\/159\/2024\/05\/d_img7495.jpg\" title=\"d_img7495\"><img loading=\"lazy\" decoding=\"async\" src=\"https:\/\/www.memoria.cat\/creus\/wp-content\/plugins\/justified-image-grid\/timthumb.php?src=https%3A%2F%2Fwww.memoria.cat%2Fcreus%2Fwp-content%2Fuploads%2Fsites%2F159%2F2024%2F05%2Fd_img7495.jpg&amp;h=230&amp;q=90&amp;f=.jpg\" alt=\"d_img7495\" width=\"318\" height=\"230\" \/><\/a><p class=\"jig-HTMLdescription\">d_img7495<\/p><\/li><li><a href=\"https:\/\/www.memoria.cat\/creus\/wp-content\/uploads\/sites\/159\/2024\/05\/d_img7496.jpg\" title=\"d_img7496\"><img loading=\"lazy\" decoding=\"async\" src=\"https:\/\/www.memoria.cat\/creus\/wp-content\/plugins\/justified-image-grid\/timthumb.php?src=https%3A%2F%2Fwww.memoria.cat%2Fcreus%2Fwp-content%2Fuploads%2Fsites%2F159%2F2024%2F05%2Fd_img7496.jpg&amp;h=230&amp;q=90&amp;f=.jpg\" alt=\"d_img7496\" width=\"323\" height=\"230\" \/><\/a><p class=\"jig-HTMLdescription\">d_img7496<\/p><\/li><\/ul><\/noscript><\/div>\n<p style=\"text-align: center\">L\u2019autor de la missiva es mostra indignat per la situaci\u00f3 que est\u00e0 vivint pel fet ser un militar empresonat: \u201c<em>lo peor que le puede ocurrir a un hombre es ser militar y de Espa\u00f1a, aqu\u00ed el militar no tiene derecho a ser ciudadano. Eso s\u00ed, tiene el deber de dejarse matar, cuando se lo ordenan, sin poder preguntar el porqu\u00e9, sacar las casta\u00f1as del fuego, para que se las coman otros y si vienen mal dadas pagar los vidrios rotos. \u00a1Vaya programita! Y lo peor del caso es, que cuando has dejado de serlo a fortiori te siguen tratando lo mismo<\/em>\u201d.<\/p>\n<p style=\"text-align: center\">Lamenta que, fins i tot, li hagin prohibit la premsa i acaba criticant durament el govern: \u201c<em>los desgraciados que por dignidad hemos ca\u00eddo bajo sus garras las estamos pasando muy negras, hasta el extremo que yo, que me cre\u00ed ser un hombre bueno, el d\u00eda que recobre mi libertad, ser\u00e9 malo, pero malo con ensa\u00f1amiento, premeditaci\u00f3n y alevos\u00eda. Esto lo digo ahora, despu\u00e9s ya veremos<\/em>\u201d. Val la pena llegir-ne el text sencer.<\/p>\n<p style=\"text-align: center\"><span class=\"text-petit\"><a href=\"https:\/\/www.memoria.cat\/creus\/4a-carta-denric-perez-farras-a-jaume-creus\/\">Vegeu la transcripci\u00f3 \u00edntegra de la carta<\/a><\/span><\/p>\n<p>&nbsp;<\/p>\n<h5 style=\"text-align: center\">5\u00aa CARTA D\u2019ENRIC P\u00c9REZ FARR\u00c0S A JAUME CREUS (27\/8\/1935)<\/h5>\n<div id=\"jig7\" class=\"justified-image-grid jig-efe616760946e8a374c72443ce2718a1 jig-preset-c2 jig-source-wp-gallery jig-rml-id-93\"><div class=\"jig-clearfix\"><\/div><noscript id=\"jig7-html\" class=\"justified-image-grid-html\" data-lazy-src=\"skiplazyload\" data-src=\"skipunveillazyload\"><ul><li><a href=\"https:\/\/www.memoria.cat\/creus\/wp-content\/uploads\/sites\/159\/2024\/05\/d_img7484.jpg\" title=\"d_img7484\"><img loading=\"lazy\" decoding=\"async\" src=\"https:\/\/www.memoria.cat\/creus\/wp-content\/plugins\/justified-image-grid\/timthumb.php?src=https%3A%2F%2Fwww.memoria.cat%2Fcreus%2Fwp-content%2Fuploads%2Fsites%2F159%2F2024%2F05%2Fd_img7484.jpg&amp;h=230&amp;q=90&amp;f=.jpg\" alt=\"d_img7484\" width=\"177\" height=\"230\" \/><\/a><p class=\"jig-HTMLdescription\">d_img7484<\/p><\/li><li><a href=\"https:\/\/www.memoria.cat\/creus\/wp-content\/uploads\/sites\/159\/2024\/05\/d_img7485.jpg\" title=\"d_img7485\"><img loading=\"lazy\" decoding=\"async\" src=\"https:\/\/www.memoria.cat\/creus\/wp-content\/plugins\/justified-image-grid\/timthumb.php?src=https%3A%2F%2Fwww.memoria.cat%2Fcreus%2Fwp-content%2Fuploads%2Fsites%2F159%2F2024%2F05%2Fd_img7485.jpg&amp;h=230&amp;q=90&amp;f=.jpg\" alt=\"d_img7485\" width=\"362\" height=\"230\" \/><\/a><p class=\"jig-HTMLdescription\">d_img7485<\/p><\/li><li><a href=\"https:\/\/www.memoria.cat\/creus\/wp-content\/uploads\/sites\/159\/2024\/05\/d_img7486.jpg\" title=\"d_img7486\"><img loading=\"lazy\" decoding=\"async\" src=\"https:\/\/www.memoria.cat\/creus\/wp-content\/plugins\/justified-image-grid\/timthumb.php?src=https%3A%2F%2Fwww.memoria.cat%2Fcreus%2Fwp-content%2Fuploads%2Fsites%2F159%2F2024%2F05%2Fd_img7486.jpg&amp;h=230&amp;q=90&amp;f=.jpg\" alt=\"d_img7486\" width=\"182\" height=\"230\" \/><\/a><p class=\"jig-HTMLdescription\">d_img7486<\/p><\/li><\/ul><\/noscript><\/div>\n<p style=\"text-align: center\">P\u00e9rez i Farr\u00e0s afirma que d\u2019en\u00e7\u00e0 que han portat al penal de Cartagena els consellers Ventura Gassol, Mart\u00ed Barrera, Pere Mestres i Mart\u00ed Esteve ell est\u00e0 rebent m\u00e9s visites (el castell on est\u00e0 empresonat nom\u00e9s dista cinc quil\u00f2metres del penal).\u00a0 Assegura que el president Companys i els consellers empresonats, estan \u201c<em>todos muy animosos, bien de salud y sobretodo muy optimistas<\/em>\u201d.\u00a0 Acaba la carta demanant-li l\u2019adre\u00e7a de Josep Denc\u00e0s, conseller de Governaci\u00f3 de la Generalitat, principal instigador del Sis d\u2019Octubre i l\u2019\u00fanic conseller que no fou empresonat per aquests fets:\u00a0 \u201c<em>\u00bfTiene V. por casualidad la direcci\u00f3n de Denc\u00e1s? Si la conoce haga el favor de mand\u00e1rmela, pues pronto har\u00e1 11 meses que estoy encerrado y todav\u00eda no he recibido una palabra de \u00e9l y la verdad no creo que deba ser yo el primero en escribir, puesto que \u00e9l est\u00e1 en libertad y yo preso y desconociendo su residencia. En cuanto me diga su direcci\u00f3n s\u00ed que le voy a escribir, pero sac\u00e1ndome la espina de esta falta de atenci\u00f3n con el que le fue leal hasta el sacrificio<\/em>\u201d.<\/p>\n<p style=\"text-align: center\"><span class=\"text-petit\"><a href=\"https:\/\/www.memoria.cat\/creus\/5a-carta-denric-perez-farras-a-jaume-creus\/\">Vegeu la transcripci\u00f3 \u00edntegra de la carta<\/a><\/span><\/p>\n<p>&nbsp;<\/p>\n<h5 style=\"text-align: center\">6\u00aa CARTA D\u2019ENRIC P\u00c9REZ FARR\u00c0S A JAUME CREUS (9\/1\/1936)<\/h5>\n<div id=\"jig8\" class=\"justified-image-grid jig-90db7747dfefc5e11900e49c95b73824 jig-preset-c2 jig-source-wp-gallery jig-rml-id-94\"><div class=\"jig-clearfix\"><\/div><noscript id=\"jig8-html\" class=\"justified-image-grid-html\" data-lazy-src=\"skiplazyload\" data-src=\"skipunveillazyload\"><ul><li><a href=\"https:\/\/www.memoria.cat\/creus\/wp-content\/uploads\/sites\/159\/2024\/05\/d_img7488.jpg\" title=\"d_img7488\"><img loading=\"lazy\" decoding=\"async\" src=\"https:\/\/www.memoria.cat\/creus\/wp-content\/plugins\/justified-image-grid\/timthumb.php?src=https%3A%2F%2Fwww.memoria.cat%2Fcreus%2Fwp-content%2Fuploads%2Fsites%2F159%2F2024%2F05%2Fd_img7488.jpg&amp;h=230&amp;q=90&amp;f=.jpg\" alt=\"d_img7488\" width=\"312\" height=\"230\" \/><\/a><p class=\"jig-HTMLdescription\">d_img7488<\/p><\/li><li><a href=\"https:\/\/www.memoria.cat\/creus\/wp-content\/uploads\/sites\/159\/2024\/05\/d_img7489.jpg\" title=\"d_img7489\"><img loading=\"lazy\" decoding=\"async\" src=\"https:\/\/www.memoria.cat\/creus\/wp-content\/plugins\/justified-image-grid\/timthumb.php?src=https%3A%2F%2Fwww.memoria.cat%2Fcreus%2Fwp-content%2Fuploads%2Fsites%2F159%2F2024%2F05%2Fd_img7489.jpg&amp;h=230&amp;q=90&amp;f=.jpg\" alt=\"d_img7489\" width=\"322\" height=\"230\" \/><\/a><p class=\"jig-HTMLdescription\">d_img7489<\/p><\/li><\/ul><\/noscript><\/div>\n<p style=\"text-align: center\">Sisena i \u00faltima ep\u00edstola que es conserva de P\u00e9rez Farr\u00e0s enviada a Jaume Creus. En la mateixa l\u00ednia que la carta que Llu\u00eds Companys escrivia a Creus per aquestes\u00a0 mateixes dates, el militar considera que sortir\u00e0 aviat de la pres\u00f3, per\u00f2 fa una profund advertiment de com han de canviar les coses a partir d\u2019aquell moment: \u201c<em>esto me parece que se acaba y que pronto podremos darnos un apretado abrazo fraternal y bailar una sardana simb\u00f3lica, dando entrada en el corro a ciudadanos bien cribados pero con cribas de malla muy tupida y fabricada con la experiencia de todo lo ocurrido. Si as\u00ed se hace, dar\u00e9 por bien empleados todos mis sufrimientos, pero si despu\u00e9s de la lecci\u00f3n se siguen los mismos vicios y corruptelas, entonces s\u00ed que lo mando todo a paseo, me arrincono a un sitio donde nadie me conozca, a llorar por la muerte de un pueblo que por su modo de obrar y pensar tiene los gobernantes que se merece<\/em>\u201d.<\/p>\n<p style=\"text-align: center\"><span class=\"text-petit\"><a href=\"https:\/\/www.memoria.cat\/creus\/6a-carta-denric-perez-farras-a-jaume-creus\/\">Vegeu la transcripci\u00f3 \u00edntegra de la carta<\/a><\/span><\/p>\n<p>&nbsp;<\/p>\n<h5 style=\"text-align: center\">CARTA DE JAUME CREUS A ENRIC P\u00c9REZ FARR\u00c0S (20\/4\/1938)<\/h5>\n<div id=\"jig9\" class=\"justified-image-grid jig-fccdd538b2dca216dd5c1d5a5e3fe134 jig-preset-c2 jig-source-wp-gallery jig-rml-id-95\"><div class=\"jig-clearfix\"><\/div><noscript id=\"jig9-html\" class=\"justified-image-grid-html\" data-lazy-src=\"skiplazyload\" data-src=\"skipunveillazyload\"><ul><li><a href=\"https:\/\/www.memoria.cat\/creus\/wp-content\/uploads\/sites\/159\/2024\/05\/d_img7487.jpg\" title=\"d_img7487\"><img loading=\"lazy\" decoding=\"async\" src=\"https:\/\/www.memoria.cat\/creus\/wp-content\/plugins\/justified-image-grid\/timthumb.php?src=https%3A%2F%2Fwww.memoria.cat%2Fcreus%2Fwp-content%2Fuploads%2Fsites%2F159%2F2024%2F05%2Fd_img7487.jpg&amp;h=230&amp;q=90&amp;f=.jpg\" alt=\"d_img7487\" width=\"210\" height=\"230\" \/><\/a><p class=\"jig-HTMLdescription\">d_img7487<\/p><\/li><\/ul><\/noscript><\/div>\n<p style=\"text-align: center\">Jaume Creus explica a P\u00e9rez Farr\u00e0s que li ha estat requisat -de dins d\u2019un cami\u00f3- g\u00e8nere de la seva f\u00e0brica i li demana que faci el que pugui per recuperar-lo.<\/p>\n<p>&nbsp;<\/p>\n","protected":false},"excerpt":{"rendered":"<p>En aquest apartat s\u2019inclouen les cartes que s\u2019han recuperat de la correspond\u00e8ncia entre Jaume Creus i Enric P\u00e9rez Farr\u00e0s (Lleida, 1884 \u2013 M\u00e8xic, 1949), el militar que va ser nomenat pel president Maci\u00e0 cap dels Mossos d\u2019Esquadra i que el Sis d\u2019Octubre defens\u00e0 el Palau de la Generalitat davant les tropes del general Batet. P\u00e9rez [&hellip;]<\/p>\n","protected":false},"author":66,"featured_media":0,"parent":0,"menu_order":0,"comment_status":"closed","ping_status":"closed","template":"","meta":{"iawp_total_views":5,"footnotes":""},"class_list":["post-74478","page","type-page","status-publish","hentry"],"_links":{"self":[{"href":"https:\/\/www.memoria.cat\/creus\/wp-json\/wp\/v2\/pages\/74478","targetHints":{"allow":["GET"]}}],"collection":[{"href":"https:\/\/www.memoria.cat\/creus\/wp-json\/wp\/v2\/pages"}],"about":[{"href":"https:\/\/www.memoria.cat\/creus\/wp-json\/wp\/v2\/types\/page"}],"author":[{"embeddable":true,"href":"https:\/\/www.memoria.cat\/creus\/wp-json\/wp\/v2\/users\/66"}],"replies":[{"embeddable":true,"href":"https:\/\/www.memoria.cat\/creus\/wp-json\/wp\/v2\/comments?post=74478"}],"version-history":[{"count":0,"href":"https:\/\/www.memoria.cat\/creus\/wp-json\/wp\/v2\/pages\/74478\/revisions"}],"wp:attachment":[{"href":"https:\/\/www.memoria.cat\/creus\/wp-json\/wp\/v2\/media?parent=74478"}],"curies":[{"name":"wp","href":"https:\/\/api.w.org\/{rel}","templated":true}]}}