{"id":74433,"date":"2024-05-09T11:22:18","date_gmt":"2024-05-09T10:22:18","guid":{"rendered":"https:\/\/www.memoria.cat\/creus\/?page_id=74433"},"modified":"2024-09-06T11:21:17","modified_gmt":"2024-09-06T10:21:17","slug":"4a-carta-de-jaume-creus-a-lluis-companys","status":"publish","type":"page","link":"https:\/\/www.memoria.cat\/creus\/4a-carta-de-jaume-creus-a-lluis-companys\/","title":{"rendered":"4a Carta de Jaume Creus a Llu\u00eds Companys"},"content":{"rendered":"<p>&nbsp;<\/p>\n<p>Estimat President i amic: Nom\u00e9s quatre mots per dir-vos, que com sempre estic al vostre costat i a les vostres ordres, encara que estigui un bon xic disgustat, aix\u00f2 no vol dir completament res, un av\u00eds vostre \u00e9s una ordre per aquest [que] vos aprecia<\/p>\n<p>&nbsp;<\/p>\n<p>17\/7\/36<\/p>\n<p>&nbsp;<\/p>\n<p style=\"text-align: center\"><span class=\"text-petit\"><a href=\"https:\/\/www.memoria.cat\/creus\/correspondencia-amb-el-president-lluis-companys-15-cartes\/\">Tornar a Correspond\u00e8ncia amb el president Llu\u00eds Companys (15 cartes)<\/a><\/span><\/p>\n","protected":false},"excerpt":{"rendered":"<p>&nbsp; Estimat President i amic: Nom\u00e9s quatre mots per dir-vos, que com sempre estic al vostre costat i a les vostres ordres, encara que estigui un bon xic disgustat, aix\u00f2 no vol dir completament res, un av\u00eds vostre \u00e9s una ordre per aquest [que] vos aprecia &nbsp; 17\/7\/36 &nbsp; Tornar a Correspond\u00e8ncia amb el president [&hellip;]<\/p>\n","protected":false},"author":66,"featured_media":0,"parent":0,"menu_order":0,"comment_status":"closed","ping_status":"closed","template":"","meta":{"iawp_total_views":0,"footnotes":""},"class_list":["post-74433","page","type-page","status-publish","hentry"],"_links":{"self":[{"href":"https:\/\/www.memoria.cat\/creus\/wp-json\/wp\/v2\/pages\/74433","targetHints":{"allow":["GET"]}}],"collection":[{"href":"https:\/\/www.memoria.cat\/creus\/wp-json\/wp\/v2\/pages"}],"about":[{"href":"https:\/\/www.memoria.cat\/creus\/wp-json\/wp\/v2\/types\/page"}],"author":[{"embeddable":true,"href":"https:\/\/www.memoria.cat\/creus\/wp-json\/wp\/v2\/users\/66"}],"replies":[{"embeddable":true,"href":"https:\/\/www.memoria.cat\/creus\/wp-json\/wp\/v2\/comments?post=74433"}],"version-history":[{"count":0,"href":"https:\/\/www.memoria.cat\/creus\/wp-json\/wp\/v2\/pages\/74433\/revisions"}],"wp:attachment":[{"href":"https:\/\/www.memoria.cat\/creus\/wp-json\/wp\/v2\/media?parent=74433"}],"curies":[{"name":"wp","href":"https:\/\/api.w.org\/{rel}","templated":true}]}}