{"id":74420,"date":"2024-05-09T10:30:01","date_gmt":"2024-05-09T09:30:01","guid":{"rendered":"https:\/\/www.memoria.cat\/creus\/?page_id=74420"},"modified":"2024-09-06T11:33:23","modified_gmt":"2024-09-06T10:33:23","slug":"5a-carta-de-lluis-companys-a-jaume-creus","status":"publish","type":"page","link":"https:\/\/www.memoria.cat\/creus\/5a-carta-de-lluis-companys-a-jaume-creus\/","title":{"rendered":"5a Carta de Llu\u00eds Companys a Jaume Creus"},"content":{"rendered":"<p>&nbsp;<\/p>\n<p>Estimat Creus. Podeu escriure en catal\u00e0. Ara, amb la crisis \u00faltima, aix\u00f2 \u00e9s una altra cosa. Us escric r\u00e0pidament puig amb motiu d\u2019entrada d\u2019any he rebut una correspond\u00e8ncia agobiadora i encara que no la contesto tota, ni molt menys, n\u2019hi ha que no puc desatendre.<\/p>\n<p>Aix\u00f2 est\u00e0 ya a les acaballes. Hem passat fins els \u00faltims dies molts perills ya esva\u00efts. Tot lo que ha anat succeint justifica la nostra actitut. Ara lluiran promte les noves aurores.<\/p>\n<p>Records dels amics d\u2019ac\u00ed. Els meus afectes als altres &#8211; Una abra\u00e7ada<\/p>\n<p>&nbsp;<\/p>\n<p>Llu\u00eds Companys<\/p>\n<p>&nbsp;<\/p>\n<p style=\"text-align: center\"><span class=\"text-petit\"><a href=\"https:\/\/www.memoria.cat\/creus\/correspondencia-amb-el-president-lluis-companys-15-cartes\/\">Tornar a Correspond\u00e8ncia amb el president Llu\u00eds Companys (15 cartes)<\/a><\/span><\/p>\n","protected":false},"excerpt":{"rendered":"<p>&nbsp; Estimat Creus. Podeu escriure en catal\u00e0. Ara, amb la crisis \u00faltima, aix\u00f2 \u00e9s una altra cosa. Us escric r\u00e0pidament puig amb motiu d\u2019entrada d\u2019any he rebut una correspond\u00e8ncia agobiadora i encara que no la contesto tota, ni molt menys, n\u2019hi ha que no puc desatendre. Aix\u00f2 est\u00e0 ya a les acaballes. Hem passat fins [&hellip;]<\/p>\n","protected":false},"author":66,"featured_media":0,"parent":0,"menu_order":0,"comment_status":"closed","ping_status":"closed","template":"","meta":{"iawp_total_views":1,"footnotes":""},"class_list":["post-74420","page","type-page","status-publish","hentry"],"_links":{"self":[{"href":"https:\/\/www.memoria.cat\/creus\/wp-json\/wp\/v2\/pages\/74420","targetHints":{"allow":["GET"]}}],"collection":[{"href":"https:\/\/www.memoria.cat\/creus\/wp-json\/wp\/v2\/pages"}],"about":[{"href":"https:\/\/www.memoria.cat\/creus\/wp-json\/wp\/v2\/types\/page"}],"author":[{"embeddable":true,"href":"https:\/\/www.memoria.cat\/creus\/wp-json\/wp\/v2\/users\/66"}],"replies":[{"embeddable":true,"href":"https:\/\/www.memoria.cat\/creus\/wp-json\/wp\/v2\/comments?post=74420"}],"version-history":[{"count":0,"href":"https:\/\/www.memoria.cat\/creus\/wp-json\/wp\/v2\/pages\/74420\/revisions"}],"wp:attachment":[{"href":"https:\/\/www.memoria.cat\/creus\/wp-json\/wp\/v2\/media?parent=74420"}],"curies":[{"name":"wp","href":"https:\/\/api.w.org\/{rel}","templated":true}]}}