{"id":74388,"date":"2024-05-09T09:37:08","date_gmt":"2024-05-09T08:37:08","guid":{"rendered":"https:\/\/www.memoria.cat\/creus\/?page_id=74388"},"modified":"2024-08-28T10:09:03","modified_gmt":"2024-08-28T09:09:03","slug":"2a-carta-de-lluis-companys-a-jaume-creus","status":"publish","type":"page","link":"https:\/\/www.memoria.cat\/creus\/2a-carta-de-lluis-companys-a-jaume-creus\/","title":{"rendered":"2a Carta de Llu\u00eds Companys a Jaume Creus"},"content":{"rendered":"<p>&nbsp;<\/p>\n<p>(Rebuda 5\/ abril 1935)<\/p>\n<p>&nbsp;<\/p>\n<p>Sr. Don Jaume Creus = Estimat amic:<\/p>\n<p>He rebut la vostra carta, amic Creus, amb la fulla que acompanya. No val la pena lo que diu. Adem\u00e9s, lo interessant \u00e9s que cada un consulti o pugui consultar cara a cara amb la seva consci\u00e8ncia. Res m\u00e9s.<\/p>\n<p>Ac\u00ed b\u00e9. Estem en dies de crisis. Veurem com se resoldr\u00e0. De moment tenim la sensaci\u00f3 de que la CEDA pasa un tr\u00e0ngol poc ventatj\u00f3s per a ella. No pot per\u00f2, aven\u00e7arse res.<\/p>\n<p>El nostre judici crec que se veur\u00e0 \u00e0 primers de Maig. L\u2019espero amb impaci\u00e8ncia. No per la sent\u00e8ncia, que no importa, sin\u00f3 per qu\u00e8 vehijin [sic] com se comporta un catal\u00e0.<\/p>\n<p>Molts afectes amic Creus, i una forta abra\u00e7ada.<\/p>\n<p>&nbsp;<\/p>\n<p>Llu\u00eds Companys<\/p>\n<p style=\"text-align: center\"><span class=\"text-petit\"><a href=\"https:\/\/www.memoria.cat\/creus\/correspondencia-amb-el-president-lluis-companys-15-cartes\/\">Tornar a Correspond\u00e8ncia amb el president Llu\u00eds Companys (15 cartes)<\/a><\/span><\/p>\n","protected":false},"excerpt":{"rendered":"<p>&nbsp; (Rebuda 5\/ abril 1935) &nbsp; Sr. Don Jaume Creus = Estimat amic: He rebut la vostra carta, amic Creus, amb la fulla que acompanya. No val la pena lo que diu. Adem\u00e9s, lo interessant \u00e9s que cada un consulti o pugui consultar cara a cara amb la seva consci\u00e8ncia. Res m\u00e9s. Ac\u00ed b\u00e9. Estem [&hellip;]<\/p>\n","protected":false},"author":66,"featured_media":0,"parent":0,"menu_order":0,"comment_status":"closed","ping_status":"closed","template":"","meta":{"iawp_total_views":1,"footnotes":""},"class_list":["post-74388","page","type-page","status-publish","hentry"],"_links":{"self":[{"href":"https:\/\/www.memoria.cat\/creus\/wp-json\/wp\/v2\/pages\/74388","targetHints":{"allow":["GET"]}}],"collection":[{"href":"https:\/\/www.memoria.cat\/creus\/wp-json\/wp\/v2\/pages"}],"about":[{"href":"https:\/\/www.memoria.cat\/creus\/wp-json\/wp\/v2\/types\/page"}],"author":[{"embeddable":true,"href":"https:\/\/www.memoria.cat\/creus\/wp-json\/wp\/v2\/users\/66"}],"replies":[{"embeddable":true,"href":"https:\/\/www.memoria.cat\/creus\/wp-json\/wp\/v2\/comments?post=74388"}],"version-history":[{"count":0,"href":"https:\/\/www.memoria.cat\/creus\/wp-json\/wp\/v2\/pages\/74388\/revisions"}],"wp:attachment":[{"href":"https:\/\/www.memoria.cat\/creus\/wp-json\/wp\/v2\/media?parent=74388"}],"curies":[{"name":"wp","href":"https:\/\/api.w.org\/{rel}","templated":true}]}}