{"id":74015,"date":"2024-03-15T11:19:28","date_gmt":"2024-03-15T10:19:28","guid":{"rendered":"https:\/\/www.memoria.cat\/creus\/?page_id=74015"},"modified":"2024-09-23T11:10:37","modified_gmt":"2024-09-23T10:10:37","slug":"frases-mes-destacades-de-la-correspondencia-entre-jaume-creus-i-enric-perez-farras","status":"publish","type":"page","link":"https:\/\/www.memoria.cat\/creus\/frases-mes-destacades-de-la-correspondencia-entre-jaume-creus-i-enric-perez-farras\/","title":{"rendered":"Frases m\u00e9s destacades de la correspond\u00e8ncia entre Jaume Creus i Enric P\u00e9rez Farr\u00e0s"},"content":{"rendered":"<h3>Carta d&#8217;Enric P\u00e9rez Farr\u00e0s a Jaume Creus<\/h3>\n<p>\u00abNo quiero detallarte nuestra odisea, que ha sido y es horrible. B\u00e1state saber que pas\u00e9 la frontera a mediados de Febrero, cuando los fascistas entraban en Porbou [sic]. Que a todos los m\u00edos los met\u00ed en un cami\u00f3n con otros refugiados y en pleno bombardeo y abandon\u00e1ndolo todo salieron de Gerona el 21 de Enero, y despu\u00e9s de pasar unos d\u00edas en [il\u00b7legible], adonde los llevaron, pudieron llegar a Toulouse&#8230;\u00bb<\/p>\n<p>\u00abQuerido Jaime: estoy acobardado. \u00bfMotivos? Pues sencillamente porque tengo bajo mi protecci\u00f3n desde mi nieto de 30 meses hasta mi suegra de 78 a\u00f1os, que con mis dos hermanas, consuegra, mujer, hija y yerno, hacemos un total de nueve personas que no tienen ni camisa que ponerse, de dinero ni hablar y que tanto a mi yerno como a m\u00ed no hay manera de conseguir documentarnos, pues ni un mal \u201cs\u00e9jour\u201d nos han querido dar y, como comprender\u00e1s, en estas condiciones no hay quien quiera darnos trabajo, a pesar de ofrecernos para todo.\u00bb<\/p>\n<p>\u00abComo una gracia especial, la Generalidad se interes\u00f3 para que el S.E.R.E. me concediese un subsidio y \u00e9ste acord\u00f3 darme 1.500 fr mensuales para las nueve personas que constan en la ficha que les mand\u00e9; y como no podemos hacer milagros, con ellos compramos pan, patatas y alguna lata de sardinas, lo que nos permite no morirnos de hambre. Mucho me temo que lo que no consiguieron los bombardeos lo haga el fr\u00edo de Toulouse, pues estamos sin un abrigo. Y en este sentido he escrito una vez m\u00e1s a Companys para ver si les cojo en un momento sentimental, y acord\u00e1ndose del Farr\u00e1s del 6 de Octubre [de 1934] y del 19 de Julio [de 1936], entre todos los prohombres que viven en Par\u00eds me mandan cuatro francos que me permitan sortear esta tormenta que me amenaza. No quer\u00eda contarte penas y no hago otra cosa. Perd\u00f3n.\u00bb<\/p>\n<p>\u00abP.S. De todos los que me preguntas no s\u00e9 nada, pero seguramente est\u00e1n todos bien situados. Los malos tragos y los dolores son para los que, como yo, lo dimos siempre todo sin pedir nunca nada. Si alguna vez podemos hablar, te contar\u00e9 cosas de la p\u00e9rdida de nuestra adorada Catalunya que te har\u00e1n llorar l\u00e1grimas de sangre como las derramo yo.\u00bb<\/p>\n<h3><strong>Enric P\u00e9rez Farr\u00e0s, Tolosa, 4 de novembre de 1939<\/strong><\/h3>\n<h5>2a carta de Jaume Creus a Enric P\u00e9rez Farr\u00e0s<\/h5>\n<p>\u00abJo, bon amic Enric, amb els que crec responsables de la nostra desgr\u00e0cia no hi vull ni tractes. Per sort jo tinc parents francesos aqu\u00ed a Marseilla [sic] i visc a casa d\u2019una cosina i per ara no me falta l\u2019estada ni el menjar. No puc desitjar m\u00e9s davant de la desgr\u00e0cia de tants amics nostres&#8230;\u00bb<\/p>\n<p>\u00abSi Companys sapigu\u00e9s un xic la seva obligaci\u00f3, no tindries que \u00e9sser tu qui tindries que escriure, tindria que \u00e9sser ell, qui tindria que enviarte el necessari per viure, i no tens ni que donar gr\u00e0cies, puix \u00e9s una obligaci\u00f3 que tenen&#8230;\u00bb<\/p>\n<p>\u00abAmb l\u2019\u00fanic pol\u00edtic que jo estic en contacte \u00e9s amb \u00e9s amb en Casanovas. No el conceptuo amb els responsables de la nostra desfeta. Fa una pol\u00edtica que m\u2019agrada. Est\u00e0 ben conceptuat per els governs Angl\u00e8s i Franc\u00e8s, per no haver tingut tractes amb els comunistes, ni en t\u00e9 avui amb els comunitzats [sic], com en tenen els altres, [cosa] que fa que el Gobern franc\u00e8s els miri amb desconfian\u00e7a, puix s\u2019ha informat i te asseguro, amic, que est\u00e0 ben informat de tots els fets i miracles de cada hu [sic], molt millor que nosaltres mateixos, i al pensar que aquesta gent se creuen tornar a gobernar, ni ha [sic] per desesperarce [sic], per\u00f2 no en sortriran; si no, ja veurem.\u00bb<\/p>\n<p>\u00abCOROMINES, Pere: Acabo de rebre carta amb data 2 [del] corrent, en la que me diuen la seg\u00fcent: \u00abV\u00edctima de una operaci\u00f3 quir\u00fargica portada a efecte amb massa pressa, va morir ahir a la una de la matinada. Les seves despulles han estat vetllades en el local del Casal Catal\u00e0, on hi ha desfilat una veritable gernaci\u00f3; \u00e9s reconfortant que ni una sola de les entitats catalanes ha mancat a la exterioritzaci\u00f3 del dol, fins hi tot [sic] aquelles que mai s\u2019havien a manifestacions que, com aquesta, pren, un caire totalment patri\u00f2tic. Les corones i palmes de flors rodeijen [sic] el f\u00e8retre a dojo i aquesta tarde a les quatre, hora d\u2019enterrament, \u00e9s possible que a Buenos Aires es presenci\u00ef una manifestaci\u00f3 de catalans mai vista. No cal dir que la bandera barrada, la bandera que ala nostra p\u00e0tria \u00e9s proscrita, cobrir\u00e0 les despulles del que fou catal\u00e0 il\u00b7lustre. Ja ho veus, amic, un de menys (e.p.d.)\u00bb<\/p>\n<p>Jaume Creus, Marsella, 6 de desembre de 1939<\/p>\n<p>&nbsp;<\/p>\n<p style=\"text-align: center\"><span class=\"text-petit\"><a href=\"https:\/\/www.memoria.cat\/creus\/correspondencia-amb-enric-perez-farras\/\">Tornar a &#8220;Correspond\u00e8ncia amb Enric P\u00e9rez Farr\u00e0s&#8221;<\/a><\/span><\/p>\n","protected":false},"excerpt":{"rendered":"<p>Carta d&#8217;Enric P\u00e9rez Farr\u00e0s a Jaume Creus \u00abNo quiero detallarte nuestra odisea, que ha sido y es horrible. B\u00e1state saber que pas\u00e9 la frontera a mediados de Febrero, cuando los fascistas entraban en Porbou [sic]. Que a todos los m\u00edos los met\u00ed en un cami\u00f3n con otros refugiados y en pleno bombardeo y abandon\u00e1ndolo todo [&hellip;]<\/p>\n","protected":false},"author":66,"featured_media":0,"parent":0,"menu_order":0,"comment_status":"closed","ping_status":"closed","template":"","meta":{"footnotes":""},"class_list":["post-74015","page","type-page","status-publish","hentry"],"_links":{"self":[{"href":"https:\/\/www.memoria.cat\/creus\/wp-json\/wp\/v2\/pages\/74015","targetHints":{"allow":["GET"]}}],"collection":[{"href":"https:\/\/www.memoria.cat\/creus\/wp-json\/wp\/v2\/pages"}],"about":[{"href":"https:\/\/www.memoria.cat\/creus\/wp-json\/wp\/v2\/types\/page"}],"author":[{"embeddable":true,"href":"https:\/\/www.memoria.cat\/creus\/wp-json\/wp\/v2\/users\/66"}],"replies":[{"embeddable":true,"href":"https:\/\/www.memoria.cat\/creus\/wp-json\/wp\/v2\/comments?post=74015"}],"version-history":[{"count":0,"href":"https:\/\/www.memoria.cat\/creus\/wp-json\/wp\/v2\/pages\/74015\/revisions"}],"wp:attachment":[{"href":"https:\/\/www.memoria.cat\/creus\/wp-json\/wp\/v2\/media?parent=74015"}],"curies":[{"name":"wp","href":"https:\/\/api.w.org\/{rel}","templated":true}]}}