{"id":73931,"date":"2024-03-07T15:47:22","date_gmt":"2024-03-07T14:47:22","guid":{"rendered":"https:\/\/www.memoria.cat\/creus\/?page_id=73931"},"modified":"2024-06-30T09:46:31","modified_gmt":"2024-06-30T08:46:31","slug":"transcripcio-de-la-3a-carta-de-josep-irla-a-jaume-creus-19-3-1944","status":"publish","type":"page","link":"https:\/\/www.memoria.cat\/creus\/transcripcio-de-la-3a-carta-de-josep-irla-a-jaume-creus-19-3-1944\/","title":{"rendered":"Transcripci\u00f3 de la 3a carta de Josep Irla a Jaume Creus (19\/3\/1944)"},"content":{"rendered":"<p>J. YRLA<\/p>\n<p>Cogolin (Var) 19-3-44<\/p>\n<p>&nbsp;<\/p>\n<p>Estimat amic Creus:<\/p>\n<p>Tinc la vostra lletra del 8 cte, quin contingut us agraeixo.<\/p>\n<p>Les coses que passen ac\u00ed, les requisicions personals , el neguit d\u2019evacuaci\u00f3 m\u2019ha fet pensar el[s] motius del vostre trasllat. Crec \u00e9s un acert \u00e7o que heu fet, esteu ben pla\u00e7at.<\/p>\n<p>Nosaltres no podem abandonar, fins que sigui obligat\u00f2ria la sortida; els interessos qu\u2019ens confiaren a son dia, gr\u00e0cies a quin treball hem viscut, ens obligan a restar a\u00e7\u00ed fins a l\u2019\u00faltim moment.<\/p>\n<p>Hem passat cinq anys i encare qu\u2019ens trobem en el moment m\u00e9s delicat i dur, tinc confian\u00e7a que durant aquest any podrem reintegrar-nos a casa nostra.<\/p>\n<p>Prenc bona nota dels vostres oferiments, que us agraeixo en nom de Catalunya.<\/p>\n<p>Saludeu i abra\u00e7eu en nom meu al amic Dr. Mestre Puig.<\/p>\n<p>Us saluda cordialment<\/p>\n<p>Irla<\/p>\n<p style=\"text-align: center\"><span class=\"text-petit\"><a href=\"https:\/\/www.memoria.cat\/creus\/correspondencia-amb-josep-irla-president-de-la-generalitat-a-lexili-1940-1945\/\">Tornar a &#8220;Correspond\u00e8ncia amb Josep Irla&#8221;<\/a><\/span><\/p>\n","protected":false},"excerpt":{"rendered":"<p>J. YRLA Cogolin (Var) 19-3-44 &nbsp; Estimat amic Creus: Tinc la vostra lletra del 8 cte, quin contingut us agraeixo. Les coses que passen ac\u00ed, les requisicions personals , el neguit d\u2019evacuaci\u00f3 m\u2019ha fet pensar el[s] motius del vostre trasllat. Crec \u00e9s un acert \u00e7o que heu fet, esteu ben pla\u00e7at. Nosaltres no podem abandonar, [&hellip;]<\/p>\n","protected":false},"author":66,"featured_media":0,"parent":0,"menu_order":0,"comment_status":"closed","ping_status":"closed","template":"","meta":{"iawp_total_views":0,"footnotes":""},"class_list":["post-73931","page","type-page","status-publish","hentry"],"_links":{"self":[{"href":"https:\/\/www.memoria.cat\/creus\/wp-json\/wp\/v2\/pages\/73931","targetHints":{"allow":["GET"]}}],"collection":[{"href":"https:\/\/www.memoria.cat\/creus\/wp-json\/wp\/v2\/pages"}],"about":[{"href":"https:\/\/www.memoria.cat\/creus\/wp-json\/wp\/v2\/types\/page"}],"author":[{"embeddable":true,"href":"https:\/\/www.memoria.cat\/creus\/wp-json\/wp\/v2\/users\/66"}],"replies":[{"embeddable":true,"href":"https:\/\/www.memoria.cat\/creus\/wp-json\/wp\/v2\/comments?post=73931"}],"version-history":[{"count":0,"href":"https:\/\/www.memoria.cat\/creus\/wp-json\/wp\/v2\/pages\/73931\/revisions"}],"wp:attachment":[{"href":"https:\/\/www.memoria.cat\/creus\/wp-json\/wp\/v2\/media?parent=73931"}],"curies":[{"name":"wp","href":"https:\/\/api.w.org\/{rel}","templated":true}]}}