{"id":73552,"date":"2020-09-23T10:21:45","date_gmt":"2020-09-23T09:21:45","guid":{"rendered":"https:\/\/www.memoria.cat\/nova-conventsantaclara\/?page_id=73552"},"modified":"2020-09-26T08:45:05","modified_gmt":"2020-09-26T07:45:05","slug":"tres-documents-inedits-de-gran-interes-historic","status":"publish","type":"page","link":"https:\/\/www.memoria.cat\/conventsantaclara\/tres-documents-inedits-de-gran-interes-historic\/","title":{"rendered":"Tres documents in\u00e8dits de gran inter\u00e8s hist\u00f2ric"},"content":{"rendered":"<h3><a href=\"https:\/\/www.memoria.cat\/nova-conventsantaclara\/wp-content\/uploads\/sites\/50\/2020\/09\/Cro\u0300nica-del-monestir-de-Santa-Clara.-Vol.-1.pdf\">Cr\u00f2nica del monestir de Santa Clara. Vol. 1<\/a><\/h3>\n<p>&nbsp;<\/p>\n<h3><a href=\"https:\/\/www.memoria.cat\/nova-conventsantaclara\/wp-content\/uploads\/sites\/50\/2020\/09\/dietari_del_convent_de_santa_clara_de_manresa._setmana_tragica.pdf\">Els fets de la Setmana Tr\u00e0gica<\/a><\/h3>\n<p>&nbsp;<\/p>\n<h3><a href=\"https:\/\/www.memoria.cat\/nova-conventsantaclara\/wp-content\/uploads\/sites\/50\/2020\/09\/dietari_del_convent_de_santa_clara_de_manresa_1922-1958.pdf\">Cr\u00f2nica 1922-1958<\/a><\/h3>\n","protected":false},"excerpt":{"rendered":"<p>Cr\u00f2nica del monestir de Santa Clara. Vol. 1 &nbsp; Els fets de la Setmana Tr\u00e0gica &nbsp; Cr\u00f2nica 1922-1958<\/p>\n","protected":false},"author":28,"featured_media":0,"parent":0,"menu_order":0,"comment_status":"closed","ping_status":"closed","template":"","meta":{"iawp_total_views":0,"footnotes":""},"class_list":["post-73552","page","type-page","status-publish","hentry"],"_links":{"self":[{"href":"https:\/\/www.memoria.cat\/conventsantaclara\/wp-json\/wp\/v2\/pages\/73552","targetHints":{"allow":["GET"]}}],"collection":[{"href":"https:\/\/www.memoria.cat\/conventsantaclara\/wp-json\/wp\/v2\/pages"}],"about":[{"href":"https:\/\/www.memoria.cat\/conventsantaclara\/wp-json\/wp\/v2\/types\/page"}],"author":[{"embeddable":true,"href":"https:\/\/www.memoria.cat\/conventsantaclara\/wp-json\/wp\/v2\/users\/28"}],"replies":[{"embeddable":true,"href":"https:\/\/www.memoria.cat\/conventsantaclara\/wp-json\/wp\/v2\/comments?post=73552"}],"version-history":[{"count":0,"href":"https:\/\/www.memoria.cat\/conventsantaclara\/wp-json\/wp\/v2\/pages\/73552\/revisions"}],"wp:attachment":[{"href":"https:\/\/www.memoria.cat\/conventsantaclara\/wp-json\/wp\/v2\/media?parent=73552"}],"curies":[{"name":"wp","href":"https:\/\/api.w.org\/{rel}","templated":true}]}}