{"id":40,"date":"2010-07-12T11:14:19","date_gmt":"2010-07-12T10:14:19","guid":{"rendered":"https:\/\/www.memoria.cat\/companys-nova\/josep-m-batista-i-roca-barcelona-1895-1978\/"},"modified":"2020-09-05T13:15:03","modified_gmt":"2020-09-05T12:15:03","slug":"josep-m-batista-i-roca-barcelona-1895-1978","status":"publish","type":"page","link":"https:\/\/www.memoria.cat\/companys\/josep-m-batista-i-roca-barcelona-1895-1978\/","title":{"rendered":"Josep M. Batista i Roca (Barcelona, 1895-1978)"},"content":{"rendered":"<p><img decoding=\"async\" class=\"size-full wp-image-425 alignleft\" src=\"https:\/\/www.memoria.cat\/companys\/wp-content\/uploads\/sites\/44\/2020\/09\/foto-de-josep-m-batista-i-.img_assist_custom-156x200-1.jpg\" alt=\"\" width=\"156\" height=\"200\" \/>Historiador, antrop\u00f2leg i pol\u00edtic. Fundador dels Minyons de Muntanya, fou un dels introductors de l\u2019escoltisme a Catalunya. Vinculat a grups clandestins de car\u00e0cter paramilitar, amb l\u2019adveniment de la Rep\u00fablica fou un dels impulsors del col\u00b7lectiu Palestra.<\/p>\n<p>Partidari de Companys durant els Fets d\u2019Octubre de 1934, durant la Guerra Civil f\u00e9u gestions davant les autoritats brit\u00e0niques -com a delegat de la Generalitat a Londres- per aconseguir un armistici que a\u00efll\u00e9s Catalunya d\u2019Espanya en cas d\u2019una vict\u00f2ria de Franco que es veia venir.<\/p>\n<p>Exiliat a Anglaterra, fou professor al Trinity College i a Cambridge i promogu\u00e9 l\u2019Anglo-Catalan Society. Fou secretari del Consell Nacional de Catalunya i, posteriorment, el principal impulsor del Consell Nacional Catal\u00e0. Representant del PEN Club Catal\u00e0, defens\u00e0 els drets de Catalunya a la UNESCO.<\/p>\n<p>La seva intervenci\u00f3 fou decisiva per conv\u00e8ncer Carme Ballester que accept\u00e9s presentar una demanda per acollir-se a les indemnitzacions que la RFA institu\u00ed per a les v\u00edctimes del nazisme i els seus familiars. Possiblement, utilitz\u00e0 els seus contactes prop de Willy Brandt per sensibilitzar sobre la situaci\u00f3 de la v\u00eddua del president Companys. Despr\u00e9s de la mort de Franco, el 1976 Josep M. Batista i Roca torn\u00e0 a Catalunya, on moriria dos anys despr\u00e9s.<\/p>\n<div id=\"hzImg\" style=\"border: 1px solid #ffffff; line-height: 0; overflow: hidden; padding: 2px; margin: 0px; position: absolute; z-index: 2147483647; border-radius: 3px; box-shadow: rgba(0, 0, 0, 0.33) 3px 3px 9px 5px; opacity: 1; top: 65px; left: 113px; background-color: #ffffff; display: none;\"><\/div>\n","protected":false},"excerpt":{"rendered":"<p><span class=\"inline inline-left\"><img decoding=\"async\" class=\"image image-img_assist_custom-156x200 \" title=\"Foto-de-Josep-M-Batista-i-\" src=\"https:\/\/www.memoria.cat\/companys\/wp-content\/uploads\/sites\/44\/2010\/07\/foto-de-josep-m-batista-i-.img_assist_custom-156x200.jpg\" alt=\"Foto-de-Josep-M-Batista-i-\" width=\"156\" height=\"200\" align=\"left\" hspace=\"10\" vspace=\"0\"><\/span>Historiador, antrop\u00f2leg i pol\u00edtic. Fundador dels Minyons de Muntanya, fou un dels introductors de l\u2019escoltisme a Catalunya.<\/p>\n","protected":false},"author":1,"featured_media":425,"parent":0,"menu_order":0,"comment_status":"closed","ping_status":"closed","template":"","meta":{"footnotes":""},"class_list":["post-40","page","type-page","status-publish","has-post-thumbnail","hentry"],"_links":{"self":[{"href":"https:\/\/www.memoria.cat\/companys\/wp-json\/wp\/v2\/pages\/40","targetHints":{"allow":["GET"]}}],"collection":[{"href":"https:\/\/www.memoria.cat\/companys\/wp-json\/wp\/v2\/pages"}],"about":[{"href":"https:\/\/www.memoria.cat\/companys\/wp-json\/wp\/v2\/types\/page"}],"author":[{"embeddable":true,"href":"https:\/\/www.memoria.cat\/companys\/wp-json\/wp\/v2\/users\/1"}],"replies":[{"embeddable":true,"href":"https:\/\/www.memoria.cat\/companys\/wp-json\/wp\/v2\/comments?post=40"}],"version-history":[{"count":0,"href":"https:\/\/www.memoria.cat\/companys\/wp-json\/wp\/v2\/pages\/40\/revisions"}],"wp:featuredmedia":[{"embeddable":true,"href":"https:\/\/www.memoria.cat\/companys\/wp-json\/wp\/v2\/media\/425"}],"wp:attachment":[{"href":"https:\/\/www.memoria.cat\/companys\/wp-json\/wp\/v2\/media?parent=40"}],"curies":[{"name":"wp","href":"https:\/\/api.w.org\/{rel}","templated":true}]}}