{"id":218,"date":"2012-05-13T11:25:24","date_gmt":"2012-05-13T09:25:24","guid":{"rendered":"http:\/\/www.lasequia.cat\/centenari-amat-piniella\/?page_id=218"},"modified":"2012-05-13T11:25:24","modified_gmt":"2012-05-13T09:25:24","slug":"la-pau-a-casa","status":"publish","type":"page","link":"https:\/\/www.memoria.cat\/centenari-amat-piniella\/obra\/la-pau-a-casa\/","title":{"rendered":"La pau a casa"},"content":{"rendered":"<p><strong>La pau a casa (1959)<\/strong>. Mantenir la pau, la conviv\u00e8ncia quotidiana, tamb\u00e9 pot convertir-se en una guerra. L&#8217;orgull, els anhels, les febleses, les conviccions de persones normals s\u00f3n el material d&#8217;Amat-Piniella per bastir aquesta novel\u00b7la.<\/p>\n<p>&#8220;<em>(&#8230;)<\/em><br \/>\n<em>&#8211; S\u00f3n unes dames de deb\u00f2, creu-me. Saben sostenir una conversa, virtut que es va perdent cada dia m\u00e9s&#8230;<\/em><br \/>\n<em>El fill la deixava dir, encara que no compart\u00eds la simpatia materna envers les senyores Cirera. Sabia per refer\u00e8ncia d&#8217;altri -i juraria que de la mateixa mare, que ara les exal\u00e7ava- que eren un parell de xafarderes (&#8230;)<\/em>&#8220;.<\/p>\n","protected":false},"excerpt":{"rendered":"<p>La pau a casa (1959). Mantenir la pau, la conviv\u00e8ncia quotidiana, tamb\u00e9 pot convertir-se en una guerra. L&#8217;orgull, els anhels, les febleses, les conviccions de persones normals s\u00f3n el material d&#8217;Amat-Piniella per bastir aquesta novel\u00b7la. &#8220;(&#8230;) &#8211; S\u00f3n unes dames de deb\u00f2, creu-me. Saben sostenir una conversa, virtut que es va perdent cada dia m\u00e9s&#8230; [&hellip;]<\/p>\n","protected":false},"author":1,"featured_media":0,"parent":15,"menu_order":0,"comment_status":"closed","ping_status":"closed","template":"","meta":{"iawp_total_views":4,"footnotes":""},"class_list":["post-218","page","type-page","status-publish","hentry"],"_links":{"self":[{"href":"https:\/\/www.memoria.cat\/centenari-amat-piniella\/wp-json\/wp\/v2\/pages\/218","targetHints":{"allow":["GET"]}}],"collection":[{"href":"https:\/\/www.memoria.cat\/centenari-amat-piniella\/wp-json\/wp\/v2\/pages"}],"about":[{"href":"https:\/\/www.memoria.cat\/centenari-amat-piniella\/wp-json\/wp\/v2\/types\/page"}],"author":[{"embeddable":true,"href":"https:\/\/www.memoria.cat\/centenari-amat-piniella\/wp-json\/wp\/v2\/users\/1"}],"replies":[{"embeddable":true,"href":"https:\/\/www.memoria.cat\/centenari-amat-piniella\/wp-json\/wp\/v2\/comments?post=218"}],"version-history":[{"count":0,"href":"https:\/\/www.memoria.cat\/centenari-amat-piniella\/wp-json\/wp\/v2\/pages\/218\/revisions"}],"up":[{"embeddable":true,"href":"https:\/\/www.memoria.cat\/centenari-amat-piniella\/wp-json\/wp\/v2\/pages\/15"}],"wp:attachment":[{"href":"https:\/\/www.memoria.cat\/centenari-amat-piniella\/wp-json\/wp\/v2\/media?parent=218"}],"curies":[{"name":"wp","href":"https:\/\/api.w.org\/{rel}","templated":true}]}}