{"id":214,"date":"2012-05-13T11:05:36","date_gmt":"2012-05-13T09:05:36","guid":{"rendered":"http:\/\/www.lasequia.cat\/centenari-amat-piniella\/?page_id=214"},"modified":"2012-05-13T11:05:36","modified_gmt":"2012-05-13T09:05:36","slug":"la-ribera-deserta","status":"publish","type":"page","link":"https:\/\/www.memoria.cat\/centenari-amat-piniella\/obra\/la-ribera-deserta\/","title":{"rendered":"La ribera deserta"},"content":{"rendered":"<p><strong>La ribera deserta (1966)<\/strong>.\u00a0 Tres personatges sols i angoixats busquen una sortida a les seves vides marcades per la frustraci\u00f3.<\/p>\n<p>&#8220;<em>(&#8230;) Aquest home ha arribat molt enll\u00e0, ha arribat a la derrota. Pel que sembla, v\u00e8ncer un home implica rebre&#8217;n l&#8217;ofrena d&#8217;all\u00f2 que \u00e9s, d&#8217;all\u00f2 que ha fet abans, d&#8217;all\u00f2 que t\u00e9 (&#8230;)<\/em>&#8220;.<\/p>\n","protected":false},"excerpt":{"rendered":"<p>La ribera deserta (1966).\u00a0 Tres personatges sols i angoixats busquen una sortida a les seves vides marcades per la frustraci\u00f3. &#8220;(&#8230;) Aquest home ha arribat molt enll\u00e0, ha arribat a la derrota. Pel que sembla, v\u00e8ncer un home implica rebre&#8217;n l&#8217;ofrena d&#8217;all\u00f2 que \u00e9s, d&#8217;all\u00f2 que ha fet abans, d&#8217;all\u00f2 que t\u00e9 (&#8230;)&#8220;.<\/p>\n","protected":false},"author":1,"featured_media":0,"parent":15,"menu_order":0,"comment_status":"closed","ping_status":"closed","template":"","meta":{"footnotes":""},"class_list":["post-214","page","type-page","status-publish","hentry"],"_links":{"self":[{"href":"https:\/\/www.memoria.cat\/centenari-amat-piniella\/wp-json\/wp\/v2\/pages\/214","targetHints":{"allow":["GET"]}}],"collection":[{"href":"https:\/\/www.memoria.cat\/centenari-amat-piniella\/wp-json\/wp\/v2\/pages"}],"about":[{"href":"https:\/\/www.memoria.cat\/centenari-amat-piniella\/wp-json\/wp\/v2\/types\/page"}],"author":[{"embeddable":true,"href":"https:\/\/www.memoria.cat\/centenari-amat-piniella\/wp-json\/wp\/v2\/users\/1"}],"replies":[{"embeddable":true,"href":"https:\/\/www.memoria.cat\/centenari-amat-piniella\/wp-json\/wp\/v2\/comments?post=214"}],"version-history":[{"count":0,"href":"https:\/\/www.memoria.cat\/centenari-amat-piniella\/wp-json\/wp\/v2\/pages\/214\/revisions"}],"up":[{"embeddable":true,"href":"https:\/\/www.memoria.cat\/centenari-amat-piniella\/wp-json\/wp\/v2\/pages\/15"}],"wp:attachment":[{"href":"https:\/\/www.memoria.cat\/centenari-amat-piniella\/wp-json\/wp\/v2\/media?parent=214"}],"curies":[{"name":"wp","href":"https:\/\/api.w.org\/{rel}","templated":true}]}}