{"id":210,"date":"2012-05-13T11:00:15","date_gmt":"2012-05-13T09:00:15","guid":{"rendered":"http:\/\/www.lasequia.cat\/centenari-amat-piniella\/?page_id=210"},"modified":"2012-05-13T11:00:15","modified_gmt":"2012-05-13T09:00:15","slug":"el-casino-dels-senyors","status":"publish","type":"page","link":"https:\/\/www.memoria.cat\/centenari-amat-piniella\/obra\/el-casino-dels-senyors\/","title":{"rendered":"El casino dels senyors"},"content":{"rendered":"<p><strong>El casino dels senyors (1956)<\/strong>. El fantasma del conserge del casino on es trobaven els burgesos de la ciutat torna a l&#8217;edifici on va treballar durant tants anys per fer mem\u00f2ria. Els seus records es converteixen en un retaule ir\u00f2nic de les grandeses i mis\u00e8ries de la Manresa que va con\u00e8ixer Amat-Piniella durant la seva joventut.<\/p>\n<p>&#8220;(&#8230;) <em>el que s\u00ed puc assegurar \u00e9s que el fer sedentari arrel\u00e0 molt fort en mi, durant els anys que vaig \u00e9sser l&#8217;Administrador (nom oficial i una mica sumptuari del meu c\u00e0rrec de Conserge) del Casino de la ciutat. No t\u00e9 res de particular, doncs, que a desgrat del llen\u00e7ol amb qu\u00e8 ara em tapo i de la immaterialitat de la meva naturalesa, hagi conservat l&#8217;habitud de seure moltes hores al dia i de no bellugar-me m\u00e9s de l&#8217;indispensable (&#8230;)<\/em>&#8220;.<\/p>\n<p>&#8220;<em>(&#8230;) Fou rebut a la sala on el tuf dels mobles vells i de les cortines empolsinades era guardat herm\u00e8ticament durant setmanes senceres. El senyor i la senyora Guillem sabien revestir les cerim\u00f2nies amb aparences solemnes, excel\u00b7lent cam\u00ed per a fer-les m\u00e9s dif\u00edcils. El discurs del cunyat hauria sortit d&#8217;una tirada, si no hagu\u00e9s estat perqu\u00e8 a mig aire va adonar-se d&#8217;un descuit que l&#8217;avergony\u00ed: havia oblidat de llevar-se el dol de les ungles, abans de sortir de casa, oblit per altra part ben disculpable en un home de la seva professi\u00f3 (&#8230;)<\/em>&#8220;.<\/p>\n","protected":false},"excerpt":{"rendered":"<p>El casino dels senyors (1956). El fantasma del conserge del casino on es trobaven els burgesos de la ciutat torna a l&#8217;edifici on va treballar durant tants anys per fer mem\u00f2ria. Els seus records es converteixen en un retaule ir\u00f2nic de les grandeses i mis\u00e8ries de la Manresa que va con\u00e8ixer Amat-Piniella durant la seva [&hellip;]<\/p>\n","protected":false},"author":1,"featured_media":0,"parent":15,"menu_order":0,"comment_status":"closed","ping_status":"closed","template":"","meta":{"iawp_total_views":6,"footnotes":""},"class_list":["post-210","page","type-page","status-publish","hentry"],"_links":{"self":[{"href":"https:\/\/www.memoria.cat\/centenari-amat-piniella\/wp-json\/wp\/v2\/pages\/210","targetHints":{"allow":["GET"]}}],"collection":[{"href":"https:\/\/www.memoria.cat\/centenari-amat-piniella\/wp-json\/wp\/v2\/pages"}],"about":[{"href":"https:\/\/www.memoria.cat\/centenari-amat-piniella\/wp-json\/wp\/v2\/types\/page"}],"author":[{"embeddable":true,"href":"https:\/\/www.memoria.cat\/centenari-amat-piniella\/wp-json\/wp\/v2\/users\/1"}],"replies":[{"embeddable":true,"href":"https:\/\/www.memoria.cat\/centenari-amat-piniella\/wp-json\/wp\/v2\/comments?post=210"}],"version-history":[{"count":0,"href":"https:\/\/www.memoria.cat\/centenari-amat-piniella\/wp-json\/wp\/v2\/pages\/210\/revisions"}],"up":[{"embeddable":true,"href":"https:\/\/www.memoria.cat\/centenari-amat-piniella\/wp-json\/wp\/v2\/pages\/15"}],"wp:attachment":[{"href":"https:\/\/www.memoria.cat\/centenari-amat-piniella\/wp-json\/wp\/v2\/media?parent=210"}],"curies":[{"name":"wp","href":"https:\/\/api.w.org\/{rel}","templated":true}]}}