{"id":73655,"date":"2015-09-20T19:24:29","date_gmt":"2015-09-20T18:24:29","guid":{"rendered":"https:\/\/www.memoria.cat\/nova-camil-companys\/documents-de-pertinenca-de-camil-companys-al-consell-nacional-de-radiodifusio-1938\/"},"modified":"2020-09-23T17:07:54","modified_gmt":"2020-09-23T16:07:54","slug":"documents-de-pertinenca-de-camil-companys-al-consell-nacional-de-radiodifusio-1938","status":"publish","type":"page","link":"https:\/\/www.memoria.cat\/camil-companys\/documents-de-pertinenca-de-camil-companys-al-consell-nacional-de-radiodifusio-1938\/","title":{"rendered":"Documents de pertinen\u00e7a de Camil Companys al Consell Nacional de Radiodifusi\u00f3 (1938)"},"content":{"rendered":"<div class=\"imatges documents peu requadre\">\n<div id=\"jig1\" class=\"justified-image-grid jig-a9b12480856e1dd9516b50d61b1700a4 jig-preset-c2 jig-source-wp-gallery jig-rml-id-9\"><div class=\"jig-clearfix\"><\/div><noscript id=\"jig1-html\" class=\"justified-image-grid-html\" data-lazy-src=\"skiplazyload\" data-src=\"skipunveillazyload\"><ul><li><a href=\"https:\/\/www.memoria.cat\/camil-companys\/wp-content\/uploads\/sites\/48\/2020\/09\/1938-05-30_dimissio_no_acceptada_del_consell_de_radiodifusio.jpg\"><img decoding=\"async\" src=\"https:\/\/www.memoria.cat\/camil-companys\/wp-content\/uploads\/sites\/48\/2020\/09\/1938-05-30_dimissio_no_acceptada_del_consell_de_radiodifusio.jpg\" alt=\"\" width=\"172\" height=\"230\" \/><\/a><\/li><li><a href=\"https:\/\/www.memoria.cat\/camil-companys\/wp-content\/uploads\/sites\/48\/2020\/09\/legislacio_radiodifusio.jpg\" title=\"legislacio_radiodifusio\"><img decoding=\"async\" src=\"https:\/\/www.memoria.cat\/camil-companys\/wp-content\/uploads\/sites\/48\/2020\/09\/legislacio_radiodifusio.jpg\" alt=\"legislacio_radiodifusio\" width=\"172\" height=\"230\" \/><\/a><p class=\"jig-HTMLdescription\">legislacio_radiodifusio<\/p><\/li><\/ul><\/noscript><\/div>\n<div class=\"peu\">\n<p>Dos documents m\u00e9s que Camil Companys conservava a l\u2019exili: una carta del maig del 1938 del Conseller de Governaci\u00f3 Antoni Maria Sbert pel qual li prega de reconsiderar la seva dimissi\u00f3 del c\u00e0rrec de representant de la Generalitat al Consell Nacional de Radiodifusi\u00f3, i un llistat de decrets i ordres de la Generalitat sobre la Radiodifusi\u00f3 a Catalunya.<\/p>\n<\/div>\n<\/div>\n","protected":false},"excerpt":{"rendered":"<div class=\"imatges documents peu requadre\">\n<ul>\n<li><span class=\"inline inline-none\"><a href=\"\/camil-companys\/1938-05-30-dimissio-no-acceptada-del-consell-de-radiodifusio\"><img decoding=\"async\" src=\"https:\/\/www.memoria.cat\/nova-camil-companys\/wp-content\/uploads\/sites\/48\/2015\/09\/www1.memoria.cat_camil-companys_sites_memoria.cat_.camil-companys_files_images_1938-05-30_dimissio_no_acceptada_del_consell_de_radiodifusio.thumbnail.jpg\" alt=\"\" title=\"\" class=\"image image-thumbnail \" height=\"200\" width=\"150\"><\/a><\/span><\/li>\n<li><span class=\"inline inline-none\"><a href=\"\/camil-companys\/legislacio-radiodifusio\"><img decoding=\"async\" src=\"http:\/\/www1.memoria.cat\/camil-companys\/sites\/memoria.cat.camil-companys\/fi \n<br \/>\n","protected":false},"author":1,"featured_media":73653,"parent":0,"menu_order":0,"comment_status":"closed","ping_status":"closed","template":"","meta":{"iawp_total_views":0,"footnotes":""},"class_list":["post-73655","page","type-page","status-publish","has-post-thumbnail","hentry"],"_links":{"self":[{"href":"https:\/\/www.memoria.cat\/camil-companys\/wp-json\/wp\/v2\/pages\/73655","targetHints":{"allow":["GET"]}}],"collection":[{"href":"https:\/\/www.memoria.cat\/camil-companys\/wp-json\/wp\/v2\/pages"}],"about":[{"href":"https:\/\/www.memoria.cat\/camil-companys\/wp-json\/wp\/v2\/types\/page"}],"author":[{"embeddable":true,"href":"https:\/\/www.memoria.cat\/camil-companys\/wp-json\/wp\/v2\/users\/1"}],"replies":[{"embeddable":true,"href":"https:\/\/www.memoria.cat\/camil-companys\/wp-json\/wp\/v2\/comments?post=73655"}],"version-history":[{"count":0,"href":"https:\/\/www.memoria.cat\/camil-companys\/wp-json\/wp\/v2\/pages\/73655\/revisions"}],"wp:featuredmedia":[{"embeddable":true,"href":"https:\/\/www.memoria.cat\/camil-companys\/wp-json\/wp\/v2\/media\/73653"}],"wp:attachment":[{"href":"https:\/\/www.memoria.cat\/camil-companys\/wp-json\/wp\/v2\/media?parent=73655"}],"curies":[{"name":"wp","href":"https:\/\/api.w.org\/{rel}","templated":true}]}}