{"id":73652,"date":"2015-09-20T19:06:20","date_gmt":"2015-09-20T18:06:20","guid":{"rendered":"https:\/\/www.memoria.cat\/nova-camil-companys\/carta-de-manuel-companys-del-25-de-maig-de-1940\/"},"modified":"2015-09-20T19:06:20","modified_gmt":"2015-09-20T18:06:20","slug":"carta-de-manuel-companys-del-25-de-maig-de-1940","status":"publish","type":"page","link":"https:\/\/www.memoria.cat\/camil-companys\/carta-de-manuel-companys-del-25-de-maig-de-1940\/","title":{"rendered":"Carta de Manuel Companys del 25 de maig de 1940"},"content":{"rendered":"<p>Montpellier, 25 de Maig de 1940<\/p>\n<p>Apreciat germ\u00e0 Camil:<\/p>\n<p>Ahir v\u00e0reig rebrer la teva maleta i avui he rebut ta carta, a la que corresponc. Aix\u00eds que rebi el paquet, ja tindrem cura que no es malmeti.<\/p>\n<p>Parles de retornar a Montpellier, per\u00f2 no dius si tu sol, ho vindreu a instalarvos aqu\u00ed ab en Tauler, com fa dies va dirse entre la col\u00f2nia.<\/p>\n<p>Merc\u00e8s per la tramesa, dons l\u2019Escofet no me l\u2019habia fet la d\u2019aquest mes. Jo, per ma part, tampoc li dir\u00e9 res.<\/p>\n<p>De banys a Palav\u00e0s, enguany no crec pas tinguis temps d\u2019anar-hi.<\/p>\n<p>Quant escriguis a la Pepita, d\u00f3nali mol recorts de part nostra, dons la meva dona tots els dies diu que vol escriureli y (ja sabs que sempre t\u00e9 temps) mai acaba de fer-ho.<\/p>\n<p>He rebut cartes de les germanes; estan b\u00e9, dihuent que l\u2019administrador que varen nombrar per el Pepe, tamb\u00e9 ha pr\u00e9s Montcortes , ahont crec ha tret el metje y ho han arrendat a un falangista. Com que all\u00ed per no haver fet el trasp\u00e0s, encar est\u00e0 en nom del pap\u00e0 (a c. S.), es veu que han fet veurer que tot \u00e9s del Pep. Res, que van detr\u00e0s dels diners, lo mateix que en temps de la FAI.<\/p>\n<p>Records de l\u2019Encarna i nens, ab una forta abrassada de ton germ\u00e0.<\/p>\n<p>Saludos afectuosos al amic TAULER.<\/p>\n","protected":false},"excerpt":{"rendered":"<p>Montpellier, 25 de Maig de 1940<\/p>\n<p>Apreciat germ\u00e0 Camil:<\/p>\n<p>Ahir v\u00e0reig rebrer la teva maleta i avui he rebut ta carta, a la que corresponc. Aix\u00eds que rebi el paquet, ja tindrem cura que no es malmeti.<\/p>\n<p>Parles de retornar a Montpellier, per\u00f2 no dius si tu sol, ho vindreu a instalarvos aqu\u00ed ab en Tauler, com fa dies va dirse entre la col\u00f2nia.<\/p>\n<p>Merc\u00e8s per la tramesa, dons l\u2019Escofet no me l\u2019habia fet la d\u2019aquest mes. Jo, per ma part, tampoc li dir\u00e9 res.<\/p>\n<p>De banys a Palav\u00e0s, enguany no crec pas tinguis temps d\u2019anar-hi.<\/p>\n","protected":false},"author":1,"featured_media":0,"parent":0,"menu_order":0,"comment_status":"closed","ping_status":"closed","template":"","meta":{"iawp_total_views":1,"footnotes":""},"class_list":["post-73652","page","type-page","status-publish","hentry"],"_links":{"self":[{"href":"https:\/\/www.memoria.cat\/camil-companys\/wp-json\/wp\/v2\/pages\/73652","targetHints":{"allow":["GET"]}}],"collection":[{"href":"https:\/\/www.memoria.cat\/camil-companys\/wp-json\/wp\/v2\/pages"}],"about":[{"href":"https:\/\/www.memoria.cat\/camil-companys\/wp-json\/wp\/v2\/types\/page"}],"author":[{"embeddable":true,"href":"https:\/\/www.memoria.cat\/camil-companys\/wp-json\/wp\/v2\/users\/1"}],"replies":[{"embeddable":true,"href":"https:\/\/www.memoria.cat\/camil-companys\/wp-json\/wp\/v2\/comments?post=73652"}],"version-history":[{"count":0,"href":"https:\/\/www.memoria.cat\/camil-companys\/wp-json\/wp\/v2\/pages\/73652\/revisions"}],"wp:attachment":[{"href":"https:\/\/www.memoria.cat\/camil-companys\/wp-json\/wp\/v2\/media?parent=73652"}],"curies":[{"name":"wp","href":"https:\/\/api.w.org\/{rel}","templated":true}]}}