{"id":73651,"date":"2015-09-20T19:01:06","date_gmt":"2015-09-20T18:01:06","guid":{"rendered":"https:\/\/www.memoria.cat\/nova-camil-companys\/carta-de-manuel-companys-del-7-de-febrer-de-1940\/"},"modified":"2015-09-20T19:01:06","modified_gmt":"2015-09-20T18:01:06","slug":"carta-de-manuel-companys-del-7-de-febrer-de-1940","status":"publish","type":"page","link":"https:\/\/www.memoria.cat\/camil-companys\/carta-de-manuel-companys-del-7-de-febrer-de-1940\/","title":{"rendered":"Carta de Manuel Companys del 7 de febrer de 1940"},"content":{"rendered":"<p>Montpellier, 7\/2\/40<\/p>\n<p>Apreciat Camilo:<\/p>\n<p>Fa dies que no he tingut noves teves, encar que indirectament n&#8217;he tingut per en Llad\u00f3 i altres arrivats de Par\u00eds.<br \/>\nLo de la Encarna i nens no s&#8217;acaba de resoldres, sembla que els i costa obtenir el visat consular i els fan passar en raons, sens desenganyar-los. Lo cert es que els dies passen i l&#8217;assumpte no es resolt pas.<\/p>\n<p>Avui han portat el butllet\u00ed que t&#8217;adjunto, i que ja estar\u00e0s enterat de lo que es tracta.<\/p>\n<p>Lo de aquell jove que deia que podrian entregar quelcom a la Pepita, em sembla que no reeixir\u00e0 pas, ara diu que el seu pare est\u00e0 malalt i que per aix\u00f2 no ho han fet, pero a mi em sembla que es un fantasi\u00f3s y que no far\u00e0 res.<\/p>\n<p>Que fas? Escriu y conta com va l&#8217;oficina, si treballeu molt, si ho pagan b\u00e9, etc,etc.<\/p>\n<p>Aqui la vida de sempre, sens fer res, ni possibilitats de poguer fer, dormir molt i passarse hores i hores al caf\u00e9.<\/p>\n<p>Suposo que ab el bon temps (ara aqui fa uns dies explendits) ja et trobar\u00e0s millor a Paris i te trobar\u00e0s aclimatats.<\/p>\n<p>Records al Lluis (no se si es a Paris) a n&#8217;en Tauler, i una forta abrassada de ton germa<\/p>\n<p>Manuel<\/p>\n","protected":false},"excerpt":{"rendered":"<p>Montpellier, 7\/2\/40<\/p>\n<p>Apreciat Camilo:<\/p>\n<p>Fa dies que no he tingut noves teves, encar que indirectament n&#8217;he tingut per en Llad\u00f3 i altres arrivats de Par\u00eds.<br \/>\nLo de la Encarna i nens no s&#8217;acaba de resoldres, sembla que els i costa obtenir el visat consular i els fan passar en raons, sens desenganyar-los. Lo cert es que els dies passen i l&#8217;assumpte no es resolt pas.<\/p>\n<p>Avui han portat el butllet\u00ed que t&#8217;adjunto, i que ja estar\u00e0s enterat de lo que es tracta.<\/p>\n","protected":false},"author":1,"featured_media":0,"parent":0,"menu_order":0,"comment_status":"closed","ping_status":"closed","template":"","meta":{"iawp_total_views":0,"footnotes":""},"class_list":["post-73651","page","type-page","status-publish","hentry"],"_links":{"self":[{"href":"https:\/\/www.memoria.cat\/camil-companys\/wp-json\/wp\/v2\/pages\/73651","targetHints":{"allow":["GET"]}}],"collection":[{"href":"https:\/\/www.memoria.cat\/camil-companys\/wp-json\/wp\/v2\/pages"}],"about":[{"href":"https:\/\/www.memoria.cat\/camil-companys\/wp-json\/wp\/v2\/types\/page"}],"author":[{"embeddable":true,"href":"https:\/\/www.memoria.cat\/camil-companys\/wp-json\/wp\/v2\/users\/1"}],"replies":[{"embeddable":true,"href":"https:\/\/www.memoria.cat\/camil-companys\/wp-json\/wp\/v2\/comments?post=73651"}],"version-history":[{"count":0,"href":"https:\/\/www.memoria.cat\/camil-companys\/wp-json\/wp\/v2\/pages\/73651\/revisions"}],"wp:attachment":[{"href":"https:\/\/www.memoria.cat\/camil-companys\/wp-json\/wp\/v2\/media?parent=73651"}],"curies":[{"name":"wp","href":"https:\/\/api.w.org\/{rel}","templated":true}]}}