{"id":73650,"date":"2015-09-20T18:24:25","date_gmt":"2015-09-20T17:24:25","guid":{"rendered":"https:\/\/www.memoria.cat\/nova-camil-companys\/cartes-del-seu-germa-manuel-companys-de-montpeller-a-paris-febrer-maig-1940\/"},"modified":"2020-10-08T14:45:36","modified_gmt":"2020-10-08T13:45:36","slug":"cartes-del-seu-germa-manuel-companys-de-montpeller-a-paris-febrer-maig-1940","status":"publish","type":"page","link":"https:\/\/www.memoria.cat\/camil-companys\/cartes-del-seu-germa-manuel-companys-de-montpeller-a-paris-febrer-maig-1940\/","title":{"rendered":"Cartes del seu germ\u00e0, Manuel Companys, de Montpeller a Par\u00eds (febrer-maig 1940)"},"content":{"rendered":"<p>Cartes que el seu germ\u00e0 Manuel, amb qui havia compartit la \u201cVilla Herbette\u201d a Montpeller, li envia un cop est\u00e0 instal\u00b7lat a Par\u00eds, treballant a la Layetana Office. S&#8217;hi poden constatar les dificultats per fer arribar res a la seva esposa Pepita a Barcelona, els problemes per trobar feina dels exiliats que &#8220;sols servim per a l&#8217;escriptori i no coneixem l&#8217;idioma&#8221;, i les dificultats per rebre la petita paga que se&#8217;ls atorga. Les cartes reflecteixen la sort de Manuel en poder fer venir la seva esposa Encarna i fills, aix\u00ed com el retrat que aquesta fa de la situaci\u00f3 interior de Catalunya sota el nou r\u00e8gim i del perill per a Camil Companys de tornar a Barcelona. Hi apareix la intenci\u00f3 de constituir un Consell de personalitats de la intel\u00b7lectualitat catalana, amb contingut pol\u00edtic.<\/p>\n<p>En la seva darrera carta, s&#8217;entreveu la propera caiguda de Par\u00eds davant l&#8217;ofensiva alemanya i la intenci\u00f3 de Camil de tornar cap a Montpeller. Dies despr\u00e9s, davant l&#8217;entrada dels tancs alemanys a la capital francesa, Camil haur\u00e0 de fugir cap el sud enmig d&#8217;un \u00e8xode ca\u00f2tic i dram\u00e0tic.<\/p>\n<div class=\"imatges documents peu requadre\">\n<div id=\"jig1\" class=\"justified-image-grid jig-f7fcd21e4b64daf5583b76f96b434e00 jig-preset-c2 jig-source-wp-gallery jig-rml-id-16\"><div class=\"jig-clearfix\"><\/div><noscript id=\"jig1-html\" class=\"justified-image-grid-html\" data-lazy-src=\"skiplazyload\" data-src=\"skipunveillazyload\"><ul><li><a href=\"https:\/\/www.memoria.cat\/camil-companys\/wp-content\/uploads\/sites\/48\/2020\/09\/1940-02-07_carta_de_manuel_companys_1.jpg\"><img decoding=\"async\" src=\"https:\/\/www.memoria.cat\/camil-companys\/wp-content\/uploads\/sites\/48\/2020\/09\/1940-02-07_carta_de_manuel_companys_1.jpg\" alt=\"\" width=\"172\" height=\"230\" \/><\/a><\/li><li><a href=\"https:\/\/www.memoria.cat\/camil-companys\/wp-content\/uploads\/sites\/48\/2020\/09\/1940-02-07_carta_de_manuel_companys_2.jpg\"><img decoding=\"async\" src=\"https:\/\/www.memoria.cat\/camil-companys\/wp-content\/uploads\/sites\/48\/2020\/09\/1940-02-07_carta_de_manuel_companys_2.jpg\" alt=\"\" width=\"172\" height=\"230\" \/><\/a><\/li><\/ul><\/noscript><\/div>\n<div class=\"peu\">\n<p style=\"text-align: center;\"><a href=\"https:\/\/www.memoria.cat\/camil-companys\/carta-de-manuel-companys-del-7-de-febrer-de-1940\/\">Transcripci\u00f3 de la carta<\/a><\/p>\n<\/div>\n<\/div>\n<div class=\"imatges documents requadre\"><\/div>\n<p>&nbsp;<\/p>\n<div id=\"jig2\" class=\"justified-image-grid jig-e83fc98ca41254e4eec9477793cce5ea jig-preset-c2 jig-source-wp-gallery jig-rml-id-17\"><div class=\"jig-clearfix\"><\/div><noscript id=\"jig2-html\" class=\"justified-image-grid-html\" data-lazy-src=\"skiplazyload\" data-src=\"skipunveillazyload\"><ul><li><a href=\"https:\/\/www.memoria.cat\/camil-companys\/wp-content\/uploads\/sites\/48\/2020\/09\/1940-03-28_carta_de_manuel_companys.jpg\"><img decoding=\"async\" src=\"https:\/\/www.memoria.cat\/camil-companys\/wp-content\/uploads\/sites\/48\/2020\/09\/1940-03-28_carta_de_manuel_companys.jpg\" alt=\"\" width=\"172\" height=\"230\" \/><\/a><\/li><\/ul><\/noscript><\/div>\n<p>&nbsp;<\/p>\n<div id=\"jig3\" class=\"justified-image-grid jig-9538e762d1873eafbdb2abe07cd8d42c jig-preset-c2 jig-source-wp-gallery jig-rml-id-18\"><div class=\"jig-clearfix\"><\/div><noscript id=\"jig3-html\" class=\"justified-image-grid-html\" data-lazy-src=\"skiplazyload\" data-src=\"skipunveillazyload\"><ul><li><a href=\"https:\/\/www.memoria.cat\/camil-companys\/wp-content\/uploads\/sites\/48\/2020\/09\/1940-04-25_carta_de_manuel_companys.jpg\"><img loading=\"lazy\" decoding=\"async\" src=\"https:\/\/www.memoria.cat\/camil-companys\/wp-content\/uploads\/sites\/48\/2020\/09\/1940-04-25_carta_de_manuel_companys.jpg\" alt=\"\" width=\"172\" height=\"230\" \/><\/a><\/li><\/ul><\/noscript><\/div>\n<p>&nbsp;<\/p>\n<div id=\"jig4\" class=\"justified-image-grid jig-e0d708db04c255fe56225f933e71eefe jig-preset-c2 jig-source-wp-gallery jig-rml-id-19\"><div class=\"jig-clearfix\"><\/div><noscript id=\"jig4-html\" class=\"justified-image-grid-html\" data-lazy-src=\"skiplazyload\" data-src=\"skipunveillazyload\"><ul><li><a href=\"https:\/\/www.memoria.cat\/camil-companys\/wp-content\/uploads\/sites\/48\/2020\/09\/1940-05-25_carta_de_manuel_companys.jpg\"><img loading=\"lazy\" decoding=\"async\" src=\"https:\/\/www.memoria.cat\/camil-companys\/wp-content\/uploads\/sites\/48\/2020\/09\/1940-05-25_carta_de_manuel_companys.jpg\" alt=\"\" width=\"172\" height=\"230\" \/><\/a><\/li><\/ul><\/noscript><\/div>\n<div class=\"imatges documents peu requadre\">\n<div class=\"peu\">\n<p style=\"text-align: center;\"><a href=\"https:\/\/www.memoria.cat\/camil-companys\/carta-de-manuel-companys-del-25-de-maig-de-1940\/\">Transcripci\u00f3 de la carta<\/a><\/p>\n<\/div>\n<\/div>\n","protected":false},"excerpt":{"rendered":"<p>Cartes que el seu germ\u00e0 Manuel, amb qui havia compartit la \u201cVilla Herbette\u201d a Montpeller, li envia un cop est\u00e0 instal\u00b7lat a Par\u00eds, treballant a la Layetana Office. S&#8217;hi poden constatar les dificultats per fer arribar res a la seva esposa Pepita a Barcelona, els problemes per trobar feina dels exiliats que &#8220;sols servim per a l&#8217;escriptori i no coneixem l&#8217;idioma&#8221;, i les dificultats per rebre la petita paga que se&#8217;ls atorga.<\/p>\n","protected":false},"author":1,"featured_media":73645,"parent":0,"menu_order":0,"comment_status":"closed","ping_status":"closed","template":"","meta":{"iawp_total_views":0,"footnotes":""},"class_list":["post-73650","page","type-page","status-publish","has-post-thumbnail","hentry"],"_links":{"self":[{"href":"https:\/\/www.memoria.cat\/camil-companys\/wp-json\/wp\/v2\/pages\/73650","targetHints":{"allow":["GET"]}}],"collection":[{"href":"https:\/\/www.memoria.cat\/camil-companys\/wp-json\/wp\/v2\/pages"}],"about":[{"href":"https:\/\/www.memoria.cat\/camil-companys\/wp-json\/wp\/v2\/types\/page"}],"author":[{"embeddable":true,"href":"https:\/\/www.memoria.cat\/camil-companys\/wp-json\/wp\/v2\/users\/1"}],"replies":[{"embeddable":true,"href":"https:\/\/www.memoria.cat\/camil-companys\/wp-json\/wp\/v2\/comments?post=73650"}],"version-history":[{"count":0,"href":"https:\/\/www.memoria.cat\/camil-companys\/wp-json\/wp\/v2\/pages\/73650\/revisions"}],"wp:featuredmedia":[{"embeddable":true,"href":"https:\/\/www.memoria.cat\/camil-companys\/wp-json\/wp\/v2\/media\/73645"}],"wp:attachment":[{"href":"https:\/\/www.memoria.cat\/camil-companys\/wp-json\/wp\/v2\/media?parent=73650"}],"curies":[{"name":"wp","href":"https:\/\/api.w.org\/{rel}","templated":true}]}}