{"id":73642,"date":"2015-09-20T17:54:11","date_gmt":"2015-09-20T16:54:11","guid":{"rendered":"https:\/\/www.memoria.cat\/nova-camil-companys\/transcripcio-de-la-carta-denric-palau-de-montpeller-a-paris\/"},"modified":"2015-09-20T17:54:11","modified_gmt":"2015-09-20T16:54:11","slug":"transcripcio-de-la-carta-denric-palau-de-montpeller-a-paris","status":"publish","type":"page","link":"https:\/\/www.memoria.cat\/camil-companys\/transcripcio-de-la-carta-denric-palau-de-montpeller-a-paris\/","title":{"rendered":"Transcripci\u00f3 de la carta d\u2019Enric Palau, de Montpeller a Par\u00eds"},"content":{"rendered":"<p>Enric Palau<br \/>72 rue Petit Saint Jean<br \/>Montpellier (H\u00e9rault)&nbsp;&nbsp;&nbsp;&nbsp;&nbsp;&nbsp;&nbsp;&nbsp;&nbsp;&nbsp;&nbsp;&nbsp;&nbsp;&nbsp;&nbsp;&nbsp;&nbsp;&nbsp;&nbsp;&nbsp;&nbsp;&nbsp;&nbsp;&nbsp;&nbsp;&nbsp;&nbsp;&nbsp;Al 20 gener 1940<\/p>\n<p>M. Camil Companys<br \/>Par\u00eds<\/p>\n<p>Estimat amic:<\/p>\n<p>D\u2019acord amb l\u2019enc\u00e0rrec que a trav\u00e9s del nostre germ\u00e0 heu tingut a b\u00e9 formular-me, a continuaci\u00f3 van les seg\u00fcents adreces de persones que us poden servir per la petici\u00f3 de targe de lector a la \u201cBiblioth\u00e8queNationale\u201d.<\/p>\n<p>En primer terme us dono la de l\u2019escriptor M. Pierre Louis Berthaud, que \u00e9s la que, en aquest aspecte, us pot servir millor, segons jo crec. Es tracte d\u2019un bon amic dels catalans, membre del \u201cCentre d\u2019Aide aux Intellectuels d\u2019Espagne\u201d, i actualment gerent-administrador de la \u201cRevista de Catalunya\u201d. Crec que tamb\u00e9 havia ocupat un c\u00e0rrec a la mateixa Biblioth\u00e8que National.<\/p>\n<p>Domicili<br \/>M. Pierre-Louis Berthaud:<br \/> 11, place de la Porte Champerret (23-5\u00e8 droite),<br \/> Paris 17\u00e8<\/p>\n<p>Tamb\u00e9 el podreu trobar a l\u2019Administraci\u00f3 de la \u201cRevista de Catalunya\u201d, que \u00e9s a <span style=\"text-decoration: underline;\">81, rue de Miromesnil \u2013 Paris 8\u00e8<\/span>, adre\u00e7a que ja deveu con\u00e8ixer de sobres, puix que \u00e9s on hi ha la \u201cFundaci\u00f3 Ramon Llull\u201d.<\/p>\n<p>L\u2019adre\u00e7a de la \u201cFederation Internationale des Journalistes\u201d \u00e9s <span style=\"text-decoration: underline;\">4-6 rue Montpensier (edifici Palais Royal) \u2013 Paris Ier<\/span>, ac\u00ed hi [ha] <span style=\"text-decoration: underline;\">M. Stephen Valot<\/span>, secretari general, o b\u00e9 <span style=\"text-decoration: underline;\">Mme Peladan<\/span>, els quals us podrien fer la recomanaci\u00f3 adient per a <span style=\"text-decoration: underline;\">M. Julien Cain<\/span>, <span style=\"text-decoration: underline;\">administrador de la Biblioth\u00e8que Nationale<\/span>\u201d.<\/p>\n<p>Per altra banda, tamb\u00e9, i a continuaci\u00f3, us dono el nom d\u2019un bon amic meu que us podria, potser, prestar algun servei amb relaci\u00f3 als centres intel\u00b7lectuals i cient\u00edfics d\u2019ac\u00ed a Par\u00eds que en un moment donat us pogu\u00e9s convenir amb refer\u00e8ncia als vostres estudis:<\/p>\n<p><span style=\"text-decoration: underline;\">M. G. Galadis<\/span>, el qual el trobereu, durant les hores del dia, a la <span style=\"text-decoration: underline;\">Libraire Stock<\/span>, <span style=\"text-decoration: underline;\">135, rue Saint-Honor\u00e9<\/span>, Paris Ier Aquesta llibreria est\u00e0 davant mateix de Palais Royal i ben a prop del Museu del Louvre.<\/p>\n<p>Si us conv\u00e9 alguna cosa m\u00e9s, escribiu-me. Amb gust m\u2019esfor\u00e7ar\u00e9 a servir-vos.<\/p>\n<p>Adjunt van unes ratlles de presentaci\u00f3 per a M. Berthaud, per si de cas us convenen, puix que per les seves relacions amb el President i amb l\u2019Sbert \u2013les recomanacions dels quals, no cal dir, poden \u00e9sser m\u00e9s decisives\u2013 potser ja hauran tingut ocasi\u00f3 de con\u00e8ixer. \u00c9s ell el m\u00e9s indicat per l\u2019obtenci\u00f3 de la carta o targe de lectura que us conv\u00e9 posseir.<\/p>\n<p>Amb l\u2019afecte us saluda aquest vostre amic<\/p>\n<p>Enric Palau<\/p>\n","protected":false},"excerpt":{"rendered":"<p>Enric Palau<br \/>72 rue Petit Saint Jean<br \/>Montpellier (H\u00e9rault)&nbsp;&nbsp;&nbsp;&nbsp;&nbsp;&nbsp;&nbsp;&nbsp;&nbsp;&nbsp;&nbsp;&nbsp;&nbsp;&nbsp;&nbsp;&nbsp;&nbsp;&nbsp;&nbsp;&nbsp;&nbsp;&nbsp;&nbsp;&nbsp;&nbsp;&nbsp;&nbsp;&nbsp;Al 20 gener 1940<\/p>\n<p>M. Camil Companys<br \/>Par\u00eds<\/p>\n<p>Estimat amic:<\/p>\n<p>D\u2019acord amb l\u2019enc\u00e0rrec que a trav\u00e9s del nostre germ\u00e0 heu tingut a b\u00e9 formular-me, a continuaci\u00f3 van les seg\u00fcents adreces de persones que us poden servir per la petici\u00f3 de targe de lector a la \u201cBiblioth\u00e8queNationale\u201d.<\/p>\n","protected":false},"author":1,"featured_media":0,"parent":0,"menu_order":0,"comment_status":"closed","ping_status":"closed","template":"","meta":{"iawp_total_views":10,"footnotes":""},"class_list":["post-73642","page","type-page","status-publish","hentry"],"_links":{"self":[{"href":"https:\/\/www.memoria.cat\/camil-companys\/wp-json\/wp\/v2\/pages\/73642","targetHints":{"allow":["GET"]}}],"collection":[{"href":"https:\/\/www.memoria.cat\/camil-companys\/wp-json\/wp\/v2\/pages"}],"about":[{"href":"https:\/\/www.memoria.cat\/camil-companys\/wp-json\/wp\/v2\/types\/page"}],"author":[{"embeddable":true,"href":"https:\/\/www.memoria.cat\/camil-companys\/wp-json\/wp\/v2\/users\/1"}],"replies":[{"embeddable":true,"href":"https:\/\/www.memoria.cat\/camil-companys\/wp-json\/wp\/v2\/comments?post=73642"}],"version-history":[{"count":0,"href":"https:\/\/www.memoria.cat\/camil-companys\/wp-json\/wp\/v2\/pages\/73642\/revisions"}],"wp:attachment":[{"href":"https:\/\/www.memoria.cat\/camil-companys\/wp-json\/wp\/v2\/media?parent=73642"}],"curies":[{"name":"wp","href":"https:\/\/api.w.org\/{rel}","templated":true}]}}