{"id":73641,"date":"2015-09-20T17:48:13","date_gmt":"2015-09-20T16:48:13","guid":{"rendered":"https:\/\/www.memoria.cat\/nova-camil-companys\/carta-denric-palau-de-montpeller-a-paris-20-1-1940\/"},"modified":"2020-10-08T14:26:35","modified_gmt":"2020-10-08T13:26:35","slug":"carta-denric-palau-de-montpeller-a-paris-20-1-1940","status":"publish","type":"page","link":"https:\/\/www.memoria.cat\/camil-companys\/carta-denric-palau-de-montpeller-a-paris-20-1-1940\/","title":{"rendered":"Carta d\u2019Enric Palau, de Montpeller a Par\u00eds (20\/1\/1940)"},"content":{"rendered":"<p>Enric Palau, periodista que es troba a Par\u00eds, respon a Camil Companys facilitant-li contactes per obtenir l&#8217;acc\u00e9s a la Biblioteca Nacional de Fran\u00e7a. El principal contacte, segons Palau, \u00e9s justament Berthaud.<\/p>\n<div class=\"imatges documents peu requadre\">\n<div id=\"jig1\" class=\"justified-image-grid jig-a57b8fc83c94deb23c114a01d7e76bd9 jig-preset-c2 jig-source-wp-gallery jig-rml-id-3\"><div class=\"jig-clearfix\"><\/div><noscript id=\"jig1-html\" class=\"justified-image-grid-html\" data-lazy-src=\"skiplazyload\" data-src=\"skipunveillazyload\"><ul><li><a href=\"https:\/\/www.memoria.cat\/camil-companys\/wp-content\/uploads\/sites\/48\/2020\/09\/1940-01-20_carta_denric_palau_1.jpg\"><img decoding=\"async\" src=\"https:\/\/www.memoria.cat\/camil-companys\/wp-content\/uploads\/sites\/48\/2020\/09\/1940-01-20_carta_denric_palau_1.jpg\" alt=\"\" width=\"172\" height=\"230\" \/><\/a><\/li><li><a href=\"https:\/\/www.memoria.cat\/camil-companys\/wp-content\/uploads\/sites\/48\/2020\/09\/1940-01-20_carta_denric_palau_2.jpg\"><img decoding=\"async\" src=\"https:\/\/www.memoria.cat\/camil-companys\/wp-content\/uploads\/sites\/48\/2020\/09\/1940-01-20_carta_denric_palau_2.jpg\" alt=\"\" width=\"172\" height=\"230\" \/><\/a><\/li><\/ul><\/noscript><\/div>\n<div class=\"peu\">\n<p><a href=\"https:\/\/www.memoria.cat\/camil-companys\/transcripcio-de-la-carta-denric-palau-de-montpeller-a-paris\/\">Transcripci\u00f3 de la carta<\/a><\/p>\n<\/div>\n<\/div>\n","protected":false},"excerpt":{"rendered":"<p>Enric Palau, periodista que es troba a Par\u00eds, respon a Camil Companys facilitant-li contactes per obtenir l&#8217;acc\u00e9s a la Biblioteca Nacional de Fran\u00e7a. El principal contacte, segons Palau, \u00e9s justament Berthaud.<\/p>\n","protected":false},"author":1,"featured_media":73639,"parent":0,"menu_order":0,"comment_status":"closed","ping_status":"closed","template":"","meta":{"iawp_total_views":0,"footnotes":""},"class_list":["post-73641","page","type-page","status-publish","has-post-thumbnail","hentry"],"_links":{"self":[{"href":"https:\/\/www.memoria.cat\/camil-companys\/wp-json\/wp\/v2\/pages\/73641","targetHints":{"allow":["GET"]}}],"collection":[{"href":"https:\/\/www.memoria.cat\/camil-companys\/wp-json\/wp\/v2\/pages"}],"about":[{"href":"https:\/\/www.memoria.cat\/camil-companys\/wp-json\/wp\/v2\/types\/page"}],"author":[{"embeddable":true,"href":"https:\/\/www.memoria.cat\/camil-companys\/wp-json\/wp\/v2\/users\/1"}],"replies":[{"embeddable":true,"href":"https:\/\/www.memoria.cat\/camil-companys\/wp-json\/wp\/v2\/comments?post=73641"}],"version-history":[{"count":0,"href":"https:\/\/www.memoria.cat\/camil-companys\/wp-json\/wp\/v2\/pages\/73641\/revisions"}],"wp:featuredmedia":[{"embeddable":true,"href":"https:\/\/www.memoria.cat\/camil-companys\/wp-json\/wp\/v2\/media\/73639"}],"wp:attachment":[{"href":"https:\/\/www.memoria.cat\/camil-companys\/wp-json\/wp\/v2\/media?parent=73641"}],"curies":[{"name":"wp","href":"https:\/\/api.w.org\/{rel}","templated":true}]}}