{"id":73638,"date":"2015-09-20T17:40:19","date_gmt":"2015-09-20T16:40:19","guid":{"rendered":"https:\/\/www.memoria.cat\/nova-camil-companys\/carta-de-pierre-louis-berthaud-administrador-gerent-de-la-revista-de-catalunya-2-1-1940\/"},"modified":"2020-09-23T16:09:21","modified_gmt":"2020-09-23T15:09:21","slug":"carta-de-pierre-louis-berthaud-administrador-gerent-de-la-revista-de-catalunya-2-1-1940","status":"publish","type":"page","link":"https:\/\/www.memoria.cat\/camil-companys\/carta-de-pierre-louis-berthaud-administrador-gerent-de-la-revista-de-catalunya-2-1-1940\/","title":{"rendered":"Carta de Pierre-Louis Berthaud, administrador-gerent de la \u201cRevista de Catalunya\u201d (2\/1\/1940)"},"content":{"rendered":"<p>Carta de Pierre-Louis Berthaud, catalan\u00f2fil occit\u00e0, administrador-gerent de la \u201cRevista de Catalunya\u201d en el seu exili franc\u00e8s. Berthaud era membre del Centre d&#8217;Aide aux Intellectuels d&#8217;Espagne. En la destinaci\u00f3 de la carta es pot comprovar que Camil ja s&#8217;ha traslladat a Par\u00eds.<\/p>\n<div class=\"imatges documents requadre\">\n<div id=\"jig1\" class=\"justified-image-grid jig-19f91bbfdeae8255ac16f0930fb71387 jig-preset-c2 jig-source-wp-gallery jig-rml-id-4\"><div class=\"jig-clearfix\"><\/div><noscript id=\"jig1-html\" class=\"justified-image-grid-html\" data-lazy-src=\"skiplazyload\" data-src=\"skipunveillazyload\"><ul><li><a href=\"https:\/\/www.memoria.cat\/camil-companys\/wp-content\/uploads\/sites\/48\/2020\/09\/1940-01-02_carta_de_berthaud.jpg\"><img decoding=\"async\" src=\"https:\/\/www.memoria.cat\/camil-companys\/wp-content\/uploads\/sites\/48\/2020\/09\/1940-01-02_carta_de_berthaud.jpg\" alt=\"\" width=\"172\" height=\"230\" \/><\/a><\/li><\/ul><\/noscript><\/div>\n<\/div>\n<p>&nbsp;<\/p>\n","protected":false},"excerpt":{"rendered":"<p>Carta de Pierre-Louis Berthaud, catalan\u00f2fil occit\u00e0, administrador-gerent de la \u201cRevista de Catalunya\u201d en el seu exili franc\u00e8s. Berthaud era membre del Centre d&#8217;Aide aux Intellectuels d&#8217;Espagne. En la destinaci\u00f3 de la carta es pot comprovar que Camil ja s&#8217;ha traslladat a Par\u00eds.<\/p>\n","protected":false},"author":1,"featured_media":73637,"parent":0,"menu_order":0,"comment_status":"closed","ping_status":"closed","template":"","meta":{"iawp_total_views":13,"footnotes":""},"class_list":["post-73638","page","type-page","status-publish","has-post-thumbnail","hentry"],"_links":{"self":[{"href":"https:\/\/www.memoria.cat\/camil-companys\/wp-json\/wp\/v2\/pages\/73638","targetHints":{"allow":["GET"]}}],"collection":[{"href":"https:\/\/www.memoria.cat\/camil-companys\/wp-json\/wp\/v2\/pages"}],"about":[{"href":"https:\/\/www.memoria.cat\/camil-companys\/wp-json\/wp\/v2\/types\/page"}],"author":[{"embeddable":true,"href":"https:\/\/www.memoria.cat\/camil-companys\/wp-json\/wp\/v2\/users\/1"}],"replies":[{"embeddable":true,"href":"https:\/\/www.memoria.cat\/camil-companys\/wp-json\/wp\/v2\/comments?post=73638"}],"version-history":[{"count":0,"href":"https:\/\/www.memoria.cat\/camil-companys\/wp-json\/wp\/v2\/pages\/73638\/revisions"}],"wp:featuredmedia":[{"embeddable":true,"href":"https:\/\/www.memoria.cat\/camil-companys\/wp-json\/wp\/v2\/media\/73637"}],"wp:attachment":[{"href":"https:\/\/www.memoria.cat\/camil-companys\/wp-json\/wp\/v2\/media?parent=73638"}],"curies":[{"name":"wp","href":"https:\/\/api.w.org\/{rel}","templated":true}]}}