{"id":73636,"date":"2015-09-20T17:31:55","date_gmt":"2015-09-20T16:31:55","guid":{"rendered":"https:\/\/www.memoria.cat\/nova-camil-companys\/carta-de-joan-tauler-secretari-del-president-companys-de-paris-a-montpeller-25-11-1939\/"},"modified":"2020-09-23T16:03:25","modified_gmt":"2020-09-23T15:03:25","slug":"carta-de-joan-tauler-secretari-del-president-companys-de-paris-a-montpeller-25-11-1939","status":"publish","type":"page","link":"https:\/\/www.memoria.cat\/camil-companys\/carta-de-joan-tauler-secretari-del-president-companys-de-paris-a-montpeller-25-11-1939\/","title":{"rendered":"Carta de Joan Tauler, secretari del president Companys, de Par\u00eds a Montpeller (25\/11\/1939)"},"content":{"rendered":"<p>El secretari personal del President escriu respecte al trasllat de Camil a Par\u00eds per col\u00b7laborar a la Layetana Office, l&#8217;oficina de la Generalitat. Camil Companys es troba aleshores a la \u201cVilla Herbette\u201d (Montpeller), on viu amb els seus germans. En aquesta ciutat hi ha molts altres exiliats catalans que han aconseguit sortir dels camps gr\u00e0cies a la intermediaci\u00f3 de francesos catalan\u00f2fils amb qui havien teixit relacions culturals. A Montpeller es va constituir la Resid\u00e8ncia d&#8217;Intel\u00b7lectuals Catalans, que depenia inicialment de la Fundaci\u00f3 Ramon Llull.<\/p>\n<div class=\"imatges documents requadre\">\n<div id=\"jig1\" class=\"justified-image-grid jig-b88ebbc1bac9697f0dd35c4bfe089320 jig-preset-c2 jig-source-wp-gallery jig-rml-id-5\"><div class=\"jig-clearfix\"><\/div><noscript id=\"jig1-html\" class=\"justified-image-grid-html\" data-lazy-src=\"skiplazyload\" data-src=\"skipunveillazyload\"><ul><li><a href=\"https:\/\/www.memoria.cat\/camil-companys\/wp-content\/uploads\/sites\/48\/2020\/09\/1939-11-25_carta_de_joan_tauler_secret._president.jpg\"><img decoding=\"async\" src=\"https:\/\/www.memoria.cat\/camil-companys\/wp-content\/uploads\/sites\/48\/2020\/09\/1939-11-25_carta_de_joan_tauler_secret._president.jpg\" alt=\"\" width=\"172\" height=\"230\" \/><\/a><\/li><\/ul><\/noscript><\/div>\n<\/div>\n","protected":false},"excerpt":{"rendered":"<p>El secretari personal del President escriu respecte al trasllat de Camil a Par\u00eds per col\u00b7laborar a la Layetana Office, l&#8217;oficina de la Generalitat. Camil Companys es troba aleshores a la \u201cVilla Herbette\u201d (Montpeller), on viu amb els seus germans. En aquesta ciutat hi ha molts altres exiliats catalans que han aconseguit sortir dels camps gr\u00e0cies a la intermediaci\u00f3 de francesos catalan\u00f2fils amb qui havien teixit relacions culturals. A Montpeller es va constituir la Resid\u00e8ncia d&#8217;Intel\u00b7lectuals Catalans, que depenia inicialment de la Fundaci\u00f3 Ramon Llull.<\/p>\n","protected":false},"author":1,"featured_media":73635,"parent":0,"menu_order":0,"comment_status":"closed","ping_status":"closed","template":"","meta":{"iawp_total_views":0,"footnotes":""},"class_list":["post-73636","page","type-page","status-publish","has-post-thumbnail","hentry"],"_links":{"self":[{"href":"https:\/\/www.memoria.cat\/camil-companys\/wp-json\/wp\/v2\/pages\/73636","targetHints":{"allow":["GET"]}}],"collection":[{"href":"https:\/\/www.memoria.cat\/camil-companys\/wp-json\/wp\/v2\/pages"}],"about":[{"href":"https:\/\/www.memoria.cat\/camil-companys\/wp-json\/wp\/v2\/types\/page"}],"author":[{"embeddable":true,"href":"https:\/\/www.memoria.cat\/camil-companys\/wp-json\/wp\/v2\/users\/1"}],"replies":[{"embeddable":true,"href":"https:\/\/www.memoria.cat\/camil-companys\/wp-json\/wp\/v2\/comments?post=73636"}],"version-history":[{"count":0,"href":"https:\/\/www.memoria.cat\/camil-companys\/wp-json\/wp\/v2\/pages\/73636\/revisions"}],"wp:featuredmedia":[{"embeddable":true,"href":"https:\/\/www.memoria.cat\/camil-companys\/wp-json\/wp\/v2\/media\/73635"}],"wp:attachment":[{"href":"https:\/\/www.memoria.cat\/camil-companys\/wp-json\/wp\/v2\/media?parent=73636"}],"curies":[{"name":"wp","href":"https:\/\/api.w.org\/{rel}","templated":true}]}}