{"id":73633,"date":"2015-09-20T17:01:35","date_gmt":"2015-09-20T16:01:35","guid":{"rendered":"https:\/\/www.memoria.cat\/nova-camil-companys\/carta-de-josefa-pascual-del-23-de-juny-de-1939\/"},"modified":"2015-09-20T17:01:35","modified_gmt":"2015-09-20T16:01:35","slug":"carta-de-josefa-pascual-del-23-de-juny-de-1939","status":"publish","type":"page","link":"https:\/\/www.memoria.cat\/camil-companys\/carta-de-josefa-pascual-del-23-de-juny-de-1939\/","title":{"rendered":"Carta de Josefa Pascual del 23 de juny de 1939"},"content":{"rendered":"<p>Barcelona, a 23 de juny de 1939<\/p>\n<p>Molt enyorat i estimat Camil.<\/p>\n<p>A la amabilitat del teu amic Emille dec el poderte enviar aqueixa carte, le cual suposo et causar\u00e0 gran alegria.<\/p>\n<p>Nosaltres de salut continuem be (G a D) are que ja no puc resistir estar, per mes temps, separade de tu, si per un moment hagu\u00e9s suposat , que la nostra separaci\u00f3 es pogu\u00e9s prolongar indefinidament, no m&#8217;hagu\u00e9s de cap manera, ni per res, separat de tu nano meu, aqueixa situaci\u00f3 nostre no pot durar mes temps, tant tu com jo hem de fer els possibles per reunirnos novament. Jo per la meva part he escrit als tios de Madrid, per veure si ells poguessin fer algo per mi i tant el nen com jo poguessim anar amb tu (ja que es l&#8217;\u00fanica manera de reunirse). No s\u00e9 encare el que em contestaran, encare que no em faig gaires ilusions, estic tan acostumade a sofrir contrarietats, que una cosa que&#8217;m pogues sortir altrament em sobter\u00eda de deb\u00f3. Per altre part si tu poguessis reclamanse, per medi d&#8217;alg\u00fa; jo sobre aix\u00f3 no en s\u00e9 res haurias tu d&#8217;enterarte en be. [&#8230;]<\/p>\n<p>Ja veus que en totes les meves cartes repeteixo mil voltes lo mateix, estar junts, compartir les alegrias les amargors, lo bo i lo dolent, pero junts, sempra junts. El dissapte vaig rebra, la &#8220;Marie Claire&#8221; em date el dia 9 de juny; fa molt temps que no he rebut cap carta teva, l&#8217;\u00fanic de quant en quant alguna revista, pero l&#8217;\u00faltima carta es de la fecha 25 de maig, escriume sovint, almenys que tingui noticies.<\/p>\n<p>El nen com ja veur\u00e0s en el retrat, est\u00e0 molt gran, el diumenja passat varem anar al Can\u00f3drom amb l&#8217;Encarna i els nens i ens varem retratar, espero et plaur\u00e0 veurens en care que sia en &#8220;paper&#8221;.<\/p>\n<p>El despaix va rutllant, en Felips s&#8217;ho pren amb molt d&#8217;inter\u00e9s. Encare no m canviat de pis, doncs el teu amic l&#8217;hi sembla millor, ja que ell ha de canviar de pis per tenirlo inservible, llogarne un de mes gran i posar-hi el despaix. Lo dem\u00e9s jo miraria de guardar-ho a alg\u00fan lloc, ja que fins que marxi (que desitjo sigui ben aviat) podria estar a casa dels meus pares i m&#8217;estalviaria el gasto del pis encare que les despesas i ganancies fossin a mitjas. Si em contestes aviat ja em dir\u00e0s que et sembla tot aix\u00f2. Encare que en les presents circunstancies no es pot triar. M&#8217;agradaria que per el mateix conducte m&#8217;enviessis un retrat teu fet ultimament, vuy veure com est\u00e0s si encare tan &#8220;castigador&#8221;.<\/p>\n<p>La fam\u00edlia tots b\u00e9, l\u00fanic que la yaya la setmana passade va caure davant de case i es va trencar el bras i are ha d&#8217;estar almenys un mes portant el bras en un aparell que sembla un \u00abtrimotor\u00bb. Pobra dona nom\u00e9s l&#8217;hi faltava aix\u00f3.<\/p>\n<p>Les tevas germanes els hi dolt moltissim no haver marxat amb en Pepe. Pero en cuan a salut be.<\/p>\n<p>No et preocupis per les coses, jo ja miro d&#8217;arreglar-ho tot lo millor posible, i espero que si he fet alguna cosa malament no t&#8217;enfadar\u00e0s ja que jo ho he fet tot de la millor manera posible. Mira d&#8217;estar tranquil, pensa for\u00e7a amb nosaltres, amb lo molt que t&#8217;estimem i em les ganes que tenim de veure&#8217;t, de besarte, abra\u00e7arte&#8230;fa tant de temps que m&#8217;haig de contentar en somiar-ho tot aix\u00f3. Mira a veure si es podem reunir aviat i escriu-me&#8230;escriume.<\/p>\n<p>He rebut carte de l&#8217;Alba, la pobra es veu que sofreix per nosaltres.<\/p>\n<p>Molts recorts d&#8217;aquell senyor que viu a Gracia i are no m&#8217;enrecordo del nom, per\u00f2 tu i jo ja en habiam parlat de vegades, est\u00e1s molt be i m&#8217;ha vingut a visitar com a client i amic.<\/p>\n<p>Sensa res mes i esperant abra\u00e7arte ben aviat t&#8217;estima cada dia mes la teva<\/p>\n<p>Pepita<\/p>\n<p>P.D. En una carte que et vaig envar la setmana passade et dia que habia tingut molt bones noticies de Viena. Es molt millor que cuan m&#8217;escriguis per correo em certifiquis les cartes doncs are fa molt de temps que no n&#8217;he rebut cap. Avuy fa sis anys que ens varem casar t&#8217;enrecordes?<\/p>\n<p>ESTIMAT PAPA: TINC MOLTES GANES DE VEURET I VOLDRIA VENIR AVIAT, JA NO MENRECORDO DE TU. SI VINGU\u00c9S QUINA ALEGRIA QUE TINDRIES. T&#8217;ESTIMA MOLT EL TEU NEN RAMON.<\/p>\n","protected":false},"excerpt":{"rendered":"<p>Barcelona, a 23 de juny de 1939<\/p>\n<p>Molt enyorat i estimat Camil.<\/p>\n<p>A la amabilitat del teu amic Emille dec el poderte enviar aqueixa carte, le cual suposo et causar\u00e0 gran alegria.<\/p>\n","protected":false},"author":1,"featured_media":0,"parent":0,"menu_order":0,"comment_status":"closed","ping_status":"closed","template":"","meta":{"iawp_total_views":0,"footnotes":""},"class_list":["post-73633","page","type-page","status-publish","hentry"],"_links":{"self":[{"href":"https:\/\/www.memoria.cat\/camil-companys\/wp-json\/wp\/v2\/pages\/73633","targetHints":{"allow":["GET"]}}],"collection":[{"href":"https:\/\/www.memoria.cat\/camil-companys\/wp-json\/wp\/v2\/pages"}],"about":[{"href":"https:\/\/www.memoria.cat\/camil-companys\/wp-json\/wp\/v2\/types\/page"}],"author":[{"embeddable":true,"href":"https:\/\/www.memoria.cat\/camil-companys\/wp-json\/wp\/v2\/users\/1"}],"replies":[{"embeddable":true,"href":"https:\/\/www.memoria.cat\/camil-companys\/wp-json\/wp\/v2\/comments?post=73633"}],"version-history":[{"count":0,"href":"https:\/\/www.memoria.cat\/camil-companys\/wp-json\/wp\/v2\/pages\/73633\/revisions"}],"wp:attachment":[{"href":"https:\/\/www.memoria.cat\/camil-companys\/wp-json\/wp\/v2\/media?parent=73633"}],"curies":[{"name":"wp","href":"https:\/\/api.w.org\/{rel}","templated":true}]}}