{"id":74259,"date":"2023-12-08T19:05:56","date_gmt":"2023-12-08T18:05:56","guid":{"rendered":"https:\/\/www.memoria.cat\/web-nova-bombardeigs\/?page_id=74259"},"modified":"2025-05-03T16:58:38","modified_gmt":"2025-05-03T15:58:38","slug":"joana-torres-cucurella","status":"publish","type":"page","link":"https:\/\/www.memoria.cat\/bombardeigs\/joana-torres-cucurella\/","title":{"rendered":"Joana Torres Cucurella <span style=\"font-size: 22pt;\">(1926)<\/span>"},"content":{"rendered":"\t\t<div data-elementor-type=\"wp-page\" data-elementor-id=\"74259\" class=\"elementor elementor-74259\" data-elementor-post-type=\"page\">\n\t\t\t\t<div class=\"elementor-element elementor-element-0a743a3 e-flex e-con-boxed e-con e-parent\" data-id=\"0a743a3\" data-element_type=\"container\">\n\t\t\t\t\t<div class=\"e-con-inner\">\n\t\t<div class=\"elementor-element elementor-element-8ed3af4 e-con-full e-flex e-con e-child\" data-id=\"8ed3af4\" data-element_type=\"container\">\n\t\t\t\t<div class=\"elementor-element elementor-element-ad55025 elementor-widget elementor-widget-video\" data-id=\"ad55025\" data-element_type=\"widget\" data-settings=\"{&quot;video_type&quot;:&quot;vimeo&quot;}\" data-widget_type=\"video.default\">\n\t\t\t\t<div class=\"elementor-widget-container\">\n\t\t\t\t\t\t\t<div class=\"elementor-wrapper elementor-open-inline\">\n\t\t\t<iframe class=\"elementor-video-iframe\" allowfullscreen allow=\"clipboard-write\" title=\"Reproductor de v\u00eddeo vimeo\" src=\"https:\/\/player.vimeo.com\/video\/894032207?color&amp;autopause=0&amp;loop=0&amp;muted=0&amp;title=1&amp;portrait=1&amp;byline=1#t=\"><\/iframe>\t\t<\/div>\n\t\t\t\t\t\t<\/div>\n\t\t\t\t<\/div>\n\t\t\t\t<div class=\"elementor-element elementor-element-8f33675 elementor-widget elementor-widget-text-editor\" data-id=\"8f33675\" data-element_type=\"widget\" data-widget_type=\"text-editor.default\">\n\t\t\t\t<div class=\"elementor-widget-container\">\n\t\t\t\t\t\t\t\t\t<p><strong>1) \u201c<\/strong><span lang=\"ca-ES\"><b>Aquella gent va comen\u00e7ar a resar el pare nostre, perqu\u00e8 est\u00e0s tan espantat&#8230; \u201d <\/b><\/span> <\/p><p>Durada del v\u00eddeo: 1\u2032 42\u2033<\/p>\t\t\t\t\t\t\t\t<\/div>\n\t\t\t\t<\/div>\n\t\t\t\t<\/div>\n\t\t<div class=\"elementor-element elementor-element-6c40909 e-con-full e-flex e-con e-child\" data-id=\"6c40909\" data-element_type=\"container\">\n\t\t\t\t<div class=\"elementor-element elementor-element-b387b2a elementor-widget elementor-widget-video\" data-id=\"b387b2a\" data-element_type=\"widget\" data-settings=\"{&quot;video_type&quot;:&quot;vimeo&quot;}\" data-widget_type=\"video.default\">\n\t\t\t\t<div class=\"elementor-widget-container\">\n\t\t\t\t\t\t\t<div class=\"elementor-wrapper elementor-open-inline\">\n\t\t\t<iframe class=\"elementor-video-iframe\" allowfullscreen allow=\"clipboard-write\" title=\"Reproductor de v\u00eddeo vimeo\" src=\"https:\/\/player.vimeo.com\/video\/894032258?color&amp;autopause=0&amp;loop=0&amp;muted=0&amp;title=1&amp;portrait=1&amp;byline=1#t=\"><\/iframe>\t\t<\/div>\n\t\t\t\t\t\t<\/div>\n\t\t\t\t<\/div>\n\t\t\t\t<div class=\"elementor-element elementor-element-70ea175 elementor-widget elementor-widget-text-editor\" data-id=\"70ea175\" data-element_type=\"widget\" data-widget_type=\"text-editor.default\">\n\t\t\t\t<div class=\"elementor-widget-container\">\n\t\t\t\t\t\t\t\t\t<p><span lang=\"ca-ES\"><b>2) El refugi del torrent de Sant Ignasi<\/b><\/span><\/p><p>Durada del v\u00eddeo: 0\u2032 32\u2033<\/p>\t\t\t\t\t\t\t\t<\/div>\n\t\t\t\t<\/div>\n\t\t\t\t<\/div>\n\t\t<div class=\"elementor-element elementor-element-0421bd8 e-con-full e-flex e-con e-child\" data-id=\"0421bd8\" data-element_type=\"container\">\n\t\t\t\t<div class=\"elementor-element elementor-element-cdc8297 elementor-widget elementor-widget-video\" data-id=\"cdc8297\" data-element_type=\"widget\" data-settings=\"{&quot;video_type&quot;:&quot;vimeo&quot;}\" data-widget_type=\"video.default\">\n\t\t\t\t<div class=\"elementor-widget-container\">\n\t\t\t\t\t\t\t<div class=\"elementor-wrapper elementor-open-inline\">\n\t\t\t<iframe class=\"elementor-video-iframe\" allowfullscreen allow=\"clipboard-write\" title=\"Reproductor de v\u00eddeo vimeo\" src=\"https:\/\/player.vimeo.com\/video\/894032281?color&amp;autopause=0&amp;loop=0&amp;muted=0&amp;title=1&amp;portrait=1&amp;byline=1#t=\"><\/iframe>\t\t<\/div>\n\t\t\t\t\t\t<\/div>\n\t\t\t\t<\/div>\n\t\t\t\t<div class=\"elementor-element elementor-element-2f0a7bc elementor-widget elementor-widget-text-editor\" data-id=\"2f0a7bc\" data-element_type=\"widget\" data-widget_type=\"text-editor.default\">\n\t\t\t\t<div class=\"elementor-widget-container\">\n\t\t\t\t\t\t\t\t\t<p><span lang=\"ca-ES\"><b>3) La metralla va produir morts sota l\u2019arcada de Santa Ll\u00facia<\/b><\/span><\/p><p>Durada del v\u00eddeo: 0\u2032 50\u2033<\/p>\t\t\t\t\t\t\t\t<\/div>\n\t\t\t\t<\/div>\n\t\t\t\t<\/div>\n\t\t<div class=\"elementor-element elementor-element-0e9e2bd e-con-full e-flex e-con e-child\" data-id=\"0e9e2bd\" data-element_type=\"container\">\n\t\t\t\t<div class=\"elementor-element elementor-element-90c3316 elementor-widget elementor-widget-video\" data-id=\"90c3316\" data-element_type=\"widget\" data-settings=\"{&quot;video_type&quot;:&quot;vimeo&quot;}\" data-widget_type=\"video.default\">\n\t\t\t\t<div class=\"elementor-widget-container\">\n\t\t\t\t\t\t\t<div class=\"elementor-wrapper elementor-open-inline\">\n\t\t\t<iframe class=\"elementor-video-iframe\" allowfullscreen allow=\"clipboard-write\" title=\"Reproductor de v\u00eddeo vimeo\" src=\"https:\/\/player.vimeo.com\/video\/894032298?color&amp;autopause=0&amp;loop=0&amp;muted=0&amp;title=1&amp;portrait=1&amp;byline=1#t=\"><\/iframe>\t\t<\/div>\n\t\t\t\t\t\t<\/div>\n\t\t\t\t<\/div>\n\t\t\t\t<div class=\"elementor-element elementor-element-9853a60 elementor-widget elementor-widget-text-editor\" data-id=\"9853a60\" data-element_type=\"widget\" data-widget_type=\"text-editor.default\">\n\t\t\t\t<div class=\"elementor-widget-container\">\n\t\t\t\t\t\t\t\t\t<p><span lang=\"ca-ES\"><b>4) Refugiats a la bas\u00edlica de la Seu<\/b><\/span><\/p><p>Durada del v\u00eddeo: 0\u2032 15\u2033<\/p>\t\t\t\t\t\t\t\t<\/div>\n\t\t\t\t<\/div>\n\t\t\t\t<\/div>\n\t\t\t\t\t<\/div>\n\t\t\t\t<\/div>\n\t\t\t\t<\/div>\n\t\t","protected":false},"excerpt":{"rendered":"<p>https:\/\/vimeo.com\/manage\/videos\/894032207 1) \u201cAquella gent va comen\u00e7ar a resar el pare nostre, perqu\u00e8 est\u00e0s tan espantat&#8230; \u201d Durada del v\u00eddeo: 1\u2032 42\u2033 https:\/\/vimeo.com\/manage\/videos\/894032258 2) El refugi del torrent de Sant Ignasi Durada del v\u00eddeo: 0\u2032 32\u2033 https:\/\/vimeo.com\/manage\/videos\/894032281 3) La metralla va produir morts sota l\u2019arcada de Santa Ll\u00facia Durada del v\u00eddeo: 0\u2032 50\u2033 https:\/\/vimeo.com\/manage\/videos\/894032298 4) Refugiats [&hellip;]<\/p>\n","protected":false},"author":1,"featured_media":0,"parent":0,"menu_order":0,"comment_status":"closed","ping_status":"closed","template":"","meta":{"iawp_total_views":0,"footnotes":""},"class_list":["post-74259","page","type-page","status-publish","hentry"],"_links":{"self":[{"href":"https:\/\/www.memoria.cat\/bombardeigs\/wp-json\/wp\/v2\/pages\/74259","targetHints":{"allow":["GET"]}}],"collection":[{"href":"https:\/\/www.memoria.cat\/bombardeigs\/wp-json\/wp\/v2\/pages"}],"about":[{"href":"https:\/\/www.memoria.cat\/bombardeigs\/wp-json\/wp\/v2\/types\/page"}],"author":[{"embeddable":true,"href":"https:\/\/www.memoria.cat\/bombardeigs\/wp-json\/wp\/v2\/users\/1"}],"replies":[{"embeddable":true,"href":"https:\/\/www.memoria.cat\/bombardeigs\/wp-json\/wp\/v2\/comments?post=74259"}],"version-history":[{"count":0,"href":"https:\/\/www.memoria.cat\/bombardeigs\/wp-json\/wp\/v2\/pages\/74259\/revisions"}],"wp:attachment":[{"href":"https:\/\/www.memoria.cat\/bombardeigs\/wp-json\/wp\/v2\/media?parent=74259"}],"curies":[{"name":"wp","href":"https:\/\/api.w.org\/{rel}","templated":true}]}}