{"id":74162,"date":"2023-12-07T13:07:05","date_gmt":"2023-12-07T12:07:05","guid":{"rendered":"https:\/\/www.memoria.cat\/web-nova-bombardeigs\/?page_id=74162"},"modified":"2025-05-03T16:15:08","modified_gmt":"2025-05-03T15:15:08","slug":"irene-gras-vilanova","status":"publish","type":"page","link":"https:\/\/www.memoria.cat\/bombardeigs\/irene-gras-vilanova\/","title":{"rendered":"Irene Gras Vilanova <span style=\"font-size: 22pt;\">(1923)<\/span>"},"content":{"rendered":"\t\t<div data-elementor-type=\"wp-page\" data-elementor-id=\"74162\" class=\"elementor elementor-74162\" data-elementor-post-type=\"page\">\n\t\t\t\t<div class=\"elementor-element elementor-element-6a40064 e-flex e-con-boxed e-con e-parent\" data-id=\"6a40064\" data-element_type=\"container\">\n\t\t\t\t\t<div class=\"e-con-inner\">\n\t\t<div class=\"elementor-element elementor-element-aea6480 e-con-full e-flex e-con e-child\" data-id=\"aea6480\" data-element_type=\"container\">\n\t\t\t\t<div class=\"elementor-element elementor-element-c20a940 elementor-widget elementor-widget-video\" data-id=\"c20a940\" data-element_type=\"widget\" data-settings=\"{&quot;video_type&quot;:&quot;vimeo&quot;}\" data-widget_type=\"video.default\">\n\t\t\t\t<div class=\"elementor-widget-container\">\n\t\t\t\t\t\t\t<div class=\"elementor-wrapper elementor-open-inline\">\n\t\t\t<iframe class=\"elementor-video-iframe\" allowfullscreen allow=\"clipboard-write\" title=\"Reproductor de v\u00eddeo vimeo\" src=\"https:\/\/player.vimeo.com\/video\/890817461?color&amp;autopause=0&amp;loop=0&amp;muted=0&amp;title=1&amp;portrait=1&amp;byline=1#t=\"><\/iframe>\t\t<\/div>\n\t\t\t\t\t\t<\/div>\n\t\t\t\t<\/div>\n\t\t\t\t<div class=\"elementor-element elementor-element-e692dd1 elementor-widget elementor-widget-text-editor\" data-id=\"e692dd1\" data-element_type=\"widget\" data-widget_type=\"text-editor.default\">\n\t\t\t\t<div class=\"elementor-widget-container\">\n\t\t\t\t\t\t\t\t\t<p><strong>1) Tres homes i un nen amagats i nom\u00e9s va sobreviure el nen<\/strong><\/p><p>Durada del v\u00eddeo: 1\u2032 04\u2033<\/p>\t\t\t\t\t\t\t\t<\/div>\n\t\t\t\t<\/div>\n\t\t\t\t<\/div>\n\t\t<div class=\"elementor-element elementor-element-4b7f9b4 e-con-full e-flex e-con e-child\" data-id=\"4b7f9b4\" data-element_type=\"container\">\n\t\t\t\t<div class=\"elementor-element elementor-element-a367f2d elementor-widget elementor-widget-video\" data-id=\"a367f2d\" data-element_type=\"widget\" data-settings=\"{&quot;video_type&quot;:&quot;vimeo&quot;}\" data-widget_type=\"video.default\">\n\t\t\t\t<div class=\"elementor-widget-container\">\n\t\t\t\t\t\t\t<div class=\"elementor-wrapper elementor-open-inline\">\n\t\t\t<iframe class=\"elementor-video-iframe\" allowfullscreen allow=\"clipboard-write\" title=\"Reproductor de v\u00eddeo vimeo\" src=\"https:\/\/player.vimeo.com\/video\/890817502?color&amp;autopause=0&amp;loop=0&amp;muted=0&amp;title=1&amp;portrait=1&amp;byline=1#t=\"><\/iframe>\t\t<\/div>\n\t\t\t\t\t\t<\/div>\n\t\t\t\t<\/div>\n\t\t\t\t<div class=\"elementor-element elementor-element-20834f9 elementor-widget elementor-widget-text-editor\" data-id=\"20834f9\" data-element_type=\"widget\" data-widget_type=\"text-editor.default\">\n\t\t\t\t<div class=\"elementor-widget-container\">\n\t\t\t\t\t\t\t\t\t<p><strong>2) &#8220;Em van trucar que pug\u00e9s corrents&#8221;<\/strong><\/p><p>Durada del v\u00eddeo: 0\u2032 39\u2033<\/p>\t\t\t\t\t\t\t\t<\/div>\n\t\t\t\t<\/div>\n\t\t\t\t<\/div>\n\t\t<div class=\"elementor-element elementor-element-73d8946 e-con-full e-flex e-con e-child\" data-id=\"73d8946\" data-element_type=\"container\">\n\t\t\t\t<div class=\"elementor-element elementor-element-bd5ba95 elementor-widget elementor-widget-video\" data-id=\"bd5ba95\" data-element_type=\"widget\" data-settings=\"{&quot;video_type&quot;:&quot;vimeo&quot;}\" data-widget_type=\"video.default\">\n\t\t\t\t<div class=\"elementor-widget-container\">\n\t\t\t\t\t\t\t<div class=\"elementor-wrapper elementor-open-inline\">\n\t\t\t<iframe class=\"elementor-video-iframe\" allowfullscreen allow=\"clipboard-write\" title=\"Reproductor de v\u00eddeo vimeo\" src=\"https:\/\/player.vimeo.com\/video\/890817536?color&amp;autopause=0&amp;loop=0&amp;muted=0&amp;title=1&amp;portrait=1&amp;byline=1#t=\"><\/iframe>\t\t<\/div>\n\t\t\t\t\t\t<\/div>\n\t\t\t\t<\/div>\n\t\t\t\t<div class=\"elementor-element elementor-element-6d95354 elementor-widget elementor-widget-text-editor\" data-id=\"6d95354\" data-element_type=\"widget\" data-widget_type=\"text-editor.default\">\n\t\t\t\t<div class=\"elementor-widget-container\">\n\t\t\t\t\t\t\t\t\t<p><strong>3) \u201cNom\u00e9s s\u00e9 que el vaig perdre\u201d<\/strong><\/p><p>Durada del v\u00eddeo: 1\u2032 46\u2033<\/p>\t\t\t\t\t\t\t\t<\/div>\n\t\t\t\t<\/div>\n\t\t\t\t<\/div>\n\t\t<div class=\"elementor-element elementor-element-e52fdfa e-con-full e-flex e-con e-child\" data-id=\"e52fdfa\" data-element_type=\"container\">\n\t\t\t\t<div class=\"elementor-element elementor-element-6cafe1a elementor-widget elementor-widget-video\" data-id=\"6cafe1a\" data-element_type=\"widget\" data-settings=\"{&quot;video_type&quot;:&quot;vimeo&quot;}\" data-widget_type=\"video.default\">\n\t\t\t\t<div class=\"elementor-widget-container\">\n\t\t\t\t\t\t\t<div class=\"elementor-wrapper elementor-open-inline\">\n\t\t\t<iframe class=\"elementor-video-iframe\" allowfullscreen allow=\"clipboard-write\" title=\"Reproductor de v\u00eddeo vimeo\" src=\"https:\/\/player.vimeo.com\/video\/890817613?color&amp;autopause=0&amp;loop=0&amp;muted=0&amp;title=1&amp;portrait=1&amp;byline=1#t=\"><\/iframe>\t\t<\/div>\n\t\t\t\t\t\t<\/div>\n\t\t\t\t<\/div>\n\t\t\t\t<div class=\"elementor-element elementor-element-9eb3602 elementor-widget elementor-widget-text-editor\" data-id=\"9eb3602\" data-element_type=\"widget\" data-widget_type=\"text-editor.default\">\n\t\t\t\t<div class=\"elementor-widget-container\">\n\t\t\t\t\t\t\t\t\t<p><strong>4) \u201cLa mare va plorar sempre m\u00e9s\u201d<\/strong><\/p><p>Durada del v\u00eddeo: 1\u2032 05\u2033<\/p>\t\t\t\t\t\t\t\t<\/div>\n\t\t\t\t<\/div>\n\t\t\t\t<\/div>\n\t\t<div class=\"elementor-element elementor-element-72d2d4a e-con-full e-flex e-con e-child\" data-id=\"72d2d4a\" data-element_type=\"container\">\n\t\t\t\t<div class=\"elementor-element elementor-element-c9ae00b elementor-widget elementor-widget-video\" data-id=\"c9ae00b\" data-element_type=\"widget\" data-settings=\"{&quot;video_type&quot;:&quot;vimeo&quot;}\" data-widget_type=\"video.default\">\n\t\t\t\t<div class=\"elementor-widget-container\">\n\t\t\t\t\t\t\t<div class=\"elementor-wrapper elementor-open-inline\">\n\t\t\t<iframe class=\"elementor-video-iframe\" allowfullscreen allow=\"clipboard-write\" title=\"Reproductor de v\u00eddeo vimeo\" src=\"https:\/\/player.vimeo.com\/video\/890817757?color&amp;autopause=0&amp;loop=0&amp;muted=0&amp;title=1&amp;portrait=1&amp;byline=1#t=\"><\/iframe>\t\t<\/div>\n\t\t\t\t\t\t<\/div>\n\t\t\t\t<\/div>\n\t\t\t\t<div class=\"elementor-element elementor-element-6e2463a elementor-widget elementor-widget-text-editor\" data-id=\"6e2463a\" data-element_type=\"widget\" data-widget_type=\"text-editor.default\">\n\t\t\t\t<div class=\"elementor-widget-container\">\n\t\t\t\t\t\t\t\t\t<p><strong>5) \u201cLa primera que entrar\u00e0 a la F\u00e0brica Nova ser\u00e0s tu\u201d<\/strong><\/p><p>Durada del v\u00eddeo: 0\u2032 34\u2033<\/p>\t\t\t\t\t\t\t\t<\/div>\n\t\t\t\t<\/div>\n\t\t\t\t<\/div>\n\t\t\t\t\t<\/div>\n\t\t\t\t<\/div>\n\t\t\t\t<\/div>\n\t\t","protected":false},"excerpt":{"rendered":"<p>https:\/\/vimeo.com\/890817461 1) Tres homes i un nen amagats i nom\u00e9s va sobreviure el nen Durada del v\u00eddeo: 1\u2032 04\u2033 https:\/\/vimeo.com\/890817502 2) &#8220;Em van trucar que pug\u00e9s corrents&#8221; Durada del v\u00eddeo: 0\u2032 39\u2033 https:\/\/vimeo.com\/890817536 3) \u201cNom\u00e9s s\u00e9 que el vaig perdre\u201d Durada del v\u00eddeo: 1\u2032 46\u2033 https:\/\/vimeo.com\/890817613 4) \u201cLa mare va plorar sempre m\u00e9s\u201d Durada del [&hellip;]<\/p>\n","protected":false},"author":1,"featured_media":0,"parent":0,"menu_order":0,"comment_status":"closed","ping_status":"closed","template":"","meta":{"footnotes":""},"class_list":["post-74162","page","type-page","status-publish","hentry"],"_links":{"self":[{"href":"https:\/\/www.memoria.cat\/bombardeigs\/wp-json\/wp\/v2\/pages\/74162","targetHints":{"allow":["GET"]}}],"collection":[{"href":"https:\/\/www.memoria.cat\/bombardeigs\/wp-json\/wp\/v2\/pages"}],"about":[{"href":"https:\/\/www.memoria.cat\/bombardeigs\/wp-json\/wp\/v2\/types\/page"}],"author":[{"embeddable":true,"href":"https:\/\/www.memoria.cat\/bombardeigs\/wp-json\/wp\/v2\/users\/1"}],"replies":[{"embeddable":true,"href":"https:\/\/www.memoria.cat\/bombardeigs\/wp-json\/wp\/v2\/comments?post=74162"}],"version-history":[{"count":0,"href":"https:\/\/www.memoria.cat\/bombardeigs\/wp-json\/wp\/v2\/pages\/74162\/revisions"}],"wp:attachment":[{"href":"https:\/\/www.memoria.cat\/bombardeigs\/wp-json\/wp\/v2\/media?parent=74162"}],"curies":[{"name":"wp","href":"https:\/\/api.w.org\/{rel}","templated":true}]}}