{"id":73752,"date":"2023-10-17T17:36:22","date_gmt":"2023-10-17T16:36:22","guid":{"rendered":"https:\/\/www.memoria.cat\/web-nova-bombardeigs\/?page_id=73752"},"modified":"2023-12-19T17:39:42","modified_gmt":"2023-12-19T16:39:42","slug":"documents-divulgatius","status":"publish","type":"page","link":"https:\/\/www.memoria.cat\/bombardeigs\/documents-divulgatius\/","title":{"rendered":"Documents divulgatius"},"content":{"rendered":"<p><a href=\"https:\/\/www.memoria.cat\/bombardeigs\/wp-content\/uploads\/sites\/107\/2023\/10\/Opuscle-Bombes-franquistes-sobre-Manresa.pdf\">L\u2019opuscle \u201cBombes franquistes sobre Manresa\u201d (format pdf).<\/a><img fetchpriority=\"high\" decoding=\"async\" class=\"alignleft wp-image-73730\" src=\"https:\/\/www.memoria.cat\/bombardeigs\/wp-content\/uploads\/sites\/107\/2023\/10\/Opuscle-Bombes-franquistes-sobre-Manresa-212x300.jpg\" alt=\"\" width=\"200\" height=\"284\" srcset=\"https:\/\/www.memoria.cat\/bombardeigs\/wp-content\/uploads\/sites\/107\/2023\/10\/Opuscle-Bombes-franquistes-sobre-Manresa-212x300.jpg 212w, https:\/\/www.memoria.cat\/bombardeigs\/wp-content\/uploads\/sites\/107\/2023\/10\/Opuscle-Bombes-franquistes-sobre-Manresa.jpg 500w\" sizes=\"(max-width: 200px) 100vw, 200px\" \/><\/p>\n<p>L\u2019Ajuntament de Manresa \u2013amb el suport del programa \u201cMemorial Democr\u00e0tic\u201d i la col\u00b7laboraci\u00f3 de l\u2019Arxiu Comarcal del Bages- ha editat\u00a0<a href=\"https:\/\/www.memoria.cat\/bombardeigs\/wp-content\/uploads\/sites\/107\/2023\/10\/Opuscle-Bombes-franquistes-sobre-Manresa.pdf\">l\u2019opuscle \u201cBombes franquistes sobre Manresa. Els atacs aeris al final de la Guerra Civil. (Desembre 1938-Gener 1939)\u201d<\/a>.<\/p>\n<p>El llibret, del qual s\u00f3n autors Joaquim Aloy i Pere Gasol, t\u00e9 36 p\u00e0gines, va ser publicat l&#8217;any 2008 i reeditat el 2018.<\/p>\n<p>L\u2019opuscle es pot aconseguir de forma gratuita al al Centre Cultural el Casino.<\/p>\n<p>&nbsp;<\/p>\n<p><img decoding=\"async\" class=\"alignleft wp-image-73754\" src=\"https:\/\/www.memoria.cat\/bombardeigs\/wp-content\/uploads\/sites\/107\/2023\/10\/Plafons-exposicio-Bombes-franquistes-sobre-Manresa-256x300.jpg\" alt=\"\" width=\"200\" height=\"235\" srcset=\"https:\/\/www.memoria.cat\/bombardeigs\/wp-content\/uploads\/sites\/107\/2023\/10\/Plafons-exposicio-Bombes-franquistes-sobre-Manresa-256x300.jpg 256w, https:\/\/www.memoria.cat\/bombardeigs\/wp-content\/uploads\/sites\/107\/2023\/10\/Plafons-exposicio-Bombes-franquistes-sobre-Manresa.jpg 500w\" sizes=\"(max-width: 200px) 100vw, 200px\" \/><a href=\"https:\/\/www.memoria.cat\/bombardeigs\/wp-content\/uploads\/sites\/107\/2023\/10\/Plafons-exposicio-Bombes-franquistes-sobre-Manresa.pdf\">Els continguts de l\u2019exposici\u00f3 \u201cBombes franquistes sobre Manresa\u201d.<\/a><\/p>\n<p>&nbsp;<\/p>\n<p>&nbsp;<\/p>\n<p>&nbsp;<\/p>\n<p>&nbsp;<\/p>\n<p>&nbsp;<\/p>\n<p>&nbsp;<\/p>\n<p><a href=\"https:\/\/www.memoria.cat\/bombardeigs\/wp-content\/uploads\/sites\/107\/2023\/10\/Guia-didactica-del-documental-Entre-el-soroll-i-el-silenci.pdf\"><img decoding=\"async\" class=\"alignleft wp-image-73731\" src=\"https:\/\/www.memoria.cat\/bombardeigs\/wp-content\/uploads\/sites\/107\/2023\/10\/Guia-didactica-del-documental-Entre-el-soroll-i-el-silenci-212x300.jpg\" alt=\"\" width=\"200\" height=\"283\" srcset=\"https:\/\/www.memoria.cat\/bombardeigs\/wp-content\/uploads\/sites\/107\/2023\/10\/Guia-didactica-del-documental-Entre-el-soroll-i-el-silenci-212x300.jpg 212w, https:\/\/www.memoria.cat\/bombardeigs\/wp-content\/uploads\/sites\/107\/2023\/10\/Guia-didactica-del-documental-Entre-el-soroll-i-el-silenci.jpg 500w\" sizes=\"(max-width: 200px) 100vw, 200px\" \/><\/a><a href=\"https:\/\/www.memoria.cat\/bombardeigs\/wp-content\/uploads\/sites\/107\/2023\/10\/Guia-didactica-del-documental-Entre-el-soroll-i-el-silenci.pdf\">La guia did\u00e0ctica del DVD \u201cEntre el soroll i el silenci\u00a0(format pdf).<\/a><\/p>\n<p>L\u2019Ajuntament de Manresa ha editat una\u00a0<a href=\"https:\/\/www.memoria.cat\/bombardeigs\/wp-content\/uploads\/sites\/107\/2023\/10\/Guia-didactica-del-documental-Entre-el-soroll-i-el-silenci.pdf\">guia did\u00e0ctica<\/a> del documental <i>Entre el soroll i el silenci. Els bombardeigs franquistes a Manresa (1938-1939).<\/i><\/p>\n<p>La guia, elaborada pels historiadors Carles Lluss\u00e0 Llorens i Jaume Serra Carner ofereix orientacions d\u2019activitats als docents de secund\u00e0ria per tal de poder treballar el DVD amb els seus alumnes. Els materials estan pensats sobretot per a l\u2019alumnat de 4t d\u2019ESO i 2n de Batxillerat, ja que la tem\u00e0tica de qu\u00e8 tracta est\u00e0 inclosa dins els respectius curr\u00edculums d\u2019hist\u00f2ria.<\/p>\n<p>El dossier presenta 22 propostes did\u00e0ctiques: debats, activitats individuals, activitats de grup, comentaris de textos hist\u00f2rics, etc.<\/p>\n<p>La guia s\u2019ha distribu\u00eft a tots els centres d\u2019ensenyament secundari de Manresa en format paper i en CD.<\/p>\n<p>&nbsp;<\/p>\n<p><a href=\"http:\/\/www.youtube.com\/watch?v=QOjqoIpUrYA\" target=\"_blank\" rel=\"noopener\">Reportatge \u201cEntre el soroll i el silenci\u201d del programa \u201cAngular\u201d, de Televisi\u00f3 de Manresa, sobre el documental dels bombardeigs i la guia did\u00e0ctica<\/a><\/p>\n<p><a href=\"https:\/\/www.memoria.cat\/ilamortvacauredelcel\/els-plafons\/\">Els plafons de l&#8217;exposici\u00f3 &#8220;I la mort va caure del cel. 80 anys dels bombardeigs franquistes a Manresa&#8221;<\/a><\/p>\n<p><a href=\"https:\/\/www.memoria.cat\/bombardeigs\/els-refugis-de-manresa\/\">Els refugis. La tasca de la Junta de Defensa Passiva (format html).<\/a><\/p>\n<p><a href=\"https:\/\/www.memoria.cat\/bombardeigs\/els-bombardeigs-franquistes-sobre-manresa-1938-39\/\">Els bombardeigs franquistes a Manresa (1938-1939)\u00a0(format html)<\/a><\/p>\n","protected":false},"excerpt":{"rendered":"<p>L\u2019opuscle \u201cBombes franquistes sobre Manresa\u201d (format pdf). L\u2019Ajuntament de Manresa \u2013amb el suport del programa \u201cMemorial Democr\u00e0tic\u201d i la col\u00b7laboraci\u00f3 de l\u2019Arxiu Comarcal del Bages- ha editat\u00a0l\u2019opuscle \u201cBombes franquistes sobre Manresa. Els atacs aeris al final de la Guerra Civil. (Desembre 1938-Gener 1939)\u201d. El llibret, del qual s\u00f3n autors Joaquim Aloy i Pere Gasol, t\u00e9 [&hellip;]<\/p>\n","protected":false},"author":1,"featured_media":0,"parent":0,"menu_order":0,"comment_status":"closed","ping_status":"closed","template":"","meta":{"footnotes":""},"class_list":["post-73752","page","type-page","status-publish","hentry"],"_links":{"self":[{"href":"https:\/\/www.memoria.cat\/bombardeigs\/wp-json\/wp\/v2\/pages\/73752","targetHints":{"allow":["GET"]}}],"collection":[{"href":"https:\/\/www.memoria.cat\/bombardeigs\/wp-json\/wp\/v2\/pages"}],"about":[{"href":"https:\/\/www.memoria.cat\/bombardeigs\/wp-json\/wp\/v2\/types\/page"}],"author":[{"embeddable":true,"href":"https:\/\/www.memoria.cat\/bombardeigs\/wp-json\/wp\/v2\/users\/1"}],"replies":[{"embeddable":true,"href":"https:\/\/www.memoria.cat\/bombardeigs\/wp-json\/wp\/v2\/comments?post=73752"}],"version-history":[{"count":0,"href":"https:\/\/www.memoria.cat\/bombardeigs\/wp-json\/wp\/v2\/pages\/73752\/revisions"}],"wp:attachment":[{"href":"https:\/\/www.memoria.cat\/bombardeigs\/wp-json\/wp\/v2\/media?parent=73752"}],"curies":[{"name":"wp","href":"https:\/\/api.w.org\/{rel}","templated":true}]}}