{"id":73709,"date":"2023-10-16T21:00:16","date_gmt":"2023-10-16T20:00:16","guid":{"rendered":"https:\/\/www.memoria.cat\/web-nova-bombardeigs\/?page_id=73709"},"modified":"2023-10-16T21:00:50","modified_gmt":"2023-10-16T20:00:50","slug":"textos-sobre-els-bombardeigs-manresa","status":"publish","type":"page","link":"https:\/\/www.memoria.cat\/bombardeigs\/textos-sobre-els-bombardeigs-manresa\/","title":{"rendered":"Textos sobre els bombardeigs a Manresa"},"content":{"rendered":"<p>\u00ab&#8230; La tarde del mismo d\u00eda nos dan orden de ametrallar la Estaci\u00f3n de Ferrocarril de Manresa.<\/p>\n<p>\u00bbEs una misi\u00f3n de profundidad, pues est\u00e1 lejos del frente.<\/p>\n<p><strong>\u00bbA todos los catalanes les hace una ilusi\u00f3n loca. Vamos a volar en las proximidades de Montserrat.<\/strong><\/p>\n<p><strong>\u00bbA la altura de Manresa, con Montserrat a mi derecha, viene a mi mente la canci\u00f3n &#8220;Rosa d&#8217;abril, morena de la serra&#8230;&#8221;. El d\u00eda es muy claro, la visibilidad perfecta, lo que permite ver maravillosamente el Tibidabo por atr\u00e1s y Barcelona con el Mediterr\u00e1neo al fondo.<\/strong><\/p>\n<p><strong>\u00bbEn la primera pasada escojo un vag\u00f3n de mercanc\u00edas, levanto los seguros de los ca\u00f1ones y ametralladoras. Se enciende el colimador. Inicio el picado y lo centro bien en el punto de mira. Voy a abrir fuego con todo el armamento. Lanzo una corta r\u00e1faga, las trazadoras al terminar su trayecto hacen saltar por los aires astillada toda su estructura. He comprobado llevo en mis manos un poder destructor enorme&#8230;\u00bb.<\/strong><\/p>\n<p>(Text de Jos\u00e9 Luis Jim\u00e9nez-Arenas Mart\u00edn, tinent de l&#8217;aviaci\u00f3 franquista que pilotava un dels caces Heinkel 112 monoplaces que van metrallar Manresa la tarda del 19 de gener de 1939, on explica aquesta acci\u00f3 militar. El text est\u00e0 reproduit del seu llibre \u00abCadenas del Aire\u00bb. El mat\u00ed d&#8217;aquell mateix dia, la ciutat havia estat v\u00edctima del segon -i darrer- bombardeig que pat\u00ed durant la guerra, i que caus\u00e0, com a m\u00ednim, dos morts entre la poblaci\u00f3, tot i que, a nivell oficial, no se&#8217;n reconeix l&#8217;exist\u00e8ncia de cap).<\/p>\n<hr \/>\n<p style=\"text-align: center;\">***<\/p>\n<p><strong>\u00abLos servicios que hacemos son preciosos. El aparato, cada d\u00eda mejor y m\u00e1s bonito. Hemos tenido buenos estrenos&#8230;<\/strong><\/p>\n<p><strong>\u00bbVuelo ahora m\u00e1s que antes; pero, por ir en cabina cerrada, no ha aumentado el fr\u00edo y s\u00ed se ha avivado la vista, y para ver precisamente cosas que me ilusiona el verlas, aunque no s\u00e9 si me dan alegria o pena el contemplarlas; me refiero a la tierra catalana sobre que volamos. \u00a1Montserrat! \u00a1Siempre encima de \u00e9l! \u00a1Y qu\u00e9 Salves m\u00e1s altas, m\u00e1s netamente espa\u00f1olas le rezo gritando desde mi chisme! \u00a1Y qu\u00e9 oraciones a la santa cueva ignaciana de Manresa!, por encima de la qual, muy bajo, baj\u00edsimo, he pasado, con gran admiraci\u00f3n de los rojos, al vernos internar tanto en zona enemiga, y para un servicio precioso&#8230;<\/strong><\/p>\n<p><strong>&#8230;Sobre Montserrat, por donde paso con frecuencia, rezo siempre a la\u00a0Moreneta\u00a0mis salves, muy espa\u00f1olas, con gran devoci\u00f3n y llenas de esperanza, para que haga que aquellos sus hijos comprendan, aunque sea ya al fin, nuestra fe&#8230;\u00bb<\/strong><\/p>\n<p><strong>\u00ab&#8230; a media ma\u00f1ana se recibi\u00f3 una orden de actuar sobre la estaci\u00f3n de Manresa, nudo ferroviario de gran movimiento, al irse encajanando all\u00ed, divisiones separatistas, en su cobarde retirada, y en especial, sobre unos trenes militares que, seg\u00fan confidencias, aquella ma\u00f1ana debian llegar&#8230;<\/strong><\/p>\n<p><strong>\u00bb&#8230; mientras los ca\u00f1onazos y ametralladoras de su aparato barren inmundicias, entona a voz en cuello una oraci\u00f3n entusiasta, una plegaria sentida, que fue sincera y espa\u00f1ola, muy espa\u00f1ola, como tiene inter\u00e9s en subrayar en su epistolario\u00bb<\/strong><\/p>\n<p>(Una altra const\u00e0ncia liter\u00e0ria per part d&#8217;un altre dels protagonistes del metrallament aeri que va patir Manresa el dia 19 de gener de 1939. El text est\u00e0 tret de la novel.la \u00abCarlos Maria\u00bb d&#8217;Adro Xavier. Sota aquest pseud\u00f2nim, l&#8217;autor parla del seu germ\u00e0, l&#8217;alferes de l&#8217;aviaci\u00f3 franquista Carlos Rey-Stolle Pedrosa, que volava en la mateixa esquadreta de Jim\u00e9nez-Arenas. El text que aqu\u00ed hem reprodu\u00eft correspon a un fragment d&#8217;aquest llibre, on l&#8217;autor cita una carta del seu germ\u00e0 referent a aquest metrallament sobre Manresa, al qual qualificar com a \u00abservicio precioso\u00bb. L&#8217;\u00faltim par\u00e0graf forma part del comentari que el propi \u00abAdro Xavier\u00bb fa d&#8217;aquestta carta, i \u00e9s on ens aclareix que els trets que dispara des de l&#8217;aire el seu germ\u00e0 \u00abbarren inmundicias\u00bb. La carta fou escrita el 21 de gener de 1939).<\/p>\n<hr \/>\n<p style=\"text-align: center;\">***<\/p>\n<p><strong>\u00abSort\u00edrem de Montserrat cam\u00ed de Manresa&#8230; An\u00e0vem, en una ambul\u00e0ncia, uns quants oficials: per cert que, abans d&#8217;arribar a Manresa, tingu\u00e9ren un bon ensurt: \u00e9rem a la vora de l&#8217;estaci\u00f3 del ferrocarril quan s&#8217;inici\u00e0 un fort bombardeig, i el conductor del vehicle tingu\u00e9 l&#8217;acudit de parar sota el pont del tren. Li sembl\u00e0 que aix\u00ed estava m\u00e9s ben protegit, per\u00f2 precisament aquest pont era l&#8217;objectiu dels bombarders; nosaltres ho v\u00e0rem sospitar i fug\u00edrem camps a trav\u00e9s. Per sort, no varen encertar el blanc, ni a nosaltres\u00bb.<\/strong><\/p>\n<p>(Text de Josep Riu Porta extret del seu llibre \u00abHospital Militar a Montserrat. 1938-1939\u00bb. Josep Riu era el director del centre hospitalari que s&#8217;havia establert al monestir de Montserrat. En aquest escrit explica com els va sorprendre el bombardeig produit a Manresa el 19 de gener de 1939, quan ell i el seu equip s&#8217;hi trobaven de pas, en ple trasllat de l&#8217;hospital de Montserrat cap a Ripoll, Olot i Ribes de Freses. L&#8217;evacuaci\u00f3 de l&#8217;hospital era for\u00e7osa i precipitada, atesa la proximitat de les tropes franquistes.<\/p>\n<p style=\"text-align: left;\">L&#8217;estaci\u00f3 a qu\u00e8 es refereix \u00e9s l&#8217;Estaci\u00f3 del Nord i el pont \u00e9s el de Can-poc-oli, que, com explica, no van enderrocar, malgrat ser un dels objectius de l&#8217;aviaci\u00f3 franquista).<\/p>\n","protected":false},"excerpt":{"rendered":"<p>\u00ab&#8230; La tarde del mismo d\u00eda nos dan orden de ametrallar la Estaci\u00f3n de Ferrocarril de Manresa. \u00bbEs una misi\u00f3n de profundidad, pues est\u00e1 lejos del frente. \u00bbA todos los catalanes les hace una ilusi\u00f3n loca. Vamos a volar en las proximidades de Montserrat. \u00bbA la altura de Manresa, con Montserrat a mi derecha, viene [&hellip;]<\/p>\n","protected":false},"author":1,"featured_media":0,"parent":0,"menu_order":0,"comment_status":"closed","ping_status":"closed","template":"","meta":{"footnotes":""},"class_list":["post-73709","page","type-page","status-publish","hentry"],"_links":{"self":[{"href":"https:\/\/www.memoria.cat\/bombardeigs\/wp-json\/wp\/v2\/pages\/73709","targetHints":{"allow":["GET"]}}],"collection":[{"href":"https:\/\/www.memoria.cat\/bombardeigs\/wp-json\/wp\/v2\/pages"}],"about":[{"href":"https:\/\/www.memoria.cat\/bombardeigs\/wp-json\/wp\/v2\/types\/page"}],"author":[{"embeddable":true,"href":"https:\/\/www.memoria.cat\/bombardeigs\/wp-json\/wp\/v2\/users\/1"}],"replies":[{"embeddable":true,"href":"https:\/\/www.memoria.cat\/bombardeigs\/wp-json\/wp\/v2\/comments?post=73709"}],"version-history":[{"count":0,"href":"https:\/\/www.memoria.cat\/bombardeigs\/wp-json\/wp\/v2\/pages\/73709\/revisions"}],"wp:attachment":[{"href":"https:\/\/www.memoria.cat\/bombardeigs\/wp-json\/wp\/v2\/media?parent=73709"}],"curies":[{"name":"wp","href":"https:\/\/api.w.org\/{rel}","templated":true}]}}