{"id":73699,"date":"2023-10-16T20:35:51","date_gmt":"2023-10-16T19:35:51","guid":{"rendered":"https:\/\/www.memoria.cat\/web-nova-bombardeigs\/?page_id=73699"},"modified":"2025-04-03T16:25:10","modified_gmt":"2025-04-03T15:25:10","slug":"relacio-de-les-victimes-dels-bombardeigs-franquistes-a-manresa-1938-1939","status":"publish","type":"page","link":"https:\/\/www.memoria.cat\/bombardeigs\/relacio-de-les-victimes-dels-bombardeigs-franquistes-a-manresa-1938-1939\/","title":{"rendered":"Relaci\u00f3 de les v\u00edctimes dels bombardeigs franquistes a Manresa (1938-1939)"},"content":{"rendered":"<h2 class=\"rteright\"><span class=\"titol\"><strong>1r bombardeig (21-12-1938)<\/strong><\/span><\/h2>\n<table class=\"dsR4\" cellspacing=\"0\" cellpadding=\"2\" bgcolor=\"#191919\">\n<tbody>\n<tr>\n<td class=\"dsR6\" width=\"183\"><span class=\"ds1 titoltaula\">Nom<\/span><\/td>\n<td class=\"dsR6\" width=\"39\"><span class=\"ds1 titoltaula\">Edat<\/span><\/td>\n<td class=\"dsR7\"><span class=\"ds1 titoltaula\">Domicili<\/span><\/td>\n<td class=\"dsR8\" align=\"center\" valign=\"middle\">\n<div align=\"left\"><span class=\"titoltaula\">V\u00eddeos d&#8217;entrevistes a familiars<\/span><\/div>\n<\/td>\n<\/tr>\n<tr>\n<td class=\"dsR9\" width=\"183\">Ad\u00e1n i L\u00f3pez, Francisco<\/td>\n<td class=\"dsR9\" width=\"39\">3<\/td>\n<td class=\"dsR10\">Barriada de Les Tortonyes, darrere n\u00fam. 4<\/td>\n<td class=\"dsR11\" align=\"center\" valign=\"middle\"><\/td>\n<\/tr>\n<tr>\n<td class=\"dsR12\" width=\"183\">Amen\u00f3s i Busquet, Ramon<\/td>\n<td class=\"dsR12\" width=\"39\">21<\/td>\n<td class=\"dsR13\">Pla\u00e7a de la Creu 10 (Igualada)<\/td>\n<td class=\"dsR14\" align=\"center\" valign=\"middle\"><\/td>\n<\/tr>\n<tr>\n<td class=\"dsR9\" width=\"183\">Armengol i Ricart, Dom\u00e8nec<\/td>\n<td class=\"dsR9\" width=\"39\">46<\/td>\n<td class=\"dsR10\">Ctra. del Pont de Vilomara, Casa Volanta<\/td>\n<td class=\"dsR11\" align=\"center\" valign=\"middle\"><\/td>\n<\/tr>\n<tr>\n<td class=\"dsR12\" width=\"183\">Bassi i Flix, Primitiu<\/td>\n<td class=\"dsR12\" width=\"39\">29<\/td>\n<td class=\"dsR13\">Viladordis, Torre Planell<\/td>\n<td class=\"dsR14\" align=\"center\" valign=\"middle\"><\/td>\n<\/tr>\n<tr>\n<td class=\"dsR9\" width=\"183\">Bonveh\u00ed i Closas, Valent\u00ed<\/td>\n<td class=\"dsR9\" width=\"39\">50<\/td>\n<td class=\"dsR10\">Viladordis 2<\/td>\n<td class=\"dsR11\" align=\"center\" valign=\"middle\"><a href=\"https:\/\/www.memoria.cat\/bombardeigs\/rosita-bonvehi-santamans-i-pere-bonvehi-arumi\/\">V\u00eddeo entrevista a la filla i al net<\/a><a href=\"https:\/\/www.memoria.cat\/bombardeigs\/rosita-bonvehi-santamans-i-pere-bonvehi-arumi\/\" target=\"_blank\" rel=\"noopener\"><br \/>\n<\/a><\/td>\n<\/tr>\n<tr>\n<td class=\"dsR12\" width=\"183\">Brunet i Puig, Joan<\/td>\n<td class=\"dsR12\" width=\"39\">17<\/td>\n<td class=\"dsR13\">Tossal del Coro 30<\/td>\n<td class=\"dsR14\" align=\"center\" valign=\"middle\"><\/td>\n<\/tr>\n<tr>\n<td class=\"dsR9\" width=\"183\">Casas i Sala, Maria<\/td>\n<td class=\"dsR9\" width=\"39\">36<\/td>\n<td class=\"dsR10\">Ctra. del Pont de Vilomara 1, Cases barates<\/td>\n<td class=\"dsR11\" align=\"center\" valign=\"middle\"><a href=\"https:\/\/www.memoria.cat\/bombardeigs\/joan-guitart-casas\/\">V\u00eddeo entrevista al fill<\/a><br \/>\n<a href=\"https:\/\/www.memoria.cat\/bombardeigs\/dolors-santandreu-casas\/\">V\u00eddeo entrevista a la neboda<\/a><\/td>\n<\/tr>\n<tr>\n<td class=\"dsR12\" width=\"183\">Corrons i Llad\u00f3, Ignasi<\/td>\n<td class=\"dsR12\" width=\"39\">75<\/td>\n<td class=\"dsR13\">Sant Andreu 25, 2n<\/td>\n<td class=\"dsR14\" align=\"center\" valign=\"middle\"><a href=\"https:\/\/www.memoria.cat\/bombardeigs\/estanislau-corrons-graells\/\">V\u00eddeo entrevista al net<\/a><\/td>\n<\/tr>\n<tr>\n<td class=\"dsR9\" width=\"183\">Cos i Tarres, Maria<\/td>\n<td class=\"dsR9\" width=\"39\">45<\/td>\n<td class=\"dsR10\">Santa Ll\u00facia 43<\/td>\n<td class=\"dsR11\" align=\"center\" valign=\"middle\"><\/td>\n<\/tr>\n<tr>\n<td class=\"dsR12\" width=\"183\">D\u00edaz i Vera, Tomasa<\/td>\n<td class=\"dsR12\" width=\"39\">26<\/td>\n<td class=\"dsR13\">Carri\u00f3 27, 1r<\/td>\n<td class=\"dsR14\" align=\"center\" valign=\"middle\"><\/td>\n<\/tr>\n<tr>\n<td class=\"dsR9\" width=\"183\">Garcia i Duarte, Gen\u00eds<\/td>\n<td class=\"dsR9\" width=\"39\">59<\/td>\n<td class=\"dsR10\">Tossal del Coro<\/td>\n<td class=\"dsR11\" align=\"center\" valign=\"middle\"><a href=\"https:\/\/www.memoria.cat\/bombardeigs\/genis-garcia-cano\/\">V\u00eddeo entrevista al fill<\/a><\/td>\n<\/tr>\n<tr>\n<td class=\"dsR12\" width=\"183\">Garcia i Martinez, Carmen<\/td>\n<td class=\"dsR12\" width=\"39\">35<\/td>\n<td class=\"dsR13\">Santa Ll\u00facia 1<\/td>\n<td class=\"dsR14\" align=\"center\" valign=\"middle\"><\/td>\n<\/tr>\n<tr>\n<td class=\"dsR9\" width=\"183\">Gibert i Rubinart, Maria<\/td>\n<td class=\"dsR9\" width=\"39\">12<\/td>\n<td class=\"dsR10\">Pujada Roja<\/td>\n<td class=\"dsR11\" align=\"center\" valign=\"middle\"><a href=\"https:\/\/www.memoria.cat\/bombardeigs\/ignasi-rubinart-pujol-i-antoni-targarona-gibert-amb-josep-pararols-planas-i-joaquima-baraldes-sannicolas\/\">V\u00eddeo entrevista a un cos\u00ed i a un nebot<\/a><\/td>\n<\/tr>\n<tr>\n<td class=\"dsR12\" width=\"183\">Gibert i Rubinart, Marina<\/td>\n<td class=\"dsR12\" width=\"39\">11<\/td>\n<td class=\"dsR13\">Pujada Roja<\/td>\n<td class=\"dsR14\" align=\"center\" valign=\"middle\"><a href=\"https:\/\/www.memoria.cat\/bombardeigs\/ignasi-rubinart-pujol-i-antoni-targarona-gibert-amb-josep-pararols-planas-i-joaquima-baraldes-sannicolas\/\">V\u00eddeo entrevista a un cos\u00ed i a un nebot<\/a><\/td>\n<\/tr>\n<tr>\n<td class=\"dsR9\" width=\"183\">Gras i Redorta, Salvador<\/td>\n<td class=\"dsR9\" width=\"39\">39<\/td>\n<td class=\"dsR10\">Remei de Dalt 28, 1r<\/td>\n<td class=\"dsR11\" align=\"center\" valign=\"middle\"><a href=\"https:\/\/www.memoria.cat\/bombardeigs\/irene-gras-vilanova\/\">V\u00eddeo entrevista a la filla<\/a><\/td>\n<\/tr>\n<tr>\n<td class=\"dsR12\" width=\"183\">Gros i Pla, Manuela<\/td>\n<td class=\"dsR12\" width=\"39\">28<\/td>\n<td class=\"dsR13\">Sant Lloren\u00e7 de Br\u00edndisi 40<\/td>\n<td class=\"dsR14\" align=\"center\" valign=\"middle\"><a href=\"https:\/\/www.memoria.cat\/bombardeigs\/joan-falco-gros\/\">V\u00eddeo entrevista al fill<\/a><\/td>\n<\/tr>\n<tr>\n<td class=\"dsR9\" width=\"183\">Guals i Santamaria, Josep<\/td>\n<td class=\"dsR9\" width=\"39\">38<\/td>\n<td class=\"dsR10\">Ctra. de Santpedor 12, Cases barates<\/td>\n<td class=\"dsR11\" align=\"center\" valign=\"middle\"><\/td>\n<\/tr>\n<tr>\n<td class=\"dsR12\" width=\"183\">Guitart i Casas, Josep<\/td>\n<td class=\"dsR12\" width=\"39\">3<\/td>\n<td class=\"dsR13\">Ctra. del Pont de Vilomara 1, Cases barates<\/td>\n<td class=\"dsR14\" align=\"center\" valign=\"middle\"><a href=\"https:\/\/www.memoria.cat\/bombardeigs\/joan-guitart-casas\/\">V\u00eddeo entrevista al fill i germ\u00e0<\/a><br \/>\n<a href=\"https:\/\/www.memoria.cat\/bombardeigs\/dolors-santandreu-casas\/\">V\u00eddeo entrevista a la neboda i cosina<\/a><\/td>\n<\/tr>\n<tr>\n<td class=\"dsR9\" width=\"183\">Prada i Mill\u00e1n, Andreu<\/td>\n<td class=\"dsR9\" width=\"39\">28<\/td>\n<td class=\"dsR10\">Sardenya 378, 2n 3\u00aa (Barcelona)<\/td>\n<td class=\"dsR11\" align=\"center\" valign=\"middle\"><\/td>\n<\/tr>\n<tr>\n<td class=\"dsR12\" width=\"183\">Prat i Sall\u00e9s, Maria<\/td>\n<td class=\"dsR12\" width=\"39\">22<\/td>\n<td class=\"dsR13\">Viladordis 3<\/td>\n<td class=\"dsR14\" align=\"center\" valign=\"middle\"><a href=\"https:\/\/www.memoria.cat\/bombardeigs\/joana-verges-fonollosa\/\">V\u00eddeo entrevista a la cunyada<\/a><\/td>\n<\/tr>\n<tr>\n<td class=\"dsR9\" width=\"183\">Puig i Carv\u00ed, Josepa<\/td>\n<td class=\"dsR9\" width=\"39\">32<\/td>\n<td class=\"dsR10\">Viladordis 2<\/td>\n<td class=\"dsR11\" align=\"center\" valign=\"middle\"><\/td>\n<\/tr>\n<tr>\n<td class=\"dsR12\" width=\"183\">Puig i Cumulada, Abd\u00f3<\/td>\n<td class=\"dsR12\" width=\"39\">18<\/td>\n<td class=\"dsR13\"><\/td>\n<td class=\"dsR14\" align=\"center\" valign=\"middle\"><\/td>\n<\/tr>\n<tr>\n<td class=\"dsR9\" width=\"183\">Ros i Sala, Dolors<\/td>\n<td class=\"dsR9\" width=\"39\">50<\/td>\n<td class=\"dsR10\">Santa Ll\u00facia 1, 3r 1\u00aa<\/td>\n<td class=\"dsR11\" align=\"center\" valign=\"middle\"><\/td>\n<\/tr>\n<tr>\n<td class=\"dsR12\" width=\"183\">Sall\u00e9s i Subirana, Concepci\u00f3<\/td>\n<td class=\"dsR12\" width=\"39\">45<\/td>\n<td class=\"dsR13\">Viladordis<\/td>\n<td class=\"dsR14\" align=\"center\" valign=\"middle\"><a href=\"http:\/\/www1.memoria.cat\/bombardeigs\/joana-verg%C3%A9s-i-fonollosa-nora-de-concepci%C3%B3-sall%C3%A9s-i-subirana-i-cunyada-de-maria-prat-i-sall%C3%A9s\" target=\"_blank\" rel=\"noopener\">V\u00eddeo entrevista a la nora<\/a><\/td>\n<\/tr>\n<tr>\n<td class=\"dsR9\" width=\"183\">Samper i Santamaria, \u00c0ngel<\/td>\n<td class=\"dsR9\" width=\"39\">8<\/td>\n<td class=\"dsR10\">Ctra de Vic 122<\/td>\n<td class=\"dsR11\" align=\"center\" valign=\"middle\"><\/td>\n<\/tr>\n<tr>\n<td class=\"dsR12\" width=\"183\">Serrallonga i Rubiralta, Josepa<\/td>\n<td class=\"dsR12\" width=\"39\">15<\/td>\n<td class=\"dsR13\">Viladordis 81<\/td>\n<td class=\"dsR14\" align=\"center\" valign=\"middle\"><a href=\"https:\/\/www.memoria.cat\/bombardeigs\/pilar-serrallonga-puig\/\">V\u00eddeo entrevista a la cosina<\/a><\/td>\n<\/tr>\n<tr>\n<td class=\"dsR9\" width=\"183\">Singla i Vila, Maria<\/td>\n<td class=\"dsR9\" width=\"39\">66<\/td>\n<td class=\"dsR10\">Casa M\u00edsser Mas<\/td>\n<td class=\"dsR11\" align=\"center\" valign=\"middle\"><\/td>\n<\/tr>\n<tr>\n<td class=\"dsR12\" width=\"183\">Torrents i Puyalto, Enric<\/td>\n<td class=\"dsR12\" width=\"39\">17<\/td>\n<td class=\"dsR13\">Sant Maurici 51<\/td>\n<td class=\"dsR14\" align=\"center\" valign=\"middle\"><a href=\"https:\/\/www.memoria.cat\/bombardeigs\/pepita-sucarrats-puyalto\/\">V\u00eddeo entrevista a la germana<\/a><\/td>\n<\/tr>\n<tr>\n<td class=\"dsR9\" width=\"183\">V\u00e1zquez i Gonz\u00e1lez, Leonardo<\/td>\n<td class=\"dsR9\" width=\"39\">35<\/td>\n<td class=\"dsR10\"><\/td>\n<td class=\"dsR11\" align=\"center\" valign=\"middle\"><\/td>\n<\/tr>\n<tr>\n<td class=\"dsR12\" width=\"183\">Vila i Planas, Ignasi<\/td>\n<td class=\"dsR12\" width=\"39\">43<\/td>\n<td class=\"dsR13\">Llibertat 37<\/td>\n<td class=\"dsR14\" align=\"center\" valign=\"middle\"><\/td>\n<\/tr>\n<tr>\n<td class=\"dsR9\" width=\"183\">Vilalta i Sala, Baldiri<\/td>\n<td class=\"dsR9\" width=\"39\">55<\/td>\n<td class=\"dsR10\">Vell de Santa Clara 4<\/td>\n<td class=\"dsR11\" align=\"center\" valign=\"middle\"><a href=\"https:\/\/www.memoria.cat\/bombardeigs\/jeroni-codinach-vilalta\/\">V\u00eddeo entrevista al nebot<\/a><\/td>\n<\/tr>\n<tr>\n<td class=\"dsR12\" width=\"183\">Vilar\u00f3 i Raurich, Enric<\/td>\n<td class=\"dsR12\" width=\"39\">8<\/td>\n<td class=\"dsR13\">Viladordis 81<\/td>\n<td class=\"dsR14\" align=\"center\" valign=\"middle\"><a href=\"https:\/\/www.memoria.cat\/bombardeigs\/jacinta-i-ricard-vilaro-raurich\/\">V\u00eddeo entrevista als fills<\/a><\/td>\n<\/tr>\n<tr>\n<td class=\"dsR9\" width=\"183\">Xerpell i Balet, Concepci\u00f3<\/td>\n<td class=\"dsR9\" width=\"39\">58<\/td>\n<td class=\"dsR10\">Sant Maurici 76<\/td>\n<td class=\"dsR11\" align=\"center\" valign=\"middle\"><\/td>\n<\/tr>\n<\/tbody>\n<\/table>\n<p>&nbsp;<\/p>\n<h2 class=\"rteright\"><span class=\"titol\"><strong>2n bombardeig (19-1-1939)<\/strong><\/span><\/h2>\n<table class=\"dsR4\" cellspacing=\"0\" cellpadding=\"2\" bgcolor=\"#191919\">\n<tbody>\n<tr>\n<td class=\"dsR6\" width=\"183\"><span class=\"ds1 titoltaula\">Nom<\/span><\/td>\n<td class=\"dsR6\" width=\"39\"><span class=\"ds1 titoltaula\">Edat<\/span><\/td>\n<td class=\"dsR7\"><span class=\"ds1 titoltaula\">Domicili<\/span><\/td>\n<td class=\"dsR8\" align=\"center\" valign=\"middle\">\n<div align=\"left\"><span class=\"titoltaula\">V\u00eddeos<\/span><\/div>\n<\/td>\n<\/tr>\n<tr>\n<td class=\"dsR9\" width=\"183\">Arcarons i Bofill, Llu\u00eds<\/td>\n<td class=\"dsR9\" width=\"39\">61<\/td>\n<td class=\"dsR10\">Llibertat 14<\/td>\n<td class=\"dsR11\" align=\"center\" valign=\"middle\"><a href=\"https:\/\/www.memoria.cat\/bombardeigs\/m-carme-arcarons-bisbal\/\">V\u00eddeo entrevista a la neta<\/a><\/td>\n<\/tr>\n<tr>\n<td class=\"dsR12\" width=\"183\">Molins i Perarnau, Josep<\/td>\n<td class=\"dsR12\" width=\"39\">61<\/td>\n<td class=\"dsR13\">Barreres 30<\/td>\n<td class=\"dsR14\" align=\"center\" valign=\"middle\"><\/td>\n<\/tr>\n<\/tbody>\n<\/table>\n","protected":false},"excerpt":{"rendered":"<p>1r bombardeig (21-12-1938) Nom Edat Domicili V\u00eddeos d&#8217;entrevistes a familiars Ad\u00e1n i L\u00f3pez, Francisco 3 Barriada de Les Tortonyes, darrere n\u00fam. 4 Amen\u00f3s i Busquet, Ramon 21 Pla\u00e7a de la Creu 10 (Igualada) Armengol i Ricart, Dom\u00e8nec 46 Ctra. del Pont de Vilomara, Casa Volanta Bassi i Flix, Primitiu 29 Viladordis, Torre Planell Bonveh\u00ed i [&hellip;]<\/p>\n","protected":false},"author":1,"featured_media":0,"parent":0,"menu_order":0,"comment_status":"closed","ping_status":"closed","template":"","meta":{"footnotes":""},"class_list":["post-73699","page","type-page","status-publish","hentry"],"_links":{"self":[{"href":"https:\/\/www.memoria.cat\/bombardeigs\/wp-json\/wp\/v2\/pages\/73699","targetHints":{"allow":["GET"]}}],"collection":[{"href":"https:\/\/www.memoria.cat\/bombardeigs\/wp-json\/wp\/v2\/pages"}],"about":[{"href":"https:\/\/www.memoria.cat\/bombardeigs\/wp-json\/wp\/v2\/types\/page"}],"author":[{"embeddable":true,"href":"https:\/\/www.memoria.cat\/bombardeigs\/wp-json\/wp\/v2\/users\/1"}],"replies":[{"embeddable":true,"href":"https:\/\/www.memoria.cat\/bombardeigs\/wp-json\/wp\/v2\/comments?post=73699"}],"version-history":[{"count":0,"href":"https:\/\/www.memoria.cat\/bombardeigs\/wp-json\/wp\/v2\/pages\/73699\/revisions"}],"wp:attachment":[{"href":"https:\/\/www.memoria.cat\/bombardeigs\/wp-json\/wp\/v2\/media?parent=73699"}],"curies":[{"name":"wp","href":"https:\/\/api.w.org\/{rel}","templated":true}]}}