{"id":73697,"date":"2023-10-16T20:25:32","date_gmt":"2023-10-16T19:25:32","guid":{"rendered":"https:\/\/www.memoria.cat\/web-nova-bombardeigs\/?page_id=73697"},"modified":"2023-12-12T16:33:24","modified_gmt":"2023-12-12T15:33:24","slug":"mapa-dels-bombardeigs","status":"publish","type":"page","link":"https:\/\/www.memoria.cat\/bombardeigs\/mapa-dels-bombardeigs\/","title":{"rendered":"Mapa dels bombardeigs"},"content":{"rendered":"<div id=\"jig1\" class=\"justified-image-grid jig-9827b9a928d62c199e27ddc3c90f0e53 jig-preset-c2 jig-source-wp-gallery jig-rml-id-7\"><div class=\"jig-clearfix\"><\/div><noscript id=\"jig1-html\" class=\"justified-image-grid-html\" data-lazy-src=\"skiplazyload\" data-src=\"skipunveillazyload\"><ul><li><a href=\"https:\/\/www.memoria.cat\/bombardeigs\/wp-content\/uploads\/sites\/107\/2023\/12\/mapa-bombardeigs-manresa-2.jpg\"><img fetchpriority=\"high\" decoding=\"async\" src=\"https:\/\/www.memoria.cat\/bombardeigs\/wp-content\/uploads\/sites\/107\/2023\/12\/mapa-bombardeigs-manresa-2.jpg\" alt=\"\" width=\"321\" height=\"230\" \/><\/a><\/li><\/ul><\/noscript><\/div>\n<p><span class=\"ds8\">Fotografia a\u00e8ria de Manresa de l\u2019any 1937, feta per l\u2019aviaci\u00f3 italiana del govern Mussolini, integrada en un pl\u00e0nol actual de la ciutat, per situar els llocs on van caure les bombes durant els dos bombardeigs. (Foto: Centre d\u2019Hist\u00f2ria Contempor\u00e0nia de Catalunya).<\/span><\/p>\n<p><span class=\"ds8\">En realitat, l\u2019aviaci\u00f3 franquista va llen\u00e7ar m\u00e9s bombes sobre Manresa. Per\u00f2, en aquest pl\u00e0nol, nom\u00e9s s\u2019han senyalitzat aquelles que han estat \u00e0mpliament contrastades per diversos testimonis presencials i\/o documentals.<\/span><\/p>\n<p><span class=\"ds8\">Si teniu informacions que puguin ser d\u2019inter\u00e8s sobre el tema dels bombardeigs aeris a Manresa i al Bages us agrairem molt que us poseu en contacte amb nosaltres.<\/span><\/p>\n","protected":false},"excerpt":{"rendered":"<p>Fotografia a\u00e8ria de Manresa de l\u2019any 1937, feta per l\u2019aviaci\u00f3 italiana del govern Mussolini, integrada en un pl\u00e0nol actual de la ciutat, per situar els llocs on van caure les bombes durant els dos bombardeigs. (Foto: Centre d\u2019Hist\u00f2ria Contempor\u00e0nia de Catalunya). En realitat, l\u2019aviaci\u00f3 franquista va llen\u00e7ar m\u00e9s bombes sobre Manresa. Per\u00f2, en aquest pl\u00e0nol, [&hellip;]<\/p>\n","protected":false},"author":1,"featured_media":0,"parent":0,"menu_order":0,"comment_status":"closed","ping_status":"closed","template":"","meta":{"footnotes":""},"class_list":["post-73697","page","type-page","status-publish","hentry"],"_links":{"self":[{"href":"https:\/\/www.memoria.cat\/bombardeigs\/wp-json\/wp\/v2\/pages\/73697","targetHints":{"allow":["GET"]}}],"collection":[{"href":"https:\/\/www.memoria.cat\/bombardeigs\/wp-json\/wp\/v2\/pages"}],"about":[{"href":"https:\/\/www.memoria.cat\/bombardeigs\/wp-json\/wp\/v2\/types\/page"}],"author":[{"embeddable":true,"href":"https:\/\/www.memoria.cat\/bombardeigs\/wp-json\/wp\/v2\/users\/1"}],"replies":[{"embeddable":true,"href":"https:\/\/www.memoria.cat\/bombardeigs\/wp-json\/wp\/v2\/comments?post=73697"}],"version-history":[{"count":0,"href":"https:\/\/www.memoria.cat\/bombardeigs\/wp-json\/wp\/v2\/pages\/73697\/revisions"}],"wp:attachment":[{"href":"https:\/\/www.memoria.cat\/bombardeigs\/wp-json\/wp\/v2\/media?parent=73697"}],"curies":[{"name":"wp","href":"https:\/\/api.w.org\/{rel}","templated":true}]}}