{"id":73722,"date":"2024-01-09T17:52:25","date_gmt":"2024-01-09T16:52:25","guid":{"rendered":"https:\/\/www.memoria.cat\/audiencia-memorial-manresa\/?page_id=73722"},"modified":"2024-01-13T17:52:13","modified_gmt":"2024-01-13T16:52:13","slug":"resso-als-mitjans","status":"publish","type":"page","link":"https:\/\/www.memoria.cat\/audiencia-memorial-manresa\/resso-als-mitjans\/","title":{"rendered":"Ress\u00f2 als mitjans"},"content":{"rendered":"<p><a href=\"https:\/\/www.regio7.cat\/manresa\/2023\/01\/12\/acte-public-manresa-concordia-guerra-81003560.html\">Acte p\u00fablic a Manresa de conc\u00f2rdia sobre la Guerra Civil<\/a>. (Regi\u00f37, 12\/1\/2023)<\/p>\n<p><a href=\"https:\/\/www.memoria.cat\/deportats\/wp-login.php?redirect_to=https%3A%2F%2Fwww.memoria.cat%2Fdeportats%2Fwp-admin%2F&amp;reauth=1\">Manresa acollir\u00e0 una Audi\u00e8ncia Memorial, amb testimonis de la Guerra Civil i la dictadura franquista<\/a>. (Naci\u00f3 Manresa, 13\/1\/2023)<\/p>\n<p><a href=\"https:\/\/www.regio7.cat\/manresa\/2023\/01\/20\/onze-testimonis-guerra-civil-explicaran-81462914.html\">Onze testimonis de la Guerra Civil explicaran les seves viv\u00e8ncies en un acte de reparaci\u00f3 simb\u00f2lic<\/a>. (Regi\u00f37, 20\/1\/2023)<\/p>\n<p><a href=\"https:\/\/www.regio7.cat\/manresa\/2023\/01\/26\/victimes-guerra-civil-trenquen-silenci-81984966.html\">V\u00edctimes de la Guerra Civil trenquen el silenci sobre la seva experi\u00e8ncia, a<\/a><a href=\"https:\/\/www.regio7.cat\/manresa\/2023\/01\/26\/victimes-guerra-civil-trenquen-silenci-81984966.html\"> Manresa<\/a> (Regi\u00f37, 26\/1\/2023)<\/p>\n<p><a href=\"https:\/\/m.manresadiari.cat\/noticies\/detail.php?id=71927\">L&#8217;Audi\u00e8ncia Memorial omple la Plana de l&#8217;Om de Manresa<\/a> (Manresa Diari, 26\/1\/2023)<\/p>\n<p><a href=\"https:\/\/www.regio7.cat\/manresa\/2023\/01\/30\/estima-i-perdona-perque-tindras-82099889.html\">\u201cEstima i perdona perqu\u00e8 tindr\u00e0s pau\u201d. Deu v\u00edctimes de la guerra civil i el franquisme trenquen el seu silenci en p\u00fablic per explicar la seva experi\u00e8ncia del conflicte<\/a>. (Regi\u00f37, 30\/1\/2023)<\/p>\n<p style=\"text-align: center\"><a href=\"https:\/\/www.memoria.cat\/audiencia-memorial-manresa\/wp-content\/uploads\/sites\/114\/2024\/01\/Audiencia-Memorial.-Regio7-26_1_2023.png\"><img fetchpriority=\"high\" decoding=\"async\" class=\"alignnone wp-image-73775 size-large\" src=\"https:\/\/www.memoria.cat\/audiencia-memorial-manresa\/wp-content\/uploads\/sites\/114\/2024\/01\/Audiencia-Memorial.-Regio7-26_1_2023-772x1024.png\" alt=\"\" width=\"772\" height=\"1024\" srcset=\"https:\/\/www.memoria.cat\/audiencia-memorial-manresa\/wp-content\/uploads\/sites\/114\/2024\/01\/Audiencia-Memorial.-Regio7-26_1_2023-772x1024.png 772w, https:\/\/www.memoria.cat\/audiencia-memorial-manresa\/wp-content\/uploads\/sites\/114\/2024\/01\/Audiencia-Memorial.-Regio7-26_1_2023-226x300.png 226w, https:\/\/www.memoria.cat\/audiencia-memorial-manresa\/wp-content\/uploads\/sites\/114\/2024\/01\/Audiencia-Memorial.-Regio7-26_1_2023-768x1019.png 768w, https:\/\/www.memoria.cat\/audiencia-memorial-manresa\/wp-content\/uploads\/sites\/114\/2024\/01\/Audiencia-Memorial.-Regio7-26_1_2023-1158x1536.png 1158w, https:\/\/www.memoria.cat\/audiencia-memorial-manresa\/wp-content\/uploads\/sites\/114\/2024\/01\/Audiencia-Memorial.-Regio7-26_1_2023.png 1204w\" sizes=\"(max-width: 772px) 100vw, 772px\" \/><\/a><\/p>\n<p>&nbsp;<\/p>\n<p class=\"western\"><span style=\"color: #0563c1\"><a href=\"https:\/\/www.canaltaronja.cat\/central\/manresa\/manresa-escolta-el-testimoni-de-deu-victimes-de-la-guerra-civil-i-el-franquisme-en-la-primera-audiencia-memorial-celebrada-a-la-ciutat\/\"><span style=\"font-family: Arial, sans-serif\"><span style=\"font-size: large\">Manresa escolta el testimoni de deu v\u00edctimes de la guerra civil i el<\/span><\/span><\/a><a href=\"https:\/\/www.canaltaronja.cat\/central\/manresa\/manresa-escolta-el-testimoni-de-deu-victimes-de-la-guerra-civil-i-el-franquisme-en-la-primera-audiencia-memorial-celebrada-a-la-ciutat\/\"><span style=\"font-family: Arial, sans-serif\"><span style=\"font-size: large\"> franquism<\/span><\/span><\/a><a href=\"https:\/\/www.canaltaronja.cat\/central\/manresa\/manresa-escolta-el-testimoni-de-deu-victimes-de-la-guerra-civil-i-el-franquisme-en-la-primera-audiencia-memorial-celebrada-a-la-ciutat\/\"><span style=\"font-family: Arial, sans-serif\"><span style=\"font-size: large\">e<\/span><\/span><\/a><a href=\"https:\/\/www.canaltaronja.cat\/central\/manresa\/manresa-escolta-el-testimoni-de-deu-victimes-de-la-guerra-civil-i-el-franquisme-en-la-primera-audiencia-memorial-celebrada-a-la-ciutat\/\"><span style=\"font-family: Arial, sans-serif\"><span style=\"font-size: large\"> en la primera Audi\u00e8ncia Memorial celebrada a la ciutat<\/span><\/span><\/a><\/span><span style=\"color: #161616\"><span style=\"font-family: Arial, sans-serif\"><span style=\"font-size: large\">. (Canal Taronja, 26\/1\/2023)<\/span><\/span><\/span><\/p>\n<p>&nbsp;<\/p>\n","protected":false},"excerpt":{"rendered":"<p>Acte p\u00fablic a Manresa de conc\u00f2rdia sobre la Guerra Civil. (Regi\u00f37, 12\/1\/2023) Manresa acollir\u00e0 una Audi\u00e8ncia Memorial, amb testimonis de la Guerra Civil i la dictadura franquista. (Naci\u00f3 Manresa, 13\/1\/2023) Onze testimonis de la Guerra Civil explicaran les seves viv\u00e8ncies en un acte de reparaci\u00f3 simb\u00f2lic. (Regi\u00f37, 20\/1\/2023) V\u00edctimes de la Guerra Civil trenquen el [&hellip;]<\/p>\n","protected":false},"author":28,"featured_media":0,"parent":0,"menu_order":0,"comment_status":"closed","ping_status":"closed","template":"","meta":{"iawp_total_views":2,"footnotes":""},"class_list":["post-73722","page","type-page","status-publish","hentry"],"_links":{"self":[{"href":"https:\/\/www.memoria.cat\/audiencia-memorial-manresa\/wp-json\/wp\/v2\/pages\/73722","targetHints":{"allow":["GET"]}}],"collection":[{"href":"https:\/\/www.memoria.cat\/audiencia-memorial-manresa\/wp-json\/wp\/v2\/pages"}],"about":[{"href":"https:\/\/www.memoria.cat\/audiencia-memorial-manresa\/wp-json\/wp\/v2\/types\/page"}],"author":[{"embeddable":true,"href":"https:\/\/www.memoria.cat\/audiencia-memorial-manresa\/wp-json\/wp\/v2\/users\/28"}],"replies":[{"embeddable":true,"href":"https:\/\/www.memoria.cat\/audiencia-memorial-manresa\/wp-json\/wp\/v2\/comments?post=73722"}],"version-history":[{"count":0,"href":"https:\/\/www.memoria.cat\/audiencia-memorial-manresa\/wp-json\/wp\/v2\/pages\/73722\/revisions"}],"wp:attachment":[{"href":"https:\/\/www.memoria.cat\/audiencia-memorial-manresa\/wp-json\/wp\/v2\/media?parent=73722"}],"curies":[{"name":"wp","href":"https:\/\/api.w.org\/{rel}","templated":true}]}}