{"id":73720,"date":"2024-01-09T17:52:09","date_gmt":"2024-01-09T16:52:09","guid":{"rendered":"https:\/\/www.memoria.cat\/audiencia-memorial-manresa\/?page_id=73720"},"modified":"2024-01-09T19:02:38","modified_gmt":"2024-01-09T18:02:38","slug":"cronica-grafica","status":"publish","type":"page","link":"https:\/\/www.memoria.cat\/audiencia-memorial-manresa\/cronica-grafica\/","title":{"rendered":"Cr\u00f2nica gr\u00e0fica"},"content":{"rendered":"<div id=\"jig1\" class=\"justified-image-grid jig-edc095dd130a798350491b49831c4a13 jig-preset-global jig-source-wp-gallery jig-rml-id-2\"><div class=\"jig-clearfix\"><\/div><noscript id=\"jig1-html\" class=\"justified-image-grid-html\" data-lazy-src=\"skiplazyload\" data-src=\"skipunveillazyload\"><ul><li><a href=\"https:\/\/www.memoria.cat\/audiencia-memorial-manresa\/wp-content\/uploads\/sites\/114\/2024\/01\/000.Audiencia-Memorial-Manresa-scaled.jpg\" title=\"Cartell de l\u2019Audi\u00e8ncia Memorial de Manresa.\n\"><img decoding=\"async\" src=\"https:\/\/www.memoria.cat\/audiencia-memorial-manresa\/wp-content\/uploads\/sites\/114\/2024\/01\/000.Audiencia-Memorial-Manresa-scaled.jpg\" alt=\"Cartell de l\u2019Audi\u00e8ncia Memorial de Manresa.\n\" width=\"164\" height=\"230\" \/><\/a><p class=\"jig-HTMLdescription\">Cartell de l\u2019Audi\u00e8ncia Memorial de Manresa.\n<\/p><\/li><li><a href=\"https:\/\/www.memoria.cat\/audiencia-memorial-manresa\/wp-content\/uploads\/sites\/114\/2024\/01\/001.Audiencia-Memorial-Manresa-scaled.jpg\" title=\"Jordi Palau-Loverdos, conductor de l\u2019Audi\u00e8ncia Memorial. (Foto: Salvador Red\u00f3).\n\"><img fetchpriority=\"high\" decoding=\"async\" src=\"https:\/\/www.memoria.cat\/audiencia-memorial-manresa\/wp-content\/uploads\/sites\/114\/2024\/01\/001.Audiencia-Memorial-Manresa-scaled.jpg\" alt=\"Jordi Palau-Loverdos, conductor de l\u2019Audi\u00e8ncia Memorial. (Foto: Salvador Red\u00f3).\n\" width=\"344\" height=\"230\" \/><\/a><p class=\"jig-HTMLdescription\">Jordi Palau-Loverdos, conductor de l\u2019Audi\u00e8ncia Memorial. (Foto: Salvador Red\u00f3).\n<\/p><\/li><li><a href=\"https:\/\/www.memoria.cat\/audiencia-memorial-manresa\/wp-content\/uploads\/sites\/114\/2024\/01\/002.Audiencia-Memorial-Manresa-scaled.jpg\" title=\"Mireia Vives Puig, conductora de l\u2019Audi\u00e8ncia Memorial. (Foto: Salvador Red\u00f3).\n\"><img decoding=\"async\" src=\"https:\/\/www.memoria.cat\/audiencia-memorial-manresa\/wp-content\/uploads\/sites\/114\/2024\/01\/002.Audiencia-Memorial-Manresa-scaled.jpg\" alt=\"Mireia Vives Puig, conductora de l\u2019Audi\u00e8ncia Memorial. (Foto: Salvador Red\u00f3).\n\" width=\"344\" height=\"230\" \/><\/a><p class=\"jig-HTMLdescription\">Mireia Vives Puig, conductora de l\u2019Audi\u00e8ncia Memorial. (Foto: Salvador Red\u00f3).\n<\/p><\/li><li><a href=\"https:\/\/www.memoria.cat\/audiencia-memorial-manresa\/wp-content\/uploads\/sites\/114\/2024\/01\/003.Audiencia-Memorial-Manresa-scaled.jpg\" title=\"\u00c0ngel Vilarasau Soler. (Foto: Salvador Red\u00f3).\n\"><img loading=\"lazy\" decoding=\"async\" src=\"https:\/\/www.memoria.cat\/audiencia-memorial-manresa\/wp-content\/uploads\/sites\/114\/2024\/01\/003.Audiencia-Memorial-Manresa-scaled.jpg\" alt=\"\u00c0ngel Vilarasau Soler. (Foto: Salvador Red\u00f3).\n\" width=\"344\" height=\"230\" \/><\/a><p class=\"jig-HTMLdescription\">\u00c0ngel Vilarasau Soler. (Foto: Salvador Red\u00f3).\n<\/p><\/li><li><a href=\"https:\/\/www.memoria.cat\/audiencia-memorial-manresa\/wp-content\/uploads\/sites\/114\/2024\/01\/004.Audiencia-Memorial-Manresa-scaled.jpg\" title=\"Montserrat Basiana Vers. (Foto: Salvador Red\u00f3).\n\"><img loading=\"lazy\" decoding=\"async\" src=\"https:\/\/www.memoria.cat\/audiencia-memorial-manresa\/wp-content\/uploads\/sites\/114\/2024\/01\/004.Audiencia-Memorial-Manresa-scaled.jpg\" alt=\"Montserrat Basiana Vers. (Foto: Salvador Red\u00f3).\n\" width=\"344\" height=\"230\" \/><\/a><p class=\"jig-HTMLdescription\">Montserrat Basiana Vers. (Foto: Salvador Red\u00f3).\n<\/p><\/li><li><a href=\"https:\/\/www.memoria.cat\/audiencia-memorial-manresa\/wp-content\/uploads\/sites\/114\/2024\/01\/005.Audiencia-Memorial-Manresa-scaled.jpg\" title=\"Dolors Puns\u00e0 Jubells. (Foto: Salvador Red\u00f3).\n\"><img loading=\"lazy\" decoding=\"async\" src=\"https:\/\/www.memoria.cat\/audiencia-memorial-manresa\/wp-content\/uploads\/sites\/114\/2024\/01\/005.Audiencia-Memorial-Manresa-scaled.jpg\" alt=\"Dolors Puns\u00e0 Jubells. (Foto: Salvador Red\u00f3).\n\" width=\"344\" height=\"230\" \/><\/a><p class=\"jig-HTMLdescription\">Dolors Puns\u00e0 Jubells. (Foto: Salvador Red\u00f3).\n<\/p><\/li><li><a href=\"https:\/\/www.memoria.cat\/audiencia-memorial-manresa\/wp-content\/uploads\/sites\/114\/2024\/01\/006.Audiencia-Memorial-Manresa-scaled.jpg\" title=\"Estanislau Corrons Graells. (Foto: Salvador Red\u00f3).\n\"><img loading=\"lazy\" decoding=\"async\" src=\"https:\/\/www.memoria.cat\/audiencia-memorial-manresa\/wp-content\/uploads\/sites\/114\/2024\/01\/006.Audiencia-Memorial-Manresa-scaled.jpg\" alt=\"Estanislau Corrons Graells. (Foto: Salvador Red\u00f3).\n\" width=\"344\" height=\"230\" \/><\/a><p class=\"jig-HTMLdescription\">Estanislau Corrons Graells. (Foto: Salvador Red\u00f3).\n<\/p><\/li><li><a href=\"https:\/\/www.memoria.cat\/audiencia-memorial-manresa\/wp-content\/uploads\/sites\/114\/2024\/01\/007.Audiencia-Memorial-Manresa-scaled.jpg\" title=\"Pepita Pedra Plubins, acompanyada del seu fill. (Foto: Salvador Red\u00f3).\n\"><img loading=\"lazy\" decoding=\"async\" src=\"https:\/\/www.memoria.cat\/audiencia-memorial-manresa\/wp-content\/uploads\/sites\/114\/2024\/01\/007.Audiencia-Memorial-Manresa-scaled.jpg\" alt=\"Pepita Pedra Plubins, acompanyada del seu fill. (Foto: Salvador Red\u00f3).\n\" width=\"344\" height=\"230\" \/><\/a><p class=\"jig-HTMLdescription\">Pepita Pedra Plubins, acompanyada del seu fill. (Foto: Salvador Red\u00f3).\n<\/p><\/li><li><a href=\"https:\/\/www.memoria.cat\/audiencia-memorial-manresa\/wp-content\/uploads\/sites\/114\/2024\/01\/008.Audiencia-Memorial-Manresa-scaled.jpg\" title=\"Llu\u00eds Serra Sancho. (Foto: Salvador Red\u00f3).\n\"><img loading=\"lazy\" decoding=\"async\" src=\"https:\/\/www.memoria.cat\/audiencia-memorial-manresa\/wp-content\/uploads\/sites\/114\/2024\/01\/008.Audiencia-Memorial-Manresa-scaled.jpg\" alt=\"Llu\u00eds Serra Sancho. (Foto: Salvador Red\u00f3).\n\" width=\"344\" height=\"230\" \/><\/a><p class=\"jig-HTMLdescription\">Llu\u00eds Serra Sancho. (Foto: Salvador Red\u00f3).\n<\/p><\/li><li><a href=\"https:\/\/www.memoria.cat\/audiencia-memorial-manresa\/wp-content\/uploads\/sites\/114\/2024\/01\/009.Audiencia-Memorial-Manresa-scaled.jpg\" title=\"Joan Pallej\u00e0 Par\u00e9s. (Foto: Salvador Red\u00f3).\n\"><img loading=\"lazy\" decoding=\"async\" src=\"https:\/\/www.memoria.cat\/audiencia-memorial-manresa\/wp-content\/uploads\/sites\/114\/2024\/01\/009.Audiencia-Memorial-Manresa-scaled.jpg\" alt=\"Joan Pallej\u00e0 Par\u00e9s. (Foto: Salvador Red\u00f3).\n\" width=\"153\" height=\"230\" \/><\/a><p class=\"jig-HTMLdescription\">Joan Pallej\u00e0 Par\u00e9s. (Foto: Salvador Red\u00f3).\n<\/p><\/li><li><a href=\"https:\/\/www.memoria.cat\/audiencia-memorial-manresa\/wp-content\/uploads\/sites\/114\/2024\/01\/010.Audiencia-Memorial-Manresa-scaled.jpg\" title=\"Anna Hern\u00e1ndez Garriga. (Foto: Salvador Red\u00f3).\n\"><img loading=\"lazy\" decoding=\"async\" src=\"https:\/\/www.memoria.cat\/audiencia-memorial-manresa\/wp-content\/uploads\/sites\/114\/2024\/01\/010.Audiencia-Memorial-Manresa-scaled.jpg\" alt=\"Anna Hern\u00e1ndez Garriga. (Foto: Salvador Red\u00f3).\n\" width=\"153\" height=\"230\" \/><\/a><p class=\"jig-HTMLdescription\">Anna Hern\u00e1ndez Garriga. (Foto: Salvador Red\u00f3).\n<\/p><\/li><li><a href=\"https:\/\/www.memoria.cat\/audiencia-memorial-manresa\/wp-content\/uploads\/sites\/114\/2024\/01\/011.Audiencia-Memorial-Manresa-scaled.jpg\" title=\"Anna M. Batalla Sol\u00e0. (Foto: Salvador Red\u00f3).\n\"><img loading=\"lazy\" decoding=\"async\" src=\"https:\/\/www.memoria.cat\/audiencia-memorial-manresa\/wp-content\/uploads\/sites\/114\/2024\/01\/011.Audiencia-Memorial-Manresa-scaled.jpg\" alt=\"Anna M. Batalla Sol\u00e0. (Foto: Salvador Red\u00f3).\n\" width=\"153\" height=\"230\" \/><\/a><p class=\"jig-HTMLdescription\">Anna M. Batalla Sol\u00e0. (Foto: Salvador Red\u00f3).\n<\/p><\/li><li><a href=\"https:\/\/www.memoria.cat\/audiencia-memorial-manresa\/wp-content\/uploads\/sites\/114\/2024\/01\/012.Audiencia-Memorial-Manresa-scaled.jpg\" title=\"Joan Sala Fain\u00e9. (Foto: Salvador Red\u00f3).\n\"><img loading=\"lazy\" decoding=\"async\" src=\"https:\/\/www.memoria.cat\/audiencia-memorial-manresa\/wp-content\/uploads\/sites\/114\/2024\/01\/012.Audiencia-Memorial-Manresa-scaled.jpg\" alt=\"Joan Sala Fain\u00e9. (Foto: Salvador Red\u00f3).\n\" width=\"153\" height=\"230\" \/><\/a><p class=\"jig-HTMLdescription\">Joan Sala Fain\u00e9. (Foto: Salvador Red\u00f3).\n<\/p><\/li><li><a href=\"https:\/\/www.memoria.cat\/audiencia-memorial-manresa\/wp-content\/uploads\/sites\/114\/2024\/01\/013.Audiencia-Memorial-Manresa-scaled.jpg\" title=\"Joaquim Aloy i Bosch. \n\"><img loading=\"lazy\" decoding=\"async\" src=\"https:\/\/www.memoria.cat\/audiencia-memorial-manresa\/wp-content\/uploads\/sites\/114\/2024\/01\/013.Audiencia-Memorial-Manresa-scaled.jpg\" alt=\"Joaquim Aloy i Bosch. \n\" width=\"153\" height=\"230\" \/><\/a><p class=\"jig-HTMLdescription\">Joaquim Aloy i Bosch. \n<\/p><\/li><li><a href=\"https:\/\/www.memoria.cat\/audiencia-memorial-manresa\/wp-content\/uploads\/sites\/114\/2024\/01\/014.Audiencia-Memorial-Manresa-scaled.jpg\" title=\"Intervenci\u00f3 de Marc Aloy Gu\u00e0rdia, alcalde de Manresa.\n\"><img loading=\"lazy\" decoding=\"async\" src=\"https:\/\/www.memoria.cat\/audiencia-memorial-manresa\/wp-content\/uploads\/sites\/114\/2024\/01\/014.Audiencia-Memorial-Manresa-scaled.jpg\" alt=\"Intervenci\u00f3 de Marc Aloy Gu\u00e0rdia, alcalde de Manresa.\n\" width=\"344\" height=\"230\" \/><\/a><p class=\"jig-HTMLdescription\">Intervenci\u00f3 de Marc Aloy Gu\u00e0rdia, alcalde de Manresa.\n<\/p><\/li><li><a href=\"https:\/\/www.memoria.cat\/audiencia-memorial-manresa\/wp-content\/uploads\/sites\/114\/2024\/01\/015.Audiencia-Memorial-Manresa.jpg\" title=\"L\u2019auditori de La Plana de l\u2019Om ple durant la celebraci\u00f3 de l\u2019Audi\u00e8ncia Memorial.\n\"><img loading=\"lazy\" decoding=\"async\" src=\"https:\/\/www.memoria.cat\/audiencia-memorial-manresa\/wp-content\/uploads\/sites\/114\/2024\/01\/015.Audiencia-Memorial-Manresa.jpg\" alt=\"L\u2019auditori de La Plana de l\u2019Om ple durant la celebraci\u00f3 de l\u2019Audi\u00e8ncia Memorial.\n\" width=\"306\" height=\"230\" \/><\/a><p class=\"jig-HTMLdescription\">L\u2019auditori de La Plana de l\u2019Om ple durant la celebraci\u00f3 de l\u2019Audi\u00e8ncia Memorial.\n<\/p><\/li><li><a href=\"https:\/\/www.memoria.cat\/audiencia-memorial-manresa\/wp-content\/uploads\/sites\/114\/2024\/01\/016.Audiencia-Memorial-Manresa.jpg\" title=\"L\u2019auditori de La Plana de l\u2019Om ple durant la celebraci\u00f3 de l\u2019Audi\u00e8ncia Memorial.\n\"><img loading=\"lazy\" decoding=\"async\" src=\"https:\/\/www.memoria.cat\/audiencia-memorial-manresa\/wp-content\/uploads\/sites\/114\/2024\/01\/016.Audiencia-Memorial-Manresa.jpg\" alt=\"L\u2019auditori de La Plana de l\u2019Om ple durant la celebraci\u00f3 de l\u2019Audi\u00e8ncia Memorial.\n\" width=\"306\" height=\"230\" \/><\/a><p class=\"jig-HTMLdescription\">L\u2019auditori de La Plana de l\u2019Om ple durant la celebraci\u00f3 de l\u2019Audi\u00e8ncia Memorial.\n<\/p><\/li><\/ul><\/noscript><\/div>\n<p>&nbsp;<\/p>\n","protected":false},"excerpt":{"rendered":"<p>&nbsp;<\/p>\n","protected":false},"author":28,"featured_media":0,"parent":0,"menu_order":0,"comment_status":"closed","ping_status":"closed","template":"","meta":{"iawp_total_views":13,"footnotes":""},"class_list":["post-73720","page","type-page","status-publish","hentry"],"_links":{"self":[{"href":"https:\/\/www.memoria.cat\/audiencia-memorial-manresa\/wp-json\/wp\/v2\/pages\/73720","targetHints":{"allow":["GET"]}}],"collection":[{"href":"https:\/\/www.memoria.cat\/audiencia-memorial-manresa\/wp-json\/wp\/v2\/pages"}],"about":[{"href":"https:\/\/www.memoria.cat\/audiencia-memorial-manresa\/wp-json\/wp\/v2\/types\/page"}],"author":[{"embeddable":true,"href":"https:\/\/www.memoria.cat\/audiencia-memorial-manresa\/wp-json\/wp\/v2\/users\/28"}],"replies":[{"embeddable":true,"href":"https:\/\/www.memoria.cat\/audiencia-memorial-manresa\/wp-json\/wp\/v2\/comments?post=73720"}],"version-history":[{"count":0,"href":"https:\/\/www.memoria.cat\/audiencia-memorial-manresa\/wp-json\/wp\/v2\/pages\/73720\/revisions"}],"wp:attachment":[{"href":"https:\/\/www.memoria.cat\/audiencia-memorial-manresa\/wp-json\/wp\/v2\/media?parent=73720"}],"curies":[{"name":"wp","href":"https:\/\/api.w.org\/{rel}","templated":true}]}}