{"id":73682,"date":"2024-01-09T17:43:03","date_gmt":"2024-01-09T16:43:03","guid":{"rendered":"https:\/\/www.memoria.cat\/audiencia-memorial-manresa\/?page_id=73682"},"modified":"2024-01-11T11:39:44","modified_gmt":"2024-01-11T10:39:44","slug":"que-es-laudiencia-memorial","status":"publish","type":"page","link":"https:\/\/www.memoria.cat\/audiencia-memorial-manresa\/que-es-laudiencia-memorial\/","title":{"rendered":"Qu\u00e8 \u00e9s l&#8217;Audi\u00e8ncia Memorial"},"content":{"rendered":"<p class=\"p1\"><span class=\"s1\">Una Audi\u00e8ncia Memorial constitueix un f\u00f2rum p\u00fablic on v\u00edctimes o descendents de v\u00edctimes de la viol\u00e8ncia de la guerra civil i de la dictadura franquista exposen les seves viv\u00e8ncies personals.\u00a0Amb els seus testimoniatges, l&#8217;Audi\u00e8ncia Memorial pret\u00e9n facilitar l&#8217;escolta de les persones afectades pels fets violents que<span class=\"Apple-converted-space\">\u00a0 <\/span>van patir.\u00a0L&#8217;acte, una sessi\u00f3 p\u00fablica i solemne, est\u00e0 orientat a la reparaci\u00f3 simb\u00f2lica i el reconeixement institucional de totes les v\u00edctimes, i culmina amb el comprom\u00eds de responsables institucionals en termes de just\u00edcia, reparaci\u00f3 i no repetici\u00f3.<\/span><\/p>\n<p class=\"p1\"><span class=\"s1\">Els objectius espec\u00edfics de l\u2019Audi\u00e8ncia Memorial s\u00f3n:<\/span><\/p>\n<ul class=\"ul1\">\n<li class=\"li2\"><span class=\"s2\">Recuperar les diverses mem\u00f2ries personals i dom\u00e8stiques que han quedat retingudes en el si de les fam\u00edlies, i en moltes ocasions, de les persones que van patir els fets<\/span><\/li>\n<li class=\"li2\"><span class=\"s2\">Concretar pol\u00edtiques p\u00fabliques de mem\u00f2ria en l\u2019espai local<\/span><\/li>\n<li class=\"li2\"><span class=\"s2\">Trencar el silenci imposat (i autoimposat)<\/span><\/li>\n<li class=\"li2\"><span class=\"s2\">Contribuir a la reparaci\u00f3 moral i simb\u00f2lica de les v\u00edctimes<\/span><\/li>\n<li class=\"li2\"><span class=\"s2\">Posar en valor la capacitat de resili\u00e8ncia individual i\/o col\u00b7lectiva davant el dolor i sofriment de conciutadans<\/span><\/li>\n<li class=\"li2\"><span class=\"s2\">Facilitar el reconeixement institucional a les v\u00edctimes de la guerra civil i\/o dictadura<\/span><\/li>\n<\/ul>\n<p class=\"p3\"><span class=\"s1\">La introducci\u00f3 de les Audi\u00e8ncies Memorials a Catalunya va ser obra de l\u2019advocat i mediador internacional especialitzat en resoluci\u00f3 de conflictes, drets humans i construcci\u00f3 de la pau Jordi Palou-Loverdos quan era director del Memorial Democr\u00e0tic de la Generalitat de Catalunya. Des de l\u2019any 2018 el projecte \u00e9s impulsat pel Programa de Mem\u00f2ria Democr\u00e0tica de la Diputaci\u00f3 de Barcelona (\u00c0rea de Presid\u00e8ncia), que ho proposa dur a terme l\u2019acte als ajuntaments i n\u2019encarrega l\u2019 execuci\u00f3 a Jordi Palou-Loverdos i a Mireia Vives i Puig. El projecte de les Audi\u00e8ncies Memorials va ser guardonat amb el Premi ADR Just\u00edcia a la millor iniciativa en mediaci\u00f3 i altres mitjans de resoluci\u00f3 de conflictes.<\/span><\/p>\n<p class=\"p6\"><span class=\"s3\"><a href=\"https:\/\/justicia.gencat.cat\/web\/.content\/home\/ambits\/mediacio_dret_privat\/la_mediacio\/premis-ADR\/MEMORIAPremiADR2022.pdf\">MEM\u00d2RIA DEL PROJECTE: AUDI\u00c8NCIES MEMORIALS A CATALUNYA Escolta, Reconeixement, Reparaci\u00f3 i Resili\u00e8ncia sobre la guerra civil i la dictadura franquista. Premi ADR JUST\u00cdCIA 2022<\/a><\/span><\/p>\n<p class=\"p6\"><span class=\"s4\"><br \/>\n<a href=\"https:\/\/reflections.news\/es\/audiencias-memoriales-en-catalunya\/\"><span class=\"s5\">AUDIENCIAS MEMORIALES EN CATALUNYA<\/span><\/a>. Article de Jordi Palou-Loverdos<\/span><\/p>\n<p class=\"p7\"><span class=\"s3\"><br \/>\n<a href=\"https:\/\/reflections.news\/es\/1a-2o-3a-y-4a-generacion-reparando-conjuntamente-el-tejido-social-danado\/\">1\u00aa, 2\u00aa, 3\u00aa Y 4\u00aa GENERACI\u00d3N REPARANDO CONJUNTAMENTE EL TEJIDO SOCIAL DA\u00d1ADO<\/a><\/span><span class=\"s4\">. Article de Jordi Palau-Loverdos<\/span><\/p>\n<p>&nbsp;<\/p>\n","protected":false},"excerpt":{"rendered":"<p>Una Audi\u00e8ncia Memorial constitueix un f\u00f2rum p\u00fablic on v\u00edctimes o descendents de v\u00edctimes de la viol\u00e8ncia de la guerra civil i de la dictadura franquista exposen les seves viv\u00e8ncies personals.\u00a0Amb els seus testimoniatges, l&#8217;Audi\u00e8ncia Memorial pret\u00e9n facilitar l&#8217;escolta de les persones afectades pels fets violents que\u00a0 van patir.\u00a0L&#8217;acte, una sessi\u00f3 p\u00fablica i solemne, est\u00e0 orientat [&hellip;]<\/p>\n","protected":false},"author":28,"featured_media":0,"parent":0,"menu_order":0,"comment_status":"closed","ping_status":"closed","template":"","meta":{"iawp_total_views":22,"footnotes":""},"class_list":["post-73682","page","type-page","status-publish","hentry"],"_links":{"self":[{"href":"https:\/\/www.memoria.cat\/audiencia-memorial-manresa\/wp-json\/wp\/v2\/pages\/73682","targetHints":{"allow":["GET"]}}],"collection":[{"href":"https:\/\/www.memoria.cat\/audiencia-memorial-manresa\/wp-json\/wp\/v2\/pages"}],"about":[{"href":"https:\/\/www.memoria.cat\/audiencia-memorial-manresa\/wp-json\/wp\/v2\/types\/page"}],"author":[{"embeddable":true,"href":"https:\/\/www.memoria.cat\/audiencia-memorial-manresa\/wp-json\/wp\/v2\/users\/28"}],"replies":[{"embeddable":true,"href":"https:\/\/www.memoria.cat\/audiencia-memorial-manresa\/wp-json\/wp\/v2\/comments?post=73682"}],"version-history":[{"count":0,"href":"https:\/\/www.memoria.cat\/audiencia-memorial-manresa\/wp-json\/wp\/v2\/pages\/73682\/revisions"}],"wp:attachment":[{"href":"https:\/\/www.memoria.cat\/audiencia-memorial-manresa\/wp-json\/wp\/v2\/media?parent=73682"}],"curies":[{"name":"wp","href":"https:\/\/api.w.org\/{rel}","templated":true}]}}