{"id":73404,"date":"2019-11-11T13:18:10","date_gmt":"2019-11-11T12:18:10","guid":{"rendered":"https:\/\/www.memoria.cat\/ara\/?page_id=73404"},"modified":"2025-05-24T07:40:31","modified_gmt":"2025-05-24T06:40:31","slug":"portada","status":"publish","type":"page","link":"https:\/\/www.memoria.cat\/ara\/","title":{"rendered":"Portada"},"content":{"rendered":"<p>&nbsp;<\/p>\n<p>Entre els anys 1930 i 1932, a Manresa es van publicar 6 n\u00fameros de la revista \u201cAra\u201d. Era una revista trencadora, contestat\u00e0ria, antiburgesa, d&#8217;avantguarda, moderna, avan\u00e7ada al seu temps, que feia bandera de la seva aversi\u00f3 als Jocs Florals i que tenia una gran qualitat. Va sorgir a partir dels neguits d\u2019un grup d\u2019intel\u00b7lectuals, escriptors i artistes partidaris de la modernitat i del debat de les idees. Cal destacar-hi els noms de Josep Mart\u00ed Farreras, Joaquim Amat-Piniella, Josep M. Niub\u00f2, Francesc Padr\u00f3, Joan Baptista Claret i Joaquim Nubiola.<\/p>\n<p><a href=\"https:\/\/xac.gencat.cat\/ca\/llista_arxius_comarcals\/bages\/index.html\" target=\"_blank\" rel=\"noopener\">L\u2019Arxiu Comarcal del Bages<\/a> en conserva els sis exemplars que a partir d&#8217;avui es troben reprodu\u00efts en aquest web. A causa del gran inter\u00e8s cultural i hist\u00f2ric d&#8217;aquesta revista, i com una aportaci\u00f3 m\u00e9s al cinquantenari de la mort de Joaquim Amat-Piniella, esdevinguda el 3 d&#8217;agost de 1974, vam demanar a l\u2019Arxiu -i ens van concedir- que els pogu\u00e9ssim reproduir \u00edntegrament. Acompanyem els 6 n\u00fameros amb un <a href=\"https:\/\/www.memoria.cat\/ara\/relacio-darticles\/\" target=\"_blank\" rel=\"noopener\">\u00edndex<\/a> amb la relaci\u00f3 dels seus continguts.<\/p>\n<p>A la revista es publicaven contes, poemes, il\u00b7lustracions (d\u2019Evarist Basiana, Joan Vilanova, Estanislau Vilajosana i Joan Pons) i articles sobre les novetats liter\u00e0ries i art\u00edstiques del moment, ja que un dels seus objectius era promoure l\u2019activitat i el desenvolupament cultural a la ciutat. En aquest sentit, denunciaven la manca d\u2019inter\u00e8s de la burgesia cap a la cultura i envers l\u2019art i els artistes locals. Cal destacar que en els textos del primer n\u00famero no van usar cap lletra maj\u00fascula.<\/p>\n<p>A la revista \u201cAra\u201d, segons Josep Mart\u00ed Farreras, \u201ces propugnava sistem\u00e0ticament una revolta total en el camp est\u00e8tic\u201d. En desapar\u00e8ixer la publicaci\u00f3, els seus membres van formar la Penya Ara que organitzava exposicions, recitals i confer\u00e8ncies.<\/p>\n<p style=\"text-align: center\">Associaci\u00f3 Mem\u00f2ria i Hist\u00f2ria de Manresa<\/p>\n","protected":false},"excerpt":{"rendered":"<p>&nbsp; Entre els anys 1930 i 1932, a Manresa es van publicar 6 n\u00fameros de la revista \u201cAra\u201d. Era una revista trencadora, contestat\u00e0ria, antiburgesa, d&#8217;avantguarda, moderna, avan\u00e7ada al seu temps, que feia bandera de la seva aversi\u00f3 als Jocs Florals i que tenia una gran qualitat. Va sorgir a partir dels neguits d\u2019un grup d\u2019intel\u00b7lectuals, [&hellip;]<\/p>\n","protected":false},"author":1,"featured_media":0,"parent":0,"menu_order":0,"comment_status":"closed","ping_status":"closed","template":"","meta":{"footnotes":""},"class_list":["post-73404","page","type-page","status-publish","hentry"],"_links":{"self":[{"href":"https:\/\/www.memoria.cat\/ara\/wp-json\/wp\/v2\/pages\/73404","targetHints":{"allow":["GET"]}}],"collection":[{"href":"https:\/\/www.memoria.cat\/ara\/wp-json\/wp\/v2\/pages"}],"about":[{"href":"https:\/\/www.memoria.cat\/ara\/wp-json\/wp\/v2\/types\/page"}],"author":[{"embeddable":true,"href":"https:\/\/www.memoria.cat\/ara\/wp-json\/wp\/v2\/users\/1"}],"replies":[{"embeddable":true,"href":"https:\/\/www.memoria.cat\/ara\/wp-json\/wp\/v2\/comments?post=73404"}],"version-history":[{"count":0,"href":"https:\/\/www.memoria.cat\/ara\/wp-json\/wp\/v2\/pages\/73404\/revisions"}],"wp:attachment":[{"href":"https:\/\/www.memoria.cat\/ara\/wp-json\/wp\/v2\/media?parent=73404"}],"curies":[{"name":"wp","href":"https:\/\/api.w.org\/{rel}","templated":true}]}}