{"id":72133,"date":"2018-07-04T12:00:26","date_gmt":"2018-07-04T11:00:26","guid":{"rendered":"https:\/\/www.memoria.cat\/antonio-donate\/?page_id=72133"},"modified":"2018-07-09T09:54:01","modified_gmt":"2018-07-09T08:54:01","slug":"compromis-professional","status":"publish","type":"page","link":"https:\/\/www.memoria.cat\/antonio-donate\/reflexions\/compromis-professional\/","title":{"rendered":"Comprom\u00eds professional"},"content":{"rendered":"<h3>El dilema d\u2019exercir com a jutge sota les lleis del Franquisme<\/h3>\n<p><iframe title=\"Tall 7- El dilema d\u2019exercir com a jutge sota les lleis del Franquisme\" src=\"https:\/\/player.vimeo.com\/video\/276491053?dnt=1&amp;app_id=122963\" width=\"800\" height=\"450\" frameborder=\"0\" allow=\"autoplay; fullscreen; picture-in-picture; clipboard-write\"><\/iframe><\/p>\n<h3>El seu comprom\u00eds com a jutge des de la independ\u00e8ncia pol\u00edtica<\/h3>\n<p><iframe title=\"Tall 12- El seu compromi\u0301s com a jutge des de la independe\u0300ncia poli\u0301tica\" src=\"https:\/\/player.vimeo.com\/video\/276492130?dnt=1&amp;app_id=122963\" width=\"800\" height=\"450\" frameborder=\"0\" allow=\"autoplay; fullscreen; picture-in-picture; clipboard-write\"><\/iframe><\/p>\n<h3>La seva visi\u00f3 del paper del jutge<\/h3>\n<p><iframe title=\"Tall 17 \u2013 La seva visio\u0301 del paper del jutge\" src=\"https:\/\/player.vimeo.com\/video\/276492232?dnt=1&amp;app_id=122963\" width=\"800\" height=\"450\" frameborder=\"0\" allow=\"autoplay; fullscreen; picture-in-picture; clipboard-write\"><\/iframe><\/p>\n<h3>La seva jubilaci\u00f3<\/h3>\n<p><iframe title=\"Tall 34- La seva jubilacio\u0301\" src=\"https:\/\/player.vimeo.com\/video\/278955643?dnt=1&amp;app_id=122963\" width=\"800\" height=\"450\" frameborder=\"0\" allow=\"autoplay; fullscreen; picture-in-picture; clipboard-write\"><\/iframe><\/p>\n<p>&nbsp;<\/p>\n<p>&nbsp;<\/p>\n","protected":false},"excerpt":{"rendered":"<p>El dilema d\u2019exercir com a jutge sota les lleis del Franquisme El seu comprom\u00eds com a jutge des de la independ\u00e8ncia pol\u00edtica La seva visi\u00f3 del paper del jutge La seva jubilaci\u00f3 &nbsp; &nbsp;<\/p>\n","protected":false},"author":28,"featured_media":0,"parent":72130,"menu_order":0,"comment_status":"closed","ping_status":"closed","template":"","meta":{"iawp_total_views":0,"footnotes":""},"class_list":["post-72133","page","type-page","status-publish","hentry"],"_links":{"self":[{"href":"https:\/\/www.memoria.cat\/antonio-donate\/wp-json\/wp\/v2\/pages\/72133","targetHints":{"allow":["GET"]}}],"collection":[{"href":"https:\/\/www.memoria.cat\/antonio-donate\/wp-json\/wp\/v2\/pages"}],"about":[{"href":"https:\/\/www.memoria.cat\/antonio-donate\/wp-json\/wp\/v2\/types\/page"}],"author":[{"embeddable":true,"href":"https:\/\/www.memoria.cat\/antonio-donate\/wp-json\/wp\/v2\/users\/28"}],"replies":[{"embeddable":true,"href":"https:\/\/www.memoria.cat\/antonio-donate\/wp-json\/wp\/v2\/comments?post=72133"}],"version-history":[{"count":0,"href":"https:\/\/www.memoria.cat\/antonio-donate\/wp-json\/wp\/v2\/pages\/72133\/revisions"}],"up":[{"embeddable":true,"href":"https:\/\/www.memoria.cat\/antonio-donate\/wp-json\/wp\/v2\/pages\/72130"}],"wp:attachment":[{"href":"https:\/\/www.memoria.cat\/antonio-donate\/wp-json\/wp\/v2\/media?parent=72133"}],"curies":[{"name":"wp","href":"https:\/\/api.w.org\/{rel}","templated":true}]}}