{"id":72100,"date":"2018-07-04T11:44:19","date_gmt":"2018-07-04T10:44:19","guid":{"rendered":"https:\/\/www.memoria.cat\/antonio-donate\/?page_id=72100"},"modified":"2018-07-09T09:47:39","modified_gmt":"2018-07-09T08:47:39","slug":"casos-politics","status":"publish","type":"page","link":"https:\/\/www.memoria.cat\/antonio-donate\/letapa-com-a-jutge-de-primera-instancia-a-manresa\/casos-politics\/","title":{"rendered":"Casos pol\u00edtics"},"content":{"rendered":"<h3>La detenci\u00f3 de Joan Olives Mercadal en la manifestaci\u00f3 contra el proc\u00e9s de Burgos a Manresa<\/h3>\n<p><iframe title=\"Tall 8- La detencio\u0301 de Joan Olives Mercadal en la manifestacio\u0301 contra el Proce\u0301s de Burgos a Manresa\" src=\"https:\/\/player.vimeo.com\/video\/276491090?dnt=1&amp;app_id=122963\" width=\"800\" height=\"450\" frameborder=\"0\" allow=\"autoplay; fullscreen; picture-in-picture; clipboard-write\"><\/iframe><\/p>\n<h3>La relaci\u00f3 amb Carlos Jim\u00e9nez Villarejo, fiscal del districte de Manresa, en el cas Olives Mercadal<\/h3>\n<p><iframe title=\"Tall 16- La relacio\u0301 amb Carlos Jime\u0301nez Villarejo, fiscal del districte de Manresa, en el cas Joan Olives Mercadal\" src=\"https:\/\/player.vimeo.com\/video\/276492214?dnt=1&amp;app_id=122963\" width=\"800\" height=\"450\" frameborder=\"0\" allow=\"autoplay; fullscreen; picture-in-picture; clipboard-write\"><\/iframe><\/p>\n<h3>El cas de Francesc Sabri\u00e0 i la seva detenci\u00f3 il\u00b7legal<\/h3>\n<p><iframe title=\"Tall 19- El cas de Francesc Sabria\u0300 i la seva detencio\u0301 il\u00b7legal\" src=\"https:\/\/player.vimeo.com\/video\/276493465?dnt=1&amp;app_id=122963\" width=\"800\" height=\"450\" frameborder=\"0\" allow=\"autoplay; fullscreen; picture-in-picture; clipboard-write\"><\/iframe><\/p>\n<p>&nbsp;<\/p>\n<p>&nbsp;<\/p>\n<p>&nbsp;<\/p>\n","protected":false},"excerpt":{"rendered":"<p>La detenci\u00f3 de Joan Olives Mercadal en la manifestaci\u00f3 contra el proc\u00e9s de Burgos a Manresa La relaci\u00f3 amb Carlos Jim\u00e9nez Villarejo, fiscal del districte de Manresa, en el cas Olives Mercadal El cas de Francesc Sabri\u00e0 i la seva detenci\u00f3 il\u00b7legal &nbsp; &nbsp; &nbsp;<\/p>\n","protected":false},"author":28,"featured_media":0,"parent":72094,"menu_order":0,"comment_status":"closed","ping_status":"closed","template":"","meta":{"iawp_total_views":0,"footnotes":""},"class_list":["post-72100","page","type-page","status-publish","hentry"],"_links":{"self":[{"href":"https:\/\/www.memoria.cat\/antonio-donate\/wp-json\/wp\/v2\/pages\/72100","targetHints":{"allow":["GET"]}}],"collection":[{"href":"https:\/\/www.memoria.cat\/antonio-donate\/wp-json\/wp\/v2\/pages"}],"about":[{"href":"https:\/\/www.memoria.cat\/antonio-donate\/wp-json\/wp\/v2\/types\/page"}],"author":[{"embeddable":true,"href":"https:\/\/www.memoria.cat\/antonio-donate\/wp-json\/wp\/v2\/users\/28"}],"replies":[{"embeddable":true,"href":"https:\/\/www.memoria.cat\/antonio-donate\/wp-json\/wp\/v2\/comments?post=72100"}],"version-history":[{"count":0,"href":"https:\/\/www.memoria.cat\/antonio-donate\/wp-json\/wp\/v2\/pages\/72100\/revisions"}],"up":[{"embeddable":true,"href":"https:\/\/www.memoria.cat\/antonio-donate\/wp-json\/wp\/v2\/pages\/72094"}],"wp:attachment":[{"href":"https:\/\/www.memoria.cat\/antonio-donate\/wp-json\/wp\/v2\/media?parent=72100"}],"curies":[{"name":"wp","href":"https:\/\/api.w.org\/{rel}","templated":true}]}}