{"id":72396,"date":"2020-08-25T12:36:48","date_gmt":"2020-08-25T11:36:48","guid":{"rendered":"https:\/\/www.memoria.cat\/anna-sola\/?page_id=72396"},"modified":"2020-08-25T12:55:28","modified_gmt":"2020-08-25T11:55:28","slug":"les-malalties-a-la-preso","status":"publish","type":"page","link":"https:\/\/www.memoria.cat\/anna-sola\/les-malalties-a-la-preso\/","title":{"rendered":"Les malalties a la pres\u00f3"},"content":{"rendered":"<p>\u201cEra molt f\u00e0cil contagiar-nos de qualsevol malaltia: tuberculosi, hepatitis, s\u00edfilis, sarna i tot tipus de par\u00e0sits.\u201d<\/p>\n<p>&nbsp;<\/p>\n<p>\u201cCada dia morien companyes de pulmonia, de disenteria, de tuberculosi, etc\u00e8tera.\u201d<\/p>\n<p>&nbsp;<\/p>\n<p>\u201cEs va desencadenar una forta epid\u00e8mia de tifus que va delmar mitja pres\u00f3. Com a mesura preventiva, ja que no es podia fer a\u00efllament, van intentar vacunar tothom, per\u00f2 ho van fer tard i malament i encara van morir m\u00e9s dones. Hi havia molt mala praxi i la transmissi\u00f3 es feia a trav\u00e9s de les agulles, que estaven mal esterilitzades.\u201d<\/p>\n<p>&nbsp;<\/p>\n<p>\u201cUn hivern vaig agafar unes angines infectades i m\u2019ofegava. Estava a quaranta de febre i no podia parlar. Vaig anar a la infermeria i el metge va ordenar a la monja que em qued\u00e9s al llit i em don\u00e9s alguna cosa per fer baixar la febre, per\u00f2 aix\u00ed que el metge va marxar, la monja em va dir: \u201c<em>T\u00fa, lev\u00e1ntate y vete al patio, que no tienes nada<\/em>\u201d. Tremolant, vaig haver de sortir al pati, ple de bassals d\u2019aigua i amb un fred horror\u00f3s. Sort que unes companyes em van deixar les seves flassades per tapar-me i van subornar unes preses de la cuina perqu\u00e8 ens donessin aigua calenta i sal per fer g\u00e0rgares. Va ser un miracle que no em mor\u00eds.\u201d<\/p>\n<p>&nbsp;<\/p>\n<p>\u201cLes dones passaven el dia al pati ocupades a treure\u2019s els polls amb una pinta espessa, o gratant-se la pell, plenes de sarna.\u201d<\/p>\n<p>&nbsp;<\/p>\n<p>&nbsp;<\/p>\n","protected":false},"excerpt":{"rendered":"<p>\u201cEra molt f\u00e0cil contagiar-nos de qualsevol malaltia: tuberculosi, hepatitis, s\u00edfilis, sarna i tot tipus de par\u00e0sits.\u201d &nbsp; \u201cCada dia morien companyes de pulmonia, de disenteria, de tuberculosi, etc\u00e8tera.\u201d &nbsp; \u201cEs va desencadenar una forta epid\u00e8mia de tifus que va delmar mitja pres\u00f3. Com a mesura preventiva, ja que no es podia fer a\u00efllament, van intentar [&hellip;]<\/p>\n","protected":false},"author":20,"featured_media":0,"parent":0,"menu_order":0,"comment_status":"closed","ping_status":"closed","template":"","meta":{"iawp_total_views":0,"footnotes":""},"class_list":["post-72396","page","type-page","status-publish","hentry"],"_links":{"self":[{"href":"https:\/\/www.memoria.cat\/anna-sola\/wp-json\/wp\/v2\/pages\/72396","targetHints":{"allow":["GET"]}}],"collection":[{"href":"https:\/\/www.memoria.cat\/anna-sola\/wp-json\/wp\/v2\/pages"}],"about":[{"href":"https:\/\/www.memoria.cat\/anna-sola\/wp-json\/wp\/v2\/types\/page"}],"author":[{"embeddable":true,"href":"https:\/\/www.memoria.cat\/anna-sola\/wp-json\/wp\/v2\/users\/20"}],"replies":[{"embeddable":true,"href":"https:\/\/www.memoria.cat\/anna-sola\/wp-json\/wp\/v2\/comments?post=72396"}],"version-history":[{"count":0,"href":"https:\/\/www.memoria.cat\/anna-sola\/wp-json\/wp\/v2\/pages\/72396\/revisions"}],"wp:attachment":[{"href":"https:\/\/www.memoria.cat\/anna-sola\/wp-json\/wp\/v2\/media?parent=72396"}],"curies":[{"name":"wp","href":"https:\/\/api.w.org\/{rel}","templated":true}]}}