{"id":72104,"date":"2020-02-28T21:51:07","date_gmt":"2020-02-28T20:51:07","guid":{"rendered":"https:\/\/www.memoria.cat\/anna-sola\/?page_id=72104"},"modified":"2020-10-04T21:05:33","modified_gmt":"2020-10-04T20:05:33","slug":"memories","status":"publish","type":"page","link":"https:\/\/www.memoria.cat\/anna-sola\/memories\/","title":{"rendered":"Mem\u00f2ries i selecci\u00f3 de fragments"},"content":{"rendered":"<p>Mem\u00f2ries dels primers trenta anys de la vida de l\u2019Anna Sol\u00e0 Sardans narrades en primera persona a partir dels seus records, cartes, escrits i documents recollits per la seva filla Anna Maria Batalla Sol\u00e0. Podeu llegir el text \u00edntegre:<\/p>\n<h4><a href=\"https:\/\/www.memoria.cat\/anna-sola\/wp-content\/uploads\/sites\/35\/2020\/10\/Mem\u00f2ries-Anna-Sol\u00e0-Sardans.pdf\">Mem\u00f2ries d&#8217;Anna Sol\u00e0 Sardans<\/a><\/h4>\n<p>Hem fet una selecci\u00f3 de fragments dels anys de repressi\u00f3, sobretot de les viv\u00e8ncies a la Pres\u00f3 de Dones de les Corts de Barcelona.<\/p>\n<p><a href=\"https:\/\/www.memoria.cat\/anna-sola\/la-detencio\/\">La detenci\u00f3<\/a><br \/>\n<a href=\"https:\/\/www.memoria.cat\/anna-sola\/el-consell-de-guerra\/\">El Consell de guerra<\/a><br \/>\n<a href=\"https:\/\/www.memoria.cat\/anna-sola\/com-era-la-preso-de-les-corts\/\">Com era la pres\u00f3 de les Corts?<\/a><br \/>\n<a href=\"https:\/\/www.memoria.cat\/anna-sola\/les-malalties-a-la-preso\/\">Les malalties a la pres\u00f3<\/a><br \/>\n<a href=\"https:\/\/www.memoria.cat\/anna-sola\/les-monges-de-la-preso\/\">Les monges de la pres\u00f3<\/a><br \/>\n<a href=\"https:\/\/www.memoria.cat\/anna-sola\/les-companyes-de-la-preso\/\">Les companyes de la pres\u00f3<\/a><br \/>\n<a href=\"https:\/\/www.memoria.cat\/anna-sola\/castigs-i-tortures\/\">C\u00e0stigs i tortures<\/a><br \/>\n<a href=\"https:\/\/www.memoria.cat\/anna-sola\/les-mares-empresonades\/\">Les mares a la pres\u00f3<\/a><br \/>\n<a href=\"https:\/\/www.memoria.cat\/anna-sola\/cartes-de-preso-a-preso\/\">Cartes de pres\u00f3 a pres\u00f3<\/a><br \/>\n<a href=\"https:\/\/www.memoria.cat\/anna-sola\/la-llibertat-condicional\/\">La llibertat condicional<\/a><br \/>\n<a href=\"https:\/\/www.memoria.cat\/anna-sola\/les-visites-a-la-preso-model\/\">Les visites a la pres\u00f3 Model<\/a><br \/>\n<a href=\"https:\/\/www.memoria.cat\/anna-sola\/epileg-dun-malson\/\">Ep\u00edleg d\u2019un malson<\/a><br \/>\n<strong><br \/>\n<\/strong><\/p>\n<p>&nbsp;<\/p>\n","protected":false},"excerpt":{"rendered":"<p>Mem\u00f2ries dels primers trenta anys de la vida de l\u2019Anna Sol\u00e0 Sardans narrades en primera persona a partir dels seus records, cartes, escrits i documents recollits per la seva filla Anna Maria Batalla Sol\u00e0. Podeu llegir el text \u00edntegre: Mem\u00f2ries d&#8217;Anna Sol\u00e0 Sardans Hem fet una selecci\u00f3 de fragments dels anys de repressi\u00f3, sobretot de [&hellip;]<\/p>\n","protected":false},"author":20,"featured_media":0,"parent":0,"menu_order":0,"comment_status":"closed","ping_status":"closed","template":"","meta":{"iawp_total_views":11,"footnotes":""},"class_list":["post-72104","page","type-page","status-publish","hentry"],"_links":{"self":[{"href":"https:\/\/www.memoria.cat\/anna-sola\/wp-json\/wp\/v2\/pages\/72104","targetHints":{"allow":["GET"]}}],"collection":[{"href":"https:\/\/www.memoria.cat\/anna-sola\/wp-json\/wp\/v2\/pages"}],"about":[{"href":"https:\/\/www.memoria.cat\/anna-sola\/wp-json\/wp\/v2\/types\/page"}],"author":[{"embeddable":true,"href":"https:\/\/www.memoria.cat\/anna-sola\/wp-json\/wp\/v2\/users\/20"}],"replies":[{"embeddable":true,"href":"https:\/\/www.memoria.cat\/anna-sola\/wp-json\/wp\/v2\/comments?post=72104"}],"version-history":[{"count":0,"href":"https:\/\/www.memoria.cat\/anna-sola\/wp-json\/wp\/v2\/pages\/72104\/revisions"}],"wp:attachment":[{"href":"https:\/\/www.memoria.cat\/anna-sola\/wp-json\/wp\/v2\/media?parent=72104"}],"curies":[{"name":"wp","href":"https:\/\/api.w.org\/{rel}","templated":true}]}}