{"id":72079,"date":"2020-02-28T21:19:48","date_gmt":"2020-02-28T20:19:48","guid":{"rendered":"https:\/\/www.memoria.cat\/anna-sola\/?page_id=72079"},"modified":"2025-03-17T14:03:15","modified_gmt":"2025-03-17T13:03:15","slug":"articles-publicats-a-la-premsa","status":"publish","type":"page","link":"https:\/\/www.memoria.cat\/anna-sola\/articles-publicats-a-la-premsa\/","title":{"rendered":"Articles publicats a la premsa"},"content":{"rendered":"<p>\u00c9s autora de vint-i-quatre articles publicats al Diari <em>UGT<\/em>. Tres, tamb\u00e9 van ser publicats al diari <em>El Dia<\/em>: \u201cLa Uni\u00f3 de Dones de Catalunya crida totes les dones de Manresa\u201d, \u201cLa Uni\u00f3 de Dones de Catalunya parla\u201d i \u201cUni\u00f3 de Dones de Catalunya \u00e9s corresposta per totes les dones treballadores\u201d. Deu articles s\u00f3n publicats a la portada del diari.<\/p>\n<p>Escriu nom\u00e9s en temps de guerra i durant un any, des del 26 d\u2019octubre de 1937 fins al 17 de setembre de 1938. \u00c9s la manresana que escriu m\u00e9s articles en m\u00e9s poc temps.<\/p>\n<p>Quinze articles els signa a t\u00edtol personal, els tres darrers, molt avan\u00e7ada la guerra, nom\u00e9s amb les inicials. Vuit els escriu en nom de la Uni\u00f3 de Dones de Catalunya i un, el primer que fa, en nom del Socors Roig de Catalunya.<\/p>\n<p>En la majoria d\u2019articles fa una crida a les dones manresanes perqu\u00e8 treballin per la guerra en el marc de la UDC, per\u00f2 tamb\u00e9 escriu sobre pol\u00edtica internacional, els refugis, llibres, l\u2019escola, etc.<\/p>\n<p>Denuncia el feixisme que ve d\u2019Europa de manera contundent i escriu sobre els esdeveniments pol\u00edtics de la Gran Bretanya i d\u2019Alemanya. (1)<\/p>\n<p>Elogia els combatents i la resist\u00e8ncia que s\u2019ha fet a Madrid. Diu que <em>\u201cla resist\u00e8ncia \u00e9s la clau de la nostra vict\u00f2ria\u201d. <\/em>(2)<\/p>\n<p>Critica durament les actituds a la rereguarda no denunciant els emboscats i les persones que especulen amb els aliments b\u00e0sics. Apel\u00b7la a la consci\u00e8ncia dels lectors.<\/p>\n<blockquote><p><strong><em>\u201c&#8230;de qui \u00e9s la responsabilitat que segueixin tranquil\u00b7lament la seva ruta aquells tenders que no tenen mercaderies per a vendre-les a preu de taxa, per\u00f2 que en tenen per a aquells que les hi paguen al doble i al triple del seu valor veritable?\u201d<\/em><\/strong><\/p>\n<p><strong><em>\u201c&#8230;qui t\u00e9 la culpa que existeixin individus que es diuen insubstitu\u00efbles, per\u00f2 que de fet nom\u00e9s s\u00f3n emboscats?\u201d<\/em><\/strong><\/p>\n<p><strong><em>\u201cQui t\u00e9 la culpa que mentre hi ha mares que no tenen un tros de pa per a donar a llurs fills hi ha restaurants que si es paguen 30, 40 o 50 pessetes serveixin de tot en abund\u00e0ncia?\u201d<\/em> (3)<\/strong><\/p><\/blockquote>\n<p>En el seu vessant m\u00e9s feminista, reconeix la feina de les dones i anima les que no han fet el pas d\u2019anar m\u00e9s enll\u00e0 del seus rols dom\u00e8stics a treballar i a formar-se professionalment. Es declara admiradora de les dones russes, que veu fortes i capacitades.<\/p>\n<blockquote><p><strong><em>\u201c&#8230;gran quantitat de dones desafiant tots els perills assisteixen als hospitals de les l\u00ednies de foc i de la rereguarda; gran nombre de dones, sense cap mena d\u2019esperit lucratiu, tenen cura dels infants evacuats de les poblacions invadides pel tra\u00efdor Franco&#8230;\u201d<\/em><\/strong><\/p>\n<p><strong><em>\u201c&#8230;a la URSS no existeix, com en el m\u00f3n burg\u00e9s, dues zones diferents de pobladors, una d\u2019homes i una altra de dones [&#8230;] l\u2019Home, sigui d\u2019un o altre sexe, lliure de prejudicis i obstacles, lliure de l\u2019opressi\u00f3 econ\u00f2mica, de l\u2019urpa capitalista, de les tenalles clericals [&#8230;] es lliura en cos i \u00e0nima a la vida del treball i de l\u2019estudi, a l\u2019edificaci\u00f3 de la societat perfecta&#8230;\u201d<\/em>(4)<\/strong><\/p><\/blockquote>\n<p>En tres casos fa la presentaci\u00f3 d\u2019altres dones de la Uni\u00f3 de Dones de Catalunya (Amalia Guillaumet, <a href=\"https:\/\/www.memoria.cat\/manresanes-guerra-civil-i-repressio\/dolors-capellas\/\">Dolors Capellas<\/a> i \u00c1ngeles Arenas) que fan la seva crida particular a les dones manresanes perqu\u00e8 s\u2019inscriguin a l\u2019organitzaci\u00f3.<\/p>\n<p>L\u2019Anna expressa contund\u00e8ncia en els seus articles, per\u00f2 des de la seva milit\u00e0ncia a les Joventuts del PSUC creu en les estrat\u00e8gies conjuntes tant des de la Uni\u00f3 de Dones de Catalunya com des dels acords entre els sindicats CNT i UGT.<\/p>\n<p>(1) Sol\u00e0, Anna. Diari <em>UGT<\/em>, 26\/02\/1938<br \/>\n(2) Sol\u00e0, Anna. Diari <em>UGT<\/em>, 26\/04\/1938<br \/>\n(3) Sol\u00e0, Anna. Diari <em>UGT<\/em>, 20\/04\/1938<br \/>\n(4) Sol\u00e0, Anna. Diari <em>UGT<\/em>, 21\/03\/1938<\/p>\n<h2><a href=\"https:\/\/www.memoria.cat\/anna-sola\/articles-publicats\/\">Llegir tots els articles publicats<\/a><\/h2>\n<p>&nbsp;<\/p>\n<p><strong>\u00a0<\/strong><\/p>\n","protected":false},"excerpt":{"rendered":"<p>\u00c9s autora de vint-i-quatre articles publicats al Diari UGT. Tres, tamb\u00e9 van ser publicats al diari El Dia: \u201cLa Uni\u00f3 de Dones de Catalunya crida totes les dones de Manresa\u201d, \u201cLa Uni\u00f3 de Dones de Catalunya parla\u201d i \u201cUni\u00f3 de Dones de Catalunya \u00e9s corresposta per totes les dones treballadores\u201d. Deu articles s\u00f3n publicats a [&hellip;]<\/p>\n","protected":false},"author":20,"featured_media":0,"parent":0,"menu_order":0,"comment_status":"closed","ping_status":"closed","template":"","meta":{"footnotes":""},"class_list":["post-72079","page","type-page","status-publish","hentry"],"_links":{"self":[{"href":"https:\/\/www.memoria.cat\/anna-sola\/wp-json\/wp\/v2\/pages\/72079","targetHints":{"allow":["GET"]}}],"collection":[{"href":"https:\/\/www.memoria.cat\/anna-sola\/wp-json\/wp\/v2\/pages"}],"about":[{"href":"https:\/\/www.memoria.cat\/anna-sola\/wp-json\/wp\/v2\/types\/page"}],"author":[{"embeddable":true,"href":"https:\/\/www.memoria.cat\/anna-sola\/wp-json\/wp\/v2\/users\/20"}],"replies":[{"embeddable":true,"href":"https:\/\/www.memoria.cat\/anna-sola\/wp-json\/wp\/v2\/comments?post=72079"}],"version-history":[{"count":0,"href":"https:\/\/www.memoria.cat\/anna-sola\/wp-json\/wp\/v2\/pages\/72079\/revisions"}],"wp:attachment":[{"href":"https:\/\/www.memoria.cat\/anna-sola\/wp-json\/wp\/v2\/media?parent=72079"}],"curies":[{"name":"wp","href":"https:\/\/api.w.org\/{rel}","templated":true}]}}