{"id":71990,"date":"2018-02-20T16:26:55","date_gmt":"2018-02-20T15:26:55","guid":{"rendered":"https:\/\/www.memoria.cat\/anna-sola\/?page_id=71990"},"modified":"2020-11-03T18:37:01","modified_gmt":"2020-11-03T17:37:01","slug":"pagina-prova","status":"publish","type":"page","link":"https:\/\/www.memoria.cat\/anna-sola\/","title":{"rendered":"Portada"},"content":{"rendered":"<blockquote><p><strong><em>\u201c&#8230;en la nostra vict\u00f2ria hi ha lligada tamb\u00e9 la civilitzaci\u00f3, la cultura, el progr\u00e9s i la dignitat del nostre poble\u201d<\/em><\/strong><\/p>\n<p><strong>(Anna Sol\u00e0 &#8211; 13\/06\/1938)<\/strong><\/p><\/blockquote>\n<p>L\u2019Anna Sol\u00e0 va ser una jove que va cr\u00e9ixer amb els valors republicans, es va formar professionalment i culturalment i els anys de la guerra civil es va comprometre pol\u00edticament. El franquisme li va estroncar la vida que s\u2019havia imaginat com a republicana i com a dona.<\/p>\n<p>Era taquimecan\u00f2grafa, treballadora de la Generalitat a Manresa. En plena guerra es va afiliar al Partit Socialista Unificat de Catalunya (PSUC), al sindicat UGT i a les organitzacions Uni\u00f3 de Dones de Catalunya i Socors Roig de Catalunya.<\/p>\n<p>Encap\u00e7alava manifestacions, parlava per la r\u00e0dio i participava en actes p\u00fablics a Manresa i a la comarca.<\/p>\n<p>El diari <em>UGT<\/em> li va obrir les portes i en menys d\u2019un any va escriure vint-i-quatre articles, alguns com a representant de la Uni\u00f3 de Dones de Catalunya. Els seus articles traspuen un esperit rebel i unes fortes conviccions.<\/p>\n<p>L\u2019Anna va invertir molts esfor\u00e7os en la creaci\u00f3 de la <a href=\"https:\/\/www.memoria.cat\/anna-sola\/unio-de-dones-de-catalunya-udc\/\">Uni\u00f3 de Dones de Catalunya a Manresa<\/a>, organitzaci\u00f3 que anava m\u00e9s enll\u00e0 dels partits per agrupar totes les dones antifeixistes, fossin afiliades o no a partits i sindicats.<\/p>\n<p>Va ser empresonada i condemnada en consell de guerra a vint anys i un dia despr\u00e9s que el fiscal li deman\u00e9s la pena de mort.<\/p>\n<p>Tota la vida va parlar del que va viure a la Pres\u00f3 Provincial de Dones de Barcelona, cosa que ha perm\u00e8s a la seva filla completar unes <a href=\"https:\/\/www.memoria.cat\/anna-sola\/memories\/\">mem\u00f2ries<\/a> farcides d\u2019hist\u00f2ries viscudes per les dones dintre d\u2019aquella pres\u00f3.<\/p>\n<p>I en aquell moment tan complicat, va sorgir una hist\u00f2ria d\u2019amor de pres\u00f3 a pres\u00f3. Es van comen\u00e7ar a cartejar amb el Josep Batalla, un extinent republic\u00e0 empresonat a la Model, i es van enamorar.<\/p>\n<p>En aquest web hi trobareu els <strong><a href=\"https:\/\/www.memoria.cat\/anna-sola\/articles-publicats-a-la-premsa\/\">m\u00e9s de vint articles que va escriure als diaris <em>UGT<\/em> i <em>El Dia<\/em><\/a><\/strong>,<strong><a href=\"https:\/\/www.memoria.cat\/anna-sola\/biografia\/\"> una biografia<\/a>, <a href=\"https:\/\/www.memoria.cat\/anna-sola\/memories\/\">unes mem\u00f2ries<\/a> <\/strong>completades per la seva filla a partir de records i documents, enlla\u00e7os a <strong><a href=\"https:\/\/www.memoria.cat\/anna-sola\/bibliografia\/\">diferents articles sobre la seva hist\u00f2ria d\u2019amor de pres\u00f3 a pres\u00f3<\/a><\/strong>, <strong><a href=\"https:\/\/www.memoria.cat\/anna-sola\/documents\/\">fotografies de diferents \u00e8poques i documents<\/a><\/strong>.<\/p>\n<p>Conxita Parcerisas Estruch<\/p>\n","protected":false},"excerpt":{"rendered":"<p>\u201c&#8230;en la nostra vict\u00f2ria hi ha lligada tamb\u00e9 la civilitzaci\u00f3, la cultura, el progr\u00e9s i la dignitat del nostre poble\u201d (Anna Sol\u00e0 &#8211; 13\/06\/1938) L\u2019Anna Sol\u00e0 va ser una jove que va cr\u00e9ixer amb els valors republicans, es va formar professionalment i culturalment i els anys de la guerra civil es va comprometre pol\u00edticament. El [&hellip;]<\/p>\n","protected":false},"author":1,"featured_media":0,"parent":0,"menu_order":0,"comment_status":"closed","ping_status":"closed","template":"","meta":{"iawp_total_views":21,"footnotes":""},"class_list":["post-71990","page","type-page","status-publish","hentry"],"_links":{"self":[{"href":"https:\/\/www.memoria.cat\/anna-sola\/wp-json\/wp\/v2\/pages\/71990","targetHints":{"allow":["GET"]}}],"collection":[{"href":"https:\/\/www.memoria.cat\/anna-sola\/wp-json\/wp\/v2\/pages"}],"about":[{"href":"https:\/\/www.memoria.cat\/anna-sola\/wp-json\/wp\/v2\/types\/page"}],"author":[{"embeddable":true,"href":"https:\/\/www.memoria.cat\/anna-sola\/wp-json\/wp\/v2\/users\/1"}],"replies":[{"embeddable":true,"href":"https:\/\/www.memoria.cat\/anna-sola\/wp-json\/wp\/v2\/comments?post=71990"}],"version-history":[{"count":0,"href":"https:\/\/www.memoria.cat\/anna-sola\/wp-json\/wp\/v2\/pages\/71990\/revisions"}],"wp:attachment":[{"href":"https:\/\/www.memoria.cat\/anna-sola\/wp-json\/wp\/v2\/media?parent=71990"}],"curies":[{"name":"wp","href":"https:\/\/api.w.org\/{rel}","templated":true}]}}