{"id":71990,"date":"2018-02-20T16:26:55","date_gmt":"2018-02-20T15:26:55","guid":{"rendered":"https:\/\/www.memoria.cat\/angelservet-pompeufabra\/?page_id=71990"},"modified":"2018-10-12T20:09:50","modified_gmt":"2018-10-12T19:09:50","slug":"pagina-prova","status":"publish","type":"page","link":"https:\/\/www.memoria.cat\/angelservet-pompeufabra\/","title":{"rendered":"Portada"},"content":{"rendered":"<h2><strong>Una biografia escrita el 1968 i no publicada fins el 1990<\/strong><\/h2>\n<p>En aquest web reprodu\u00efm el text de l\u2019opuscle <em>Pompeu Fabra i la llengua catalana. Biografia per a nois i noies<\/em>, que el ling\u00fcista manres\u00e0 \u00c0ngel Servet i Mart\u00ed va escriure pensant en els m\u00e9s joves.<\/p>\n<p>\u00c0ngel Servet el va escriure l\u2019any 1968, com una \u201cpetita aportaci\u00f3 a la commemoraci\u00f3 del Centenari de la naixen\u00e7a de Mestre Fabra\u201d, per\u00f2 aleshores la censura franquista n\u2019imped\u00ed l\u2019edici\u00f3. El text no va veure la llum fins 22 anys despr\u00e9s, el 1990, l\u2019any posterior a la mort de Servet. La \u201cComissi\u00f3 d\u2019homenatge a l\u2019\u00c0ngel Servet\u201d, constitu\u00efda aleshores, va impulsar-ne l\u2019edici\u00f3, que va patrocinar l\u2019Ajuntament de Manresa.<\/p>\n<p>El llibre <em>Miscel\u00b7l\u00e0nia en homenatge a l\u2019\u00c0ngel Servet i Mart\u00ed (1920-1989)<\/em>, editat el 1991 gr\u00e0cies a aquesta mateixa Comissi\u00f3, explica els detalls de la creaci\u00f3 de l\u2019obra i el perqu\u00e8 no es va publicar:<\/p>\n<p>\u201c<em>Aquest treball va ser suggerit a en Servet l\u2019any 1968, com una contribuci\u00f3 als actes extraordinaris que es preparaven per celebrar dignament arreu dels Pa\u00efsos Catalans el centenari del naixement del mestre Pompeu Fabra. Fins i tot s\u2019havia temptejat, amb perspectives ben positives, el finan\u00e7ament altruista del tiratge.<\/em><\/p>\n<p><em>Com a bon coneixedor i admirador incondicional que era de la vida i de l\u2019obra de Pompeu Fabra, en Servet es lliur\u00e0 a la tasca amb il\u00b7lusi\u00f3 i dilig\u00e8ncia, esperonat tamb\u00e9 per l\u2019oportunitat de poder contribuir a divulgar entre la jovenalla les excel\u00b7l\u00e8ncies d\u2019un mestratge que durant massa anys havia estat escamotejat.<\/em><\/p>\n<p><em>L\u2019obreta va quedar enllestida amb la plena satisfacci\u00f3 dels promotors i en el termini previst; per\u00f2 aleshores es va topar amb un obstacle que result\u00e0 infranquejable: la censura, obligat\u00f2ria fins fa for\u00e7a m\u00e9s en\u00e7\u00e0, a qu\u00e8 calia sotmetre qualsevol text que hom volgu\u00e9s publicar.<\/em><\/p>\n<p><em>Es va presentar l\u2019exemplar mecanografiat. Van passar els dies, les setmanes, i res. Quan va semblar que el retard ultrapassava el temps raonable, es va demanar que com estava. La resposta fou m\u00e9s aviat ambigua: que seguia el seu curs, que a Barcelona tenien molta feina, que ja es reclamaria, que tranquils&#8230; I aix\u00f2 una i altra vegada fins que va haver passat l\u2019oportunitat, perqu\u00e8 els \u00faltims actes de la magna celebraci\u00f3 quedaven lluny.<\/em><\/p>\n<p><em>Fins for\u00e7a temps despr\u00e9s, i gr\u00e0cies encara a la insist\u00e8ncia personal i porfidiosa del mateix Servet, no es va poder recuperar l\u2019original, amb la impressi\u00f3 que potser ni tan sols se l\u2019havien mirat<\/em>\u201d.<\/p>\n<p>L\u2019inter\u00e8s d\u2019aquesta s\u00edntesi biogr\u00e0fica de Pompeu Fabra, la dificultat d\u2019accedir-hi i la celebraci\u00f3 de l\u2019any Fabra s\u00f3n motius prou importants perqu\u00e8 reprodu\u00efm aquesta biografia al nostre portal de webs.<\/p>\n<p style=\"text-align: center\">Associaci\u00f3 Mem\u00f2ria i Hist\u00f2ria de Manresa<\/p>\n","protected":false},"excerpt":{"rendered":"<p>Una biografia escrita el 1968 i no publicada fins el 1990 En aquest web reprodu\u00efm el text de l\u2019opuscle Pompeu Fabra i la llengua catalana. Biografia per a nois i noies, que el ling\u00fcista manres\u00e0 \u00c0ngel Servet i Mart\u00ed va escriure pensant en els m\u00e9s joves. \u00c0ngel Servet el va escriure l\u2019any 1968, com una [&hellip;]<\/p>\n","protected":false},"author":1,"featured_media":0,"parent":0,"menu_order":0,"comment_status":"closed","ping_status":"closed","template":"","meta":{"iawp_total_views":6,"footnotes":""},"class_list":["post-71990","page","type-page","status-publish","hentry"],"_links":{"self":[{"href":"https:\/\/www.memoria.cat\/angelservet-pompeufabra\/wp-json\/wp\/v2\/pages\/71990","targetHints":{"allow":["GET"]}}],"collection":[{"href":"https:\/\/www.memoria.cat\/angelservet-pompeufabra\/wp-json\/wp\/v2\/pages"}],"about":[{"href":"https:\/\/www.memoria.cat\/angelservet-pompeufabra\/wp-json\/wp\/v2\/types\/page"}],"author":[{"embeddable":true,"href":"https:\/\/www.memoria.cat\/angelservet-pompeufabra\/wp-json\/wp\/v2\/users\/1"}],"replies":[{"embeddable":true,"href":"https:\/\/www.memoria.cat\/angelservet-pompeufabra\/wp-json\/wp\/v2\/comments?post=71990"}],"version-history":[{"count":0,"href":"https:\/\/www.memoria.cat\/angelservet-pompeufabra\/wp-json\/wp\/v2\/pages\/71990\/revisions"}],"wp:attachment":[{"href":"https:\/\/www.memoria.cat\/angelservet-pompeufabra\/wp-json\/wp\/v2\/media?parent=71990"}],"curies":[{"name":"wp","href":"https:\/\/api.w.org\/{rel}","templated":true}]}}