{"id":76811,"date":"2025-12-04T06:00:38","date_gmt":"2025-12-04T05:00:38","guid":{"rendered":"https:\/\/www.memoria.cat\/amat-piniella\/?page_id=76811"},"modified":"2025-12-03T21:36:18","modified_gmt":"2025-12-03T20:36:18","slug":"expedient-escolar","status":"publish","type":"page","link":"https:\/\/www.memoria.cat\/amat-piniella\/expedient-escolar\/","title":{"rendered":"Desembre 2025: L\u2019expedient escolar de Joaquim Amat-Piniella"},"content":{"rendered":"<p class=\"western\" lang=\"ca-ES\"><span style=\"font-family: Arial, sans-serif\"><span style=\"font-size: large\">En aquest apartat presentem l\u2019expedient acad\u00e8mic de Joaquim Amat-Piniella, conservat a l\u2019Institut Llu\u00eds de Peguera de Manresa, un document fins ara in\u00e8dit.<\/span><\/span><\/p>\n<p class=\"western\" lang=\"ca-ES\"><span style=\"font-family: Arial, sans-serif\"><span style=\"font-size: large\"><div id=\"jig1\" class=\"justified-image-grid jig-abad8a37fef1381ee00d9605bd444a7c jig-preset-c1 jig-source-wp-gallery jig-rml-id-200\"><div class=\"jig-clearfix\"><\/div><noscript id=\"jig1-html\" class=\"justified-image-grid-html\" data-lazy-src=\"skiplazyload\" data-src=\"skipunveillazyload\"><ul><li><a href=\"https:\/\/www.memoria.cat\/amat-piniella\/wp-content\/uploads\/sites\/74\/2025\/11\/001.-Sobre-de-expedient.jpg\"><img fetchpriority=\"high\" decoding=\"async\" src=\"https:\/\/www.memoria.cat\/amat-piniella\/wp-content\/uploads\/sites\/74\/2025\/11\/001.-Sobre-de-expedient.jpg\" alt=\"\" width=\"308\" height=\"230\" \/><\/a><\/li><li><a href=\"https:\/\/www.memoria.cat\/amat-piniella\/wp-content\/uploads\/sites\/74\/2025\/11\/002.-5-6-1924.0.jpg\"><img decoding=\"async\" src=\"https:\/\/www.memoria.cat\/amat-piniella\/wp-content\/uploads\/sites\/74\/2025\/11\/002.-5-6-1924.0.jpg\" alt=\"\" width=\"154\" height=\"230\" \/><\/a><\/li><li><a href=\"https:\/\/www.memoria.cat\/amat-piniella\/wp-content\/uploads\/sites\/74\/2025\/11\/003.-5-6-1924.1.jpg\"><img decoding=\"async\" src=\"https:\/\/www.memoria.cat\/amat-piniella\/wp-content\/uploads\/sites\/74\/2025\/11\/003.-5-6-1924.1.jpg\" alt=\"\" width=\"162\" height=\"230\" \/><\/a><\/li><li><a href=\"https:\/\/www.memoria.cat\/amat-piniella\/wp-content\/uploads\/sites\/74\/2025\/11\/004.-5-6-1924.2.jpg\"><img loading=\"lazy\" decoding=\"async\" src=\"https:\/\/www.memoria.cat\/amat-piniella\/wp-content\/uploads\/sites\/74\/2025\/11\/004.-5-6-1924.2.jpg\" alt=\"\" width=\"322\" height=\"230\" \/><\/a><\/li><li><a href=\"https:\/\/www.memoria.cat\/amat-piniella\/wp-content\/uploads\/sites\/74\/2025\/11\/005.-5-6-1924.3.jpg\"><img loading=\"lazy\" decoding=\"async\" src=\"https:\/\/www.memoria.cat\/amat-piniella\/wp-content\/uploads\/sites\/74\/2025\/11\/005.-5-6-1924.3.jpg\" alt=\"\" width=\"341\" height=\"230\" \/><\/a><\/li><li><a href=\"https:\/\/www.memoria.cat\/amat-piniella\/wp-content\/uploads\/sites\/74\/2025\/11\/006.-17-9-1927.jpg\"><img loading=\"lazy\" decoding=\"async\" src=\"https:\/\/www.memoria.cat\/amat-piniella\/wp-content\/uploads\/sites\/74\/2025\/11\/006.-17-9-1927.jpg\" alt=\"\" width=\"162\" height=\"230\" \/><\/a><\/li><li><a href=\"https:\/\/www.memoria.cat\/amat-piniella\/wp-content\/uploads\/sites\/74\/2025\/11\/007.-4-9-1928.jpg\"><img loading=\"lazy\" decoding=\"async\" src=\"https:\/\/www.memoria.cat\/amat-piniella\/wp-content\/uploads\/sites\/74\/2025\/11\/007.-4-9-1928.jpg\" alt=\"\" width=\"162\" height=\"230\" \/><\/a><\/li><li><a href=\"https:\/\/www.memoria.cat\/amat-piniella\/wp-content\/uploads\/sites\/74\/2025\/11\/008.-20-5-1929.2.jpg\"><img loading=\"lazy\" decoding=\"async\" src=\"https:\/\/www.memoria.cat\/amat-piniella\/wp-content\/uploads\/sites\/74\/2025\/11\/008.-20-5-1929.2.jpg\" alt=\"\" width=\"345\" height=\"230\" \/><\/a><\/li><li><a href=\"https:\/\/www.memoria.cat\/amat-piniella\/wp-content\/uploads\/sites\/74\/2025\/11\/009.-21-5-1929.jpg\"><img loading=\"lazy\" decoding=\"async\" src=\"https:\/\/www.memoria.cat\/amat-piniella\/wp-content\/uploads\/sites\/74\/2025\/11\/009.-21-5-1929.jpg\" alt=\"\" width=\"345\" height=\"230\" \/><\/a><\/li><li><a href=\"https:\/\/www.memoria.cat\/amat-piniella\/wp-content\/uploads\/sites\/74\/2025\/11\/010.-20-5-1929.jpg\"><img loading=\"lazy\" decoding=\"async\" src=\"https:\/\/www.memoria.cat\/amat-piniella\/wp-content\/uploads\/sites\/74\/2025\/11\/010.-20-5-1929.jpg\" alt=\"\" width=\"345\" height=\"230\" \/><\/a><\/li><li><a href=\"https:\/\/www.memoria.cat\/amat-piniella\/wp-content\/uploads\/sites\/74\/2025\/11\/011.-20-5-1929.1.jpg\"><img loading=\"lazy\" decoding=\"async\" src=\"https:\/\/www.memoria.cat\/amat-piniella\/wp-content\/uploads\/sites\/74\/2025\/11\/011.-20-5-1929.1.jpg\" alt=\"\" width=\"345\" height=\"230\" \/><\/a><\/li><li><a href=\"https:\/\/www.memoria.cat\/amat-piniella\/wp-content\/uploads\/sites\/74\/2025\/11\/012.-18-9-1929.jpg\"><img loading=\"lazy\" decoding=\"async\" src=\"https:\/\/www.memoria.cat\/amat-piniella\/wp-content\/uploads\/sites\/74\/2025\/11\/012.-18-9-1929.jpg\" alt=\"\" width=\"162\" height=\"230\" \/><\/a><\/li><li><a href=\"https:\/\/www.memoria.cat\/amat-piniella\/wp-content\/uploads\/sites\/74\/2025\/11\/013.-14-5-1930.jpg\"><img loading=\"lazy\" decoding=\"async\" src=\"https:\/\/www.memoria.cat\/amat-piniella\/wp-content\/uploads\/sites\/74\/2025\/11\/013.-14-5-1930.jpg\" alt=\"\" width=\"341\" height=\"230\" \/><\/a><\/li><li><a href=\"https:\/\/www.memoria.cat\/amat-piniella\/wp-content\/uploads\/sites\/74\/2025\/11\/014.-14-5-1930.1.jpg\"><img loading=\"lazy\" decoding=\"async\" src=\"https:\/\/www.memoria.cat\/amat-piniella\/wp-content\/uploads\/sites\/74\/2025\/11\/014.-14-5-1930.1.jpg\" alt=\"\" width=\"92\" height=\"230\" \/><\/a><\/li><li><a href=\"https:\/\/www.memoria.cat\/amat-piniella\/wp-content\/uploads\/sites\/74\/2025\/11\/015.-23-9-1930.jpg\"><img loading=\"lazy\" decoding=\"async\" src=\"https:\/\/www.memoria.cat\/amat-piniella\/wp-content\/uploads\/sites\/74\/2025\/11\/015.-23-9-1930.jpg\" alt=\"\" width=\"162\" height=\"230\" \/><\/a><\/li><li><a href=\"https:\/\/www.memoria.cat\/amat-piniella\/wp-content\/uploads\/sites\/74\/2025\/11\/016.-10-7-1931.jpg\"><img loading=\"lazy\" decoding=\"async\" src=\"https:\/\/www.memoria.cat\/amat-piniella\/wp-content\/uploads\/sites\/74\/2025\/11\/016.-10-7-1931.jpg\" alt=\"\" width=\"132\" height=\"230\" \/><\/a><\/li><li><a href=\"https:\/\/www.memoria.cat\/amat-piniella\/wp-content\/uploads\/sites\/74\/2025\/11\/017.-3-8-1931.jpg\"><img loading=\"lazy\" decoding=\"async\" src=\"https:\/\/www.memoria.cat\/amat-piniella\/wp-content\/uploads\/sites\/74\/2025\/11\/017.-3-8-1931.jpg\" alt=\"\" width=\"130\" height=\"230\" \/><\/a><\/li><\/ul><\/noscript><\/div><\/span><\/span><\/p>\n<p class=\"western\" lang=\"ca-ES\"><span style=\"font-family: Arial, sans-serif\"><span style=\"font-size: large\">Joaquim Amat va cursar l\u2019educaci\u00f3 prim\u00e0ria i el batxillerat elemental en r\u00e8gim d\u2019ensenyament lliure sota la tutela dels seus pares, Joaquim Amat i Concepci\u00f3 Piniella. Tanmateix, al final de cada curs de la seva etapa de batxillerat elemental (1924\/25, 1925\/26 i 1926\/27), Amat-Piniella s\u2019hagu\u00e9 d\u2019examinar en un centre oficial. En tots tres casos ho feu a l\u2019Instituto Nacional de Segunda Ense\u00f1anza de Lleida, complint aix\u00ed la normativa espec\u00edfica per a l\u2019ensenyament lliure, que exigia superar els ex\u00e0mens anuals en un institut reconegut.<\/span><\/span><\/p>\n<p class=\"western\" lang=\"ca-ES\"><span style=\"font-family: Arial, sans-serif\"><span style=\"font-size: large\">Les qualificacions recollides en l\u2019expedient posen de manifest els seus bons resultats acad\u00e8mics. Destaquen les matr\u00edcules d\u2019honor en \u201cLengua castellana\u201d i \u201cGeografia <span style=\"color: #000000\">general y <\/span>de Europa\u201d, aix\u00ed com les notes de \u201csobresaliente\u201d en \u201cNociones de Aritm\u00e9tica y Geometr\u00eda\u201d, \u201cLengua latina\u201d, \u201cGeograf\u00eda especial de Espa\u00f1a\u201d, \u201cHistoria de Espa\u00f1a\u201d i \u201cReligi\u00f3n\u201d. En finalitzar el curs 1926\/27 li fou concedit el t\u00edtol de Batxiller Elemental, i el 16 de novembre de 1927 aquestes notes foren trameses des de Lleida al director de l\u2019Institut de Manresa, el futur centre escolar d\u2019Amat-Piniella.<\/span><\/span><\/p>\n<p class=\"western\" lang=\"ca-ES\"><span style=\"font-family: Arial, sans-serif\"><span style=\"font-size: large\"><b>L\u2019ingr\u00e9s a l\u2019actual Institut Llu\u00eds de Peguera<\/b><\/span><\/span><\/p>\n<p class=\"western\" lang=\"ca-ES\"><a name=\"OLE_LINK2\"><\/a> <span style=\"font-family: Arial, sans-serif\"><span style=\"font-size: large\">Efectivament, el curs 1927\/28 Amat es matricul\u00e0 a l\u2019anomenat Instituto Nacional de Ense\u00f1anza Media de Manresa (l\u2019actual Institut Llu\u00eds de Peguera), una instituci\u00f3 acabada d\u2019inaugurar i que, en aquell moment, era l\u2019\u00fanic centre d\u2019ensenyament secundari de la ciutat. Amat ingress\u00e0 al Batxillerat Universitari, com a alumne oficial, amb expedient acad\u00e8mic lletra A i n\u00famero 2009. Ateses les difer\u00e8ncies en el pla d\u2019estudis de Lleida i Manresa, se li conced\u00ed una acta de convalidaci\u00f3 d\u2019assignatures pr\u00e8vies. Formalitz\u00e0 la matr\u00edcula a l\u2019institut el 17 de setembre de 1927, signada pel procurador manres\u00e0 Jaume Carbon\u00e9s.<\/span><\/span><\/p>\n<p class=\"western\" lang=\"ca-ES\"><span style=\"font-family: Arial, sans-serif\"><span style=\"font-size: large\">Durant el curs escolar 1927\/28, que corresponia a l\u2019any com\u00fa de batxillerat universitari, Amat es matricul\u00e0 de cinc assignatures, tot i que nom\u00e9s se n\u2019examin\u00e0 de dues. Curiosament, els dos cursos seg\u00fcents va decantar-se per la secci\u00f3 de Ci\u00e8ncies, en la qual va obtenir l\u2019aprovat a totes les assignatures matriculades. Cal destacar que en aquests dos anys opt\u00e0 per estudiar tamb\u00e9 angl\u00e8s. El full de matr\u00edcula del curs 1929\/30 el sign\u00e0 personalment Amat el 18 de setembre de 1929. El seu expedient fou traslladat a la Universitat de Barcelona perqu\u00e8 pogu\u00e9s realitzar l\u2019examen final de batxillerat el 14 de maig de 1930. No obstant aix\u00f2, li restaven pendents les tres assignatures de l\u2019any com\u00fa de batxillerat universitari, que curs\u00e0 durant el curs 1930-31.<\/span><\/span><\/p>\n<p class=\"western\" lang=\"ca-ES\"><span style=\"font-family: Arial, sans-serif\"><span style=\"font-size: large\">El full de matr\u00edcula del curs 1930-31 fou signat per Amat-Piniella el 23 de setembre de 1930. En aquest document hi consta que es tracta d\u2019un curs especial, ja que Amat ja havia completat el batxillerat en la secci\u00f3 de Ci\u00e8ncies. Per aquest motiu, se li permet\u00e9 matricular-se de tres assignatures corresponents al Batxillerat Universitari de Lletres, tot i haver cursat la resta d\u2019assignatures dins l\u2019itinerari cient\u00edfic. \u00c9s possible que aquest fet reflect\u00eds el canvi d\u2019interessos d\u2019Amat-Piniella, que passava dels estudis cient\u00edfics al camp de les lletres.<\/span><\/span><\/p>\n<p class=\"western\" lang=\"ca-ES\"><span style=\"font-family: Arial, sans-serif\"><span style=\"font-size: large\">Aquestes s\u00f3n les tres assignatures de Lletres i les qualificacions obtingudes:<br \/>\n<\/span><\/span><\/p>\n<p class=\"western\" lang=\"ca-ES\"><span style=\"font-family: Arial, sans-serif\"><span style=\"font-size: large\">&#8211; Lat\u00edn 2\u00ba curso: Notable<\/span><\/span><\/p>\n<p class=\"western\" lang=\"ca-ES\"><span style=\"font-family: Arial, sans-serif\"><span style=\"font-size: large\">&#8211; Psicolog\u00eda y L\u00f3gica: Aprobado<\/span><\/span><\/p>\n<p class=\"western\" lang=\"ca-ES\"><span style=\"font-family: Arial, sans-serif\"><span style=\"font-size: large\">&#8211; Literatura comparada: Notable<\/span><\/span><\/p>\n<p class=\"western\" lang=\"ca-ES\"><span style=\"font-family: Arial, sans-serif\"><span style=\"font-size: large\">A l\u2019expedient tamb\u00e9 consten les pr\u00e0ctiques verificades de Castell\u00e0 (1r, 2n i 3r curs) i d\u2019Educaci\u00f3 F\u00edsica (4t, 5\u00e8 i 6\u00e8 curs).<\/span><\/span><\/p>\n<p class=\"western\" lang=\"ca-ES\"><span style=\"font-family: Arial, sans-serif\"><span style=\"font-size: large\">El 10 de juliol de 1931, el director de l\u2019institut de Manresa sol\u00b7licit\u00e0 al Rector de la Universitat de Barcelona l\u2019expedici\u00f3 del t\u00edtol de Batxiller Universitari per a Amat-Piniella. El 3 d\u2019agost de 1931, l\u2019institut pogu\u00e9 lliurar-li oficialment el t\u00edtol de Batxiller Universitari en la secci\u00f3 de Lletres i Ci\u00e8ncies. Aquest t\u00edtol qued\u00e0 registrat al foli 52, n\u00fam. 347 del Registre de la Universitat, i al foli 1, n\u00fam. 8 del registre de l\u2019Institut de Manresa. Tot sembla indicar que Joaquim Amat-Piniella va ser el vuit\u00e8 alumne de l\u2019institut manres\u00e0 que s\u2019hi graduava amb el t\u00edtol de Batxiller Universitari.<\/span><\/span><\/p>\n<blockquote>\n<p class=\"western\" lang=\"ca-ES\"><span style=\"font-family: Arial, sans-serif\"><span style=\"font-size: large\">Font: Arxiu de l\u2019Institut Llu\u00eds de Peguera de Manresa.<\/span><\/span><\/p>\n<p class=\"western\" lang=\"ca-ES\"><span style=\"font-family: Arial, sans-serif\"><span style=\"font-size: large\">Fotos de l\u2019expedient: Salvador Red\u00f3. <\/span><\/span><\/p>\n<p class=\"western\" lang=\"ca-ES\"><span style=\"font-family: Arial, sans-serif\"><span style=\"font-size: large\"><u>Agra\u00efments<\/u><\/span><\/span><\/p>\n<p class=\"western\" lang=\"ca-ES\"><span style=\"font-family: Arial, sans-serif\"><span style=\"font-size: large\">Joan M. Serra, per l\u2019estudi i explicaci\u00f3 del present expedient.<\/span><\/span><\/p>\n<p class=\"western\" lang=\"ca-ES\"><span style=\"font-family: Arial, sans-serif\"><span style=\"font-size: large\">Ignasi Cebrian, director de l\u2019Institut Llu\u00eds de Peguera, per informar-nos de l\u2019exist\u00e8ncia d\u2019aquest expedient i facilitar-nos-el per a la seva publicaci\u00f3.<\/span><\/span><\/p>\n<p lang=\"ca-ES\">\n<\/blockquote>\n","protected":false},"excerpt":{"rendered":"<p>En aquest apartat presentem l\u2019expedient acad\u00e8mic de Joaquim Amat-Piniella, conservat a l\u2019Institut Llu\u00eds de Peguera de Manresa, un document fins ara in\u00e8dit. Joaquim Amat va cursar l\u2019educaci\u00f3 prim\u00e0ria i el batxillerat elemental en r\u00e8gim d\u2019ensenyament lliure sota la tutela dels seus pares, Joaquim Amat i Concepci\u00f3 Piniella. Tanmateix, al final de cada curs de la [&hellip;]<\/p>\n","protected":false},"author":28,"featured_media":0,"parent":0,"menu_order":0,"comment_status":"closed","ping_status":"closed","template":"","meta":{"iawp_total_views":68,"footnotes":""},"class_list":["post-76811","page","type-page","status-publish","hentry"],"_links":{"self":[{"href":"https:\/\/www.memoria.cat\/amat-piniella\/wp-json\/wp\/v2\/pages\/76811","targetHints":{"allow":["GET"]}}],"collection":[{"href":"https:\/\/www.memoria.cat\/amat-piniella\/wp-json\/wp\/v2\/pages"}],"about":[{"href":"https:\/\/www.memoria.cat\/amat-piniella\/wp-json\/wp\/v2\/types\/page"}],"author":[{"embeddable":true,"href":"https:\/\/www.memoria.cat\/amat-piniella\/wp-json\/wp\/v2\/users\/28"}],"replies":[{"embeddable":true,"href":"https:\/\/www.memoria.cat\/amat-piniella\/wp-json\/wp\/v2\/comments?post=76811"}],"version-history":[{"count":3,"href":"https:\/\/www.memoria.cat\/amat-piniella\/wp-json\/wp\/v2\/pages\/76811\/revisions"}],"predecessor-version":[{"id":76816,"href":"https:\/\/www.memoria.cat\/amat-piniella\/wp-json\/wp\/v2\/pages\/76811\/revisions\/76816"}],"wp:attachment":[{"href":"https:\/\/www.memoria.cat\/amat-piniella\/wp-json\/wp\/v2\/media?parent=76811"}],"curies":[{"name":"wp","href":"https:\/\/api.w.org\/{rel}","templated":true}]}}