{"id":75697,"date":"2022-10-08T16:27:17","date_gmt":"2022-10-08T15:27:17","guid":{"rendered":"https:\/\/www.memoria.cat\/amat-piniella\/?page_id=75697"},"modified":"2022-10-08T16:27:17","modified_gmt":"2022-10-08T15:27:17","slug":"article-de-joaquim-amat-piniella-al-llibre-manresa-1935","status":"publish","type":"page","link":"https:\/\/www.memoria.cat\/amat-piniella\/article-de-joaquim-amat-piniella-al-llibre-manresa-1935\/","title":{"rendered":"Article de Joaquim Amat-Piniella al llibre &#8220;Manresa. 1935&#8221;"},"content":{"rendered":"<h2>L\u2019embelliment de Manresa<\/h2>\n<div class=\"cont\">\n<p class=\"rteright\">Joaquim Amat-Piniella<br \/>\n(Article publicat al llibre\u00a0<em>Manresa. 1935<\/em>. Editorial Hermes)<\/p>\n<p class=\"rteleft\">\n<p class=\"rteleft\">Oficialment, es parla de la import\u00e0ncia d\u2019una ciutat segons el major o menor nombre d\u2019habitants que senyalin les estad\u00edstiques. Econ\u00f2micament, segons les xifres que acusin els mercats o el nombre de f\u00e0briques, tallers i comer\u00e7os. Tur\u00edsticament, segons la quantitat i el valor dels monuments art\u00edstics, la bellesa de la naturalesa que fa de tel\u00f3 de fons i el grau de pintoresc que tinguin alguns racons o coses de la poblaci\u00f3. \u00c9s evident, per\u00f2, que la persona, sigui quina sigui, que entra per primera vegada a una ciutat, no rebr\u00e0 mai la seva primera impressi\u00f3 (que ben sovint \u00e9s la decisiva) de cap dels aspectes assenyalats. M\u00e9s tots la fraparan si els carrers s\u00f3n ben pavimentats i nets, si la llum hi \u00e9s prodigada, si la gent s\u2019hi abilla amb un cert gust, si els cotxes que hi circulen tenen els milers de reflexos que calen&#8230; Tot aix\u00f2 \u00e9s superficial, em direu. \u00c9s cert, per\u00f2 compta. Una ciutat per molts habitants que tingui, per moltes f\u00e0briques, magatzems i tallers que pugui presentar, per moltes obres d\u2019art que guardi, us decebr\u00e0 si en passejar-vos-hi noteu establiments s\u00f2rdids, olors desagradables o fang pels carrers. La sorpresa \u00e9s un factor psicol\u00f2gic amb el qual cal especular. Les ciutats industrials i de treball, com \u00e9s ara Manresa, tenen fama en general d\u2019\u00e9sser poc curoses de la seva fesonomia externa. Cap altra, doncs, com una poblaci\u00f3 industrial, no pot tenir tant d\u2019inter\u00e8s a sobtar el visitant amb un continent agen\u00e7at en conson\u00e0ncia amb la valor del contingut. All\u00f2 que hom ja espera veure poques vegades desvetlla entusiasmes. L\u2019inesperat, en canvi, sempre produeix reaccions vives i en aquest cas inevitablement agradables. Si l\u2019orgull col\u00b7lectiu d\u2019una poblaci\u00f3 \u00e9s de plaure els que l\u2019honoren visitant-la, ja em direu si no \u00e9s aquest aspecte de bellesa externa una de les q\u00fcestions que m\u00e9s han de captar l\u2019atenci\u00f3 dels encarregats de dirigir la cosa p\u00fablica i tamb\u00e9 dels dirigits.<\/p>\n<p class=\"rteleft\">Manresa, si b\u00e9 \u00e9s cert que no \u00e9s encara una realitzaci\u00f3 de tot all\u00f2 que tenim dret a esperar-ne, ha donat un gran pas, d\u2019uns anys en\u00e7\u00e0, en el cam\u00ed del seu embelliment exterior. No parlem ja dels seus edificis ben importants, dels seus carrers presentables, de l\u2019animaci\u00f3 que per no res els omple, etc. Ens referim exclusivament al bon gust que va obrint-se pas entre els nostres comerciants de les vies c\u00e8ntriques. S\u2019estan esgotant a passos agegantats aquells establiments comercials encofurnats i ll\u00f2bregs. Cada dia s\u00f3n m\u00e9s els locals que, en virtut d\u2019unes reformes oportunes, van consolidant el nostre prestigi de ciutat ben endre\u00e7ada.<\/p>\n<p class=\"rteleft\">Aix\u00f2 ha de satisfer-nos i estimular-nos alhora. Que vingui aviat el moment que es realitzi aquell somni d\u2019aut\u00e8ntic manresanisme, d\u2019un equilibri, d\u2019una harmonia, entre la subst\u00e0ncia i la forma. Que la fa\u00e7ana no desmereixi del qu\u00e8 cont\u00e9 l\u2019edifici.<\/p>\n<p class=\"rteleft\">J. AMAT I PINIELLA<\/p>\n<\/div>\n","protected":false},"excerpt":{"rendered":"<p>L\u2019embelliment de Manresa Joaquim Amat-Piniella (Article publicat al llibre\u00a0Manresa. 1935. Editorial Hermes) Oficialment, es parla de la import\u00e0ncia d\u2019una ciutat segons el major o menor nombre d\u2019habitants que senyalin les estad\u00edstiques. Econ\u00f2micament, segons les xifres que acusin els mercats o el nombre de f\u00e0briques, tallers i comer\u00e7os. Tur\u00edsticament, segons la quantitat i el valor dels [&hellip;]<\/p>\n","protected":false},"author":1,"featured_media":0,"parent":0,"menu_order":0,"comment_status":"closed","ping_status":"closed","template":"","meta":{"iawp_total_views":1,"footnotes":""},"class_list":["post-75697","page","type-page","status-publish","hentry"],"_links":{"self":[{"href":"https:\/\/www.memoria.cat\/amat-piniella\/wp-json\/wp\/v2\/pages\/75697","targetHints":{"allow":["GET"]}}],"collection":[{"href":"https:\/\/www.memoria.cat\/amat-piniella\/wp-json\/wp\/v2\/pages"}],"about":[{"href":"https:\/\/www.memoria.cat\/amat-piniella\/wp-json\/wp\/v2\/types\/page"}],"author":[{"embeddable":true,"href":"https:\/\/www.memoria.cat\/amat-piniella\/wp-json\/wp\/v2\/users\/1"}],"replies":[{"embeddable":true,"href":"https:\/\/www.memoria.cat\/amat-piniella\/wp-json\/wp\/v2\/comments?post=75697"}],"version-history":[{"count":0,"href":"https:\/\/www.memoria.cat\/amat-piniella\/wp-json\/wp\/v2\/pages\/75697\/revisions"}],"wp:attachment":[{"href":"https:\/\/www.memoria.cat\/amat-piniella\/wp-json\/wp\/v2\/media?parent=75697"}],"curies":[{"name":"wp","href":"https:\/\/api.w.org\/{rel}","templated":true}]}}