{"id":75401,"date":"2022-09-24T17:41:07","date_gmt":"2022-09-24T16:41:07","guid":{"rendered":"https:\/\/www.memoria.cat\/amat-piniella\/?page_id=75401"},"modified":"2022-12-16T14:01:18","modified_gmt":"2022-12-16T13:01:18","slug":"desembre-2022-apareixen-8-fotografies-inedites-de-joaquim-amat-piniella","status":"publish","type":"page","link":"https:\/\/www.memoria.cat\/amat-piniella\/desembre-2022-apareixen-8-fotografies-inedites-de-joaquim-amat-piniella\/","title":{"rendered":"Desembre 2022: Apareixen 8 fotografies in\u00e8dites de Joaquim Amat-Piniella"},"content":{"rendered":"<p>En aquest apartat fem p\u00fabliques 8 fotos in\u00e8dites de Joaquim Amat-Piniella amb els seus amics Josep Bailina, Joan Baptista Claret i Llobet i Joan Clara. Les fotos ens han estat facilitades per Jordi Fari\u00f1as Claret, n\u00e9t de Joan B. Claret, a qui agra\u00efm la seva col\u00b7laboraci\u00f3.<\/p>\n<p>&nbsp;<\/p>\n<h2>Amat, Bailina i Clara, una amistat forjada a l\u2019Institut Llu\u00eds de Peguera que dur\u00e0 tota la vida<\/h2>\n<p>Amat-Piniella i Joan B. Claret van viure intensament els anys de la Rep\u00fablica, tant des de l\u2019\u00e0mbit pol\u00edtic com el cultural. <a href=\"https:\/\/www.memoria.cat\/republica\/content\/claret-i-llobet-joan-baptista\">Joan B. Claret i Llobet<\/a> (Cardona, 1903 \u2013 Barcelona, 1984) era un periodista i intel\u00b7lectual d\u2019una extensa cultura, director del diari \u201cEl Dia\u201d i fundador de la Uni\u00f3 Socialista de Catalunya a Manresa. Fou secretari de Llu\u00eds Prun\u00e9s durant la seva etapa d\u2019alcalde de Manresa i tamb\u00e9 quan va ser governador civil de Girona. Amat-Piniella el va definir amb aquestes paraules: \u201cJo veig en aquest home l\u2019exemplaritat feta persona&#8221;.<\/p>\n<p>Joan B. Claret no s\u2019exili\u00e0 i va ser empresonat. L&#8217;1 d&#8217;octubre de 1939, la seva esposa havia de suplicar al jutge la seva llibertat &#8220;<em>para que pueda restituirse a la vida de trabajo y cuidar honradamente del sost\u00e9n de sus dos hijos que se hallan en el mayor desamparo y desconsuelo<\/em>&#8220;. Un escrit seu, del 1980, en qu\u00e8 renunciava a respondre a un q\u00fcestionari sobre l&#8217;\u00e8poca de la Rep\u00fablica, era prou expl\u00edcit del seu estat d\u2019\u00e0nim: &#8220;<em>&#8230; des de fa molts anys -exactament despr\u00e9s d&#8217;acabada la Gran Guerra, quan tots els vencedors ens van deixar un Franco per tota la seva porca i llarga vida- vaig prendre la decisi\u00f3 de no tenir cap paper, per insignificant que fos, en la vida pol\u00edtica i social del nostre pa\u00eds<\/em>\u201d<\/p>\n<p>Joaquim Amat-Piniella, Josep Bailina Sivila i Joan Clara Vinyals es van con\u00e8ixer a l\u2019Institut Llu\u00eds de Peguera de Manresa. All\u00e0 s\u2019hi forj\u00e0 una amistat que tamb\u00e9 duraria tota la vida. (Vegeu &#8220;<a href=\"https:\/\/www.memoria.cat\/wp-content\/uploads\/2020\/02\/joaquim-amat-piniella-a-la-manresa-repubilcana-2-5-2013.pdf\">Joaquim Amat-Piniella a la Manresa republicana<\/a>&#8220;).<\/p>\n<p>Amat i Clara van coincidir, a m\u00e9s, a l\u2019Escola Popular de Guerra de la Generalitat i van anar mantenint correspond\u00e8ncia en el transcurs de la guerra. En acabar el conflicte b\u00e8l\u00b7lic, Joan Clara, que com Amat-Piniella, era militant d\u2019Esquerra Republicana de Catalunya, <a href=\"https:\/\/www.memoria.cat\/censpresos\/content\/clar\u00e0-vi\u00f1als-joan\">va ser condemnat a 12 anys i 1 dia de pres\u00f3<\/a>. Durant el franquisme Joan Clara i Joan B. Claret van treballar als Laboratoris del Doctor Esteve. Joan Clara va morir l\u2019any 1977.<\/p>\n<p>Amat-Piniella i Bailina van compartir l\u2019horror del camp de concentraci\u00f3 de Mauthausen. Bailina va ajudar Amat-Piniella a superar moments molt dif\u00edcils al camp. En una <a href=\"https:\/\/www.memoria.cat\/amat-piniella\/wp-content\/uploads\/sites\/74\/2022\/09\/entrevista-de-montserrat-roig-a-joaquim_amat.pdf\" target=\"_blank\" rel=\"noopener\">entrevista de Montserrat Roig<\/a> afirmava: \u201c<em>L\u2019ajuda de vegades era m\u00e9s important amb paraules o gestos que no pas donant menjar. En un moment en qu\u00e8 jo anava cap avall moralment vaig rebre\u2019n tanta que no ho oblidar\u00e9 mai m\u00e9s. Molt important per a mi, va ser en Bailina, des del punt de vista moral i material.<\/em>\u201d<\/p>\n<p>&nbsp;<\/p>\n<h2><strong><span style=\"text-decoration: underline\">Les fotografies<\/span><\/strong><\/h2>\n<p>A les 8 fotografies in\u00e8dites que publiquem aqu\u00ed podem veure Joaquim Amat-Piniella sol; al Passeig de Pere III de Manresa, als anys 30, amb diversos amics (Joan Clara, Pere Armengou, Antoni Mart\u00ed Farreras&#8230;.); a Viena, amb Joan Baptista Claret; amb Joan Clara al cementiri de P\u00e8re-Lachaise Par\u00eds, davant del monument de Mauthausen, i amb Joan Clara i Josep Bailina en unes fotografies de les quals desconeixem el lloc i la data.<\/p>\n<p>A l\u2019apartat <a href=\"https:\/\/www.memoria.cat\/amat-piniella\/fotografies\/\">Fotografies<\/a> d\u2019aquest web en trobareu algunes m\u00e9s de les mateixes trobades.<\/p>\n<div id=\"jig1\" class=\"justified-image-grid jig-6ba732f248677b73a9b19192223f4980 jig-preset-c3 jig-source-wp-gallery jig-rml-id-114\"><div class=\"jig-clearfix\"><\/div><noscript id=\"jig1-html\" class=\"justified-image-grid-html\" data-lazy-src=\"skiplazyload\" data-src=\"skipunveillazyload\"><ul><li><a href=\"https:\/\/www.memoria.cat\/amat-piniella\/wp-content\/uploads\/sites\/74\/2022\/10\/amat-piniella.020.jpg\" title=\"Passeig de Manresa, anys 30. D\u2019esquerra a dreta,\u00a0Pere Armengou, Antoni Mart\u00ed Farreras, Joaquim Amat-Piniella, Joan Clara, X, X. (Col\u00b7leci\u00f3 Jordi Fari\u00f1as Claret).\"><img fetchpriority=\"high\" decoding=\"async\" src=\"https:\/\/www.memoria.cat\/amat-piniella\/wp-content\/uploads\/sites\/74\/2022\/10\/amat-piniella.020.jpg\" alt=\"Passeig de Manresa, anys 30. D\u2019esquerra a dreta,\u00a0Pere Armengou, Antoni Mart\u00ed Farreras, Joaquim Amat-Piniella, Joan Clara, X, X. (Col\u00b7leci\u00f3 Jordi Fari\u00f1as Claret).\" width=\"309\" height=\"230\" \/><\/a><p class=\"jig-HTMLdescription\">Passeig de Manresa, anys 30. D\u2019esquerra a dreta,\u00a0Pere Armengou, Antoni Mart\u00ed Farreras, Joaquim Amat-Piniella, Joan Clara, X, X. (Col\u00b7leci\u00f3 Jordi Fari\u00f1as Claret).<\/p><\/li><li><a href=\"https:\/\/www.memoria.cat\/amat-piniella\/wp-content\/uploads\/sites\/74\/2022\/10\/amat-piniella.044.jpg\" title=\"Joaquim Amat-Piniella i Joan B. Claret a Viena. (Col\u00b7lecci\u00f3 Jordi Fari\u00f1as Claret). A l\u2019apartat Fotografies d\u2019aquest web en trobareu una altra. (Col\u00b7lecci\u00f3 Jordi Fari\u00f1as Claret).\"><img decoding=\"async\" src=\"https:\/\/www.memoria.cat\/amat-piniella\/wp-content\/uploads\/sites\/74\/2022\/10\/amat-piniella.044.jpg\" alt=\"Joaquim Amat-Piniella i Joan B. Claret a Viena. (Col\u00b7lecci\u00f3 Jordi Fari\u00f1as Claret). A l\u2019apartat Fotografies d\u2019aquest web en trobareu una altra. (Col\u00b7lecci\u00f3 Jordi Fari\u00f1as Claret).\" width=\"327\" height=\"230\" \/><\/a><p class=\"jig-HTMLdescription\">Joaquim Amat-Piniella i Joan B. Claret a Viena. (Col\u00b7lecci\u00f3 Jordi Fari\u00f1as Claret). A l\u2019apartat Fotografies d\u2019aquest web en trobareu una altra. (Col\u00b7lecci\u00f3 Jordi Fari\u00f1as Claret).<\/p><\/li><li><a href=\"https:\/\/www.memoria.cat\/amat-piniella\/wp-content\/uploads\/sites\/74\/2022\/10\/amat-piniella.045.jpg\" title=\"Joaquim Amat-Piniella, en una fotografia sense data. (Col\u00b7lecci\u00f3 Jordi Fari\u00f1as Claret).\"><img decoding=\"async\" src=\"https:\/\/www.memoria.cat\/amat-piniella\/wp-content\/uploads\/sites\/74\/2022\/10\/amat-piniella.045.jpg\" alt=\"Joaquim Amat-Piniella, en una fotografia sense data. (Col\u00b7lecci\u00f3 Jordi Fari\u00f1as Claret).\" width=\"161\" height=\"230\" \/><\/a><p class=\"jig-HTMLdescription\">Joaquim Amat-Piniella, en una fotografia sense data. (Col\u00b7lecci\u00f3 Jordi Fari\u00f1as Claret).<\/p><\/li><li><a href=\"https:\/\/www.memoria.cat\/amat-piniella\/wp-content\/uploads\/sites\/74\/2022\/10\/amat-piniella.048.jpg\" title=\"Joaquim Amat-Piniella i Joan Clara davant el monument commemoratiu de Mauthausen del cementiri de P\u00e8re-Lachaise de Par\u00eds. (Col\u00b7lecci\u00f3 Jordi Fari\u00f1as Claret). \"><img loading=\"lazy\" decoding=\"async\" src=\"https:\/\/www.memoria.cat\/amat-piniella\/wp-content\/uploads\/sites\/74\/2022\/10\/amat-piniella.048.jpg\" alt=\"Joaquim Amat-Piniella i Joan Clara davant el monument commemoratiu de Mauthausen del cementiri de P\u00e8re-Lachaise de Par\u00eds. (Col\u00b7lecci\u00f3 Jordi Fari\u00f1as Claret). \" width=\"161\" height=\"230\" \/><\/a><p class=\"jig-HTMLdescription\">Joaquim Amat-Piniella i Joan Clara davant el monument commemoratiu de Mauthausen del cementiri de P\u00e8re-Lachaise de Par\u00eds. (Col\u00b7lecci\u00f3 Jordi Fari\u00f1as Claret). <\/p><\/li><li><a href=\"https:\/\/www.memoria.cat\/amat-piniella\/wp-content\/uploads\/sites\/74\/2022\/10\/amat-piniella.049.jpg\" title=\"Joaquim Amat-Piniella i Josep Bailina, en una fotografia de la qual desconeixem el lloc i la data. (Col\u00b7lecci\u00f3 Jordi Fari\u00f1as Claret). A l\u2019apartat Fotografies d\u2019aquest web en trobareu una altra de la mateixa trobada.\"><img loading=\"lazy\" decoding=\"async\" src=\"https:\/\/www.memoria.cat\/amat-piniella\/wp-content\/uploads\/sites\/74\/2022\/10\/amat-piniella.049.jpg\" alt=\"Joaquim Amat-Piniella i Josep Bailina, en una fotografia de la qual desconeixem el lloc i la data. (Col\u00b7lecci\u00f3 Jordi Fari\u00f1as Claret). A l\u2019apartat Fotografies d\u2019aquest web en trobareu una altra de la mateixa trobada.\" width=\"161\" height=\"230\" \/><\/a><p class=\"jig-HTMLdescription\">Joaquim Amat-Piniella i Josep Bailina, en una fotografia de la qual desconeixem el lloc i la data. (Col\u00b7lecci\u00f3 Jordi Fari\u00f1as Claret). A l\u2019apartat Fotografies d\u2019aquest web en trobareu una altra de la mateixa trobada.<\/p><\/li><li><a href=\"https:\/\/www.memoria.cat\/amat-piniella\/wp-content\/uploads\/sites\/74\/2022\/10\/amat-piniella.051.jpg\" title=\"Joan Clara (amb boina negra), Joaquim Amat-Piniella i Josep Bailina, en una fotografia sense data. Tot sembla indicar que s\u00f3n de la mateixa trobada que les fotografies del costat.  (Col\u00b7lecci\u00f3 Jordi Fari\u00f1as Claret)\"><img loading=\"lazy\" decoding=\"async\" src=\"https:\/\/www.memoria.cat\/amat-piniella\/wp-content\/uploads\/sites\/74\/2022\/10\/amat-piniella.051.jpg\" alt=\"Joan Clara (amb boina negra), Joaquim Amat-Piniella i Josep Bailina, en una fotografia sense data. Tot sembla indicar que s\u00f3n de la mateixa trobada que les fotografies del costat.  (Col\u00b7lecci\u00f3 Jordi Fari\u00f1as Claret)\" width=\"323\" height=\"230\" \/><\/a><p class=\"jig-HTMLdescription\">Joan Clara (amb boina negra), Joaquim Amat-Piniella i Josep Bailina, en una fotografia sense data. Tot sembla indicar que s\u00f3n de la mateixa trobada que les fotografies del costat.  (Col\u00b7lecci\u00f3 Jordi Fari\u00f1as Claret)<\/p><\/li><li><a href=\"https:\/\/www.memoria.cat\/amat-piniella\/wp-content\/uploads\/sites\/74\/2022\/10\/amat-piniella.052.jpg\" title=\"Joan Clara (amb boina negra), Joaquim Amat-Piniella i Josep Bailina, en una fotografia sense data. Tot sembla indicar que s\u00f3n de la mateixa trobada que les fotografies del costat.  (Col\u00b7lecci\u00f3 Jordi Fari\u00f1as Claret)\"><img loading=\"lazy\" decoding=\"async\" src=\"https:\/\/www.memoria.cat\/amat-piniella\/wp-content\/uploads\/sites\/74\/2022\/10\/amat-piniella.052.jpg\" alt=\"Joan Clara (amb boina negra), Joaquim Amat-Piniella i Josep Bailina, en una fotografia sense data. Tot sembla indicar que s\u00f3n de la mateixa trobada que les fotografies del costat.  (Col\u00b7lecci\u00f3 Jordi Fari\u00f1as Claret)\" width=\"325\" height=\"230\" \/><\/a><p class=\"jig-HTMLdescription\">Joan Clara (amb boina negra), Joaquim Amat-Piniella i Josep Bailina, en una fotografia sense data. Tot sembla indicar que s\u00f3n de la mateixa trobada que les fotografies del costat.  (Col\u00b7lecci\u00f3 Jordi Fari\u00f1as Claret)<\/p><\/li><li><a href=\"https:\/\/www.memoria.cat\/amat-piniella\/wp-content\/uploads\/sites\/74\/2022\/10\/Amat-Piniella-9.jpg\" title=\"Joan Clara i Joaquim Amat-Piniella, a Font Romeu.\"><img loading=\"lazy\" decoding=\"async\" src=\"https:\/\/www.memoria.cat\/amat-piniella\/wp-content\/uploads\/sites\/74\/2022\/10\/Amat-Piniella-9.jpg\" alt=\"Joan Clara i Joaquim Amat-Piniella, a Font Romeu.\" width=\"319\" height=\"230\" \/><\/a><p class=\"jig-HTMLdescription\">Joan Clara i Joaquim Amat-Piniella, a Font Romeu.<\/p><\/li><\/ul><\/noscript><\/div>\n","protected":false},"excerpt":{"rendered":"<p>En aquest apartat fem p\u00fabliques 8 fotos in\u00e8dites de Joaquim Amat-Piniella amb els seus amics Josep Bailina, Joan Baptista Claret i Llobet i Joan Clara. Les fotos ens han estat facilitades per Jordi Fari\u00f1as Claret, n\u00e9t de Joan B. Claret, a qui agra\u00efm la seva col\u00b7laboraci\u00f3. &nbsp; Amat, Bailina i Clara, una amistat forjada a [&hellip;]<\/p>\n","protected":false},"author":1,"featured_media":0,"parent":0,"menu_order":0,"comment_status":"closed","ping_status":"closed","template":"","meta":{"iawp_total_views":18,"footnotes":""},"class_list":["post-75401","page","type-page","status-publish","hentry"],"_links":{"self":[{"href":"https:\/\/www.memoria.cat\/amat-piniella\/wp-json\/wp\/v2\/pages\/75401","targetHints":{"allow":["GET"]}}],"collection":[{"href":"https:\/\/www.memoria.cat\/amat-piniella\/wp-json\/wp\/v2\/pages"}],"about":[{"href":"https:\/\/www.memoria.cat\/amat-piniella\/wp-json\/wp\/v2\/types\/page"}],"author":[{"embeddable":true,"href":"https:\/\/www.memoria.cat\/amat-piniella\/wp-json\/wp\/v2\/users\/1"}],"replies":[{"embeddable":true,"href":"https:\/\/www.memoria.cat\/amat-piniella\/wp-json\/wp\/v2\/comments?post=75401"}],"version-history":[{"count":0,"href":"https:\/\/www.memoria.cat\/amat-piniella\/wp-json\/wp\/v2\/pages\/75401\/revisions"}],"wp:attachment":[{"href":"https:\/\/www.memoria.cat\/amat-piniella\/wp-json\/wp\/v2\/media?parent=75401"}],"curies":[{"name":"wp","href":"https:\/\/api.w.org\/{rel}","templated":true}]}}