{"id":73404,"date":"2019-11-11T13:18:10","date_gmt":"2019-11-11T12:18:10","guid":{"rendered":"https:\/\/www.memoria.cat\/alumnes-institut-lluis-de-peguera\/?page_id=73404"},"modified":"2020-09-07T06:23:26","modified_gmt":"2020-09-07T05:23:26","slug":"portada","status":"publish","type":"page","link":"https:\/\/www.memoria.cat\/alumnes-institut-lluis-de-peguera\/","title":{"rendered":"Portada"},"content":{"rendered":"<p>En aquest web transcrivim <a href=\"https:\/\/www.memoria.cat\/alumnes-institut-lluis-de-peguera\/relacio-dalumnat-de-linstitut\/\"><strong>els noms del <em>I CAT\u00c1LOGO DE EX ALUMNOS<\/em> de la A<\/strong><strong><em>sociaci\u00f3n de ex alumnos del Instituto Nacional de Ense\u00f1anza Media de Manresa,<\/em><\/strong><\/a> editat l\u2019any 1953 per Gr\u00e0fiques Perramon.<\/p>\n<p>Es tracta d\u2019un llistat de 1.099 persones que, tal com diu a la introducci\u00f3 Valent\u00ed Masachs Alavedra, president de l\u2019Associaci\u00f3, recull \u00a0l\u2019alumnat oficial o oient que \u201c<em>han convivido en sus aulas; aquellos que han alegrado con su juventud su riente edificio\u201d<\/em> des de la inauguraci\u00f3 de l\u2019edifici,\u00a0 el curs\u00a0 1927-28, i fins el curs 1950-51. Al llistat, ordenat alfab\u00e8ticament tal com surt al cat\u00e0leg, podeu fer una cerca per curs escolar.<\/p>\n<p>Tal com expliquem a les <a href=\"https:\/\/www.memoria.cat\/alumnes-institut-lluis-de-peguera\/observacions-sobre-la-relacio-dalumnat\/\"><strong>observacions sobre la relaci\u00f3 d\u2019alumnat, <\/strong><\/a>el llistat \u00e9s incomplet. Tanmateix, pensem que \u00e9s molt \u00fatil donar-lo a con\u00e8ixer per la import\u00e0ncia que l\u2019Institut Llu\u00eds de Peguera ha tingut per Manresa i el Bages i pel gran nombre de persones conegudes que van sortir de les seves aules.<\/p>\n<p>A m\u00e9s de la relaci\u00f3 de tots els noms i els cognoms dels alumnes, en aquest web hi trobareu una <a href=\"https:\/\/www.memoria.cat\/alumnes-institut-lluis-de-peguera\/analisi-de-les-dades\/\"><strong>an\u00e0lisi de les dades<\/strong><\/a> on, entre altres informacions, podreu veure-hi el nombre d\u2019alumnes per cursos, el percentatge d\u2019homes i de dones, les carreres universit\u00e0ries o les llicenciatures i les professions que tenien l\u2019any d\u2019edici\u00f3 del cat\u00e0leg (1953) i els municipis on vivien aquell any. Tamb\u00e9 podem saber que tres van ser assassinats durant la rereguarda republicana, quatre van morir al front de guerra, nou van ser cridats a files com a \u201cbiberons\u201d, tretze van ser empresonats a camps de concentraci\u00f3 o presons franquistes, dos van patir la depuraci\u00f3\u00a0 i dos m\u00e9s, Joaquim Amat-Piniella i Josep Bailina, van ser deportats al camp d\u2019extermini de Mauthausen, a \u00c0ustria.<\/p>\n<p>Finalment, tamb\u00e9 podeu veure a <strong><a href=\"https:\/\/www.memoria.cat\/alumnes-institut-lluis-de-peguera\/imatges\/\">imatges<\/a>,\u00a0<\/strong> la portada i la introducci\u00f3 del cat\u00e0leg, una fotografia d&#8217;alumnes i la primera matr\u00edcula de l&#8217;Institut.<\/p>\n<p>&nbsp;<\/p>\n","protected":false},"excerpt":{"rendered":"<p>En aquest web transcrivim els noms del I CAT\u00c1LOGO DE EX ALUMNOS de la Asociaci\u00f3n de ex alumnos del Instituto Nacional de Ense\u00f1anza Media de Manresa, editat l\u2019any 1953 per Gr\u00e0fiques Perramon. Es tracta d\u2019un llistat de 1.099 persones que, tal com diu a la introducci\u00f3 Valent\u00ed Masachs Alavedra, president de l\u2019Associaci\u00f3, recull \u00a0l\u2019alumnat oficial [&hellip;]<\/p>\n","protected":false},"author":1,"featured_media":0,"parent":0,"menu_order":0,"comment_status":"closed","ping_status":"closed","template":"","meta":{"iawp_total_views":50,"footnotes":""},"class_list":["post-73404","page","type-page","status-publish","hentry"],"_links":{"self":[{"href":"https:\/\/www.memoria.cat\/alumnes-institut-lluis-de-peguera\/wp-json\/wp\/v2\/pages\/73404","targetHints":{"allow":["GET"]}}],"collection":[{"href":"https:\/\/www.memoria.cat\/alumnes-institut-lluis-de-peguera\/wp-json\/wp\/v2\/pages"}],"about":[{"href":"https:\/\/www.memoria.cat\/alumnes-institut-lluis-de-peguera\/wp-json\/wp\/v2\/types\/page"}],"author":[{"embeddable":true,"href":"https:\/\/www.memoria.cat\/alumnes-institut-lluis-de-peguera\/wp-json\/wp\/v2\/users\/1"}],"replies":[{"embeddable":true,"href":"https:\/\/www.memoria.cat\/alumnes-institut-lluis-de-peguera\/wp-json\/wp\/v2\/comments?post=73404"}],"version-history":[{"count":0,"href":"https:\/\/www.memoria.cat\/alumnes-institut-lluis-de-peguera\/wp-json\/wp\/v2\/pages\/73404\/revisions"}],"wp:attachment":[{"href":"https:\/\/www.memoria.cat\/alumnes-institut-lluis-de-peguera\/wp-json\/wp\/v2\/media?parent=73404"}],"curies":[{"name":"wp","href":"https:\/\/api.w.org\/{rel}","templated":true}]}}