{"id":73659,"date":"2021-05-06T08:06:35","date_gmt":"2021-05-06T07:06:35","guid":{"rendered":"https:\/\/www.memoria.cat\/actes-autoritzats-i-prohibits-inicis-transicio\/?page_id=73659"},"modified":"2023-02-28T08:08:14","modified_gmt":"2023-02-28T07:08:14","slug":"conferencies-de-presentacio-dels-partits-politics","status":"publish","type":"page","link":"https:\/\/www.memoria.cat\/actes-autoritzats-i-prohibits-inicis-transicio\/actes-agrupats-tematicament\/conferencies-de-presentacio-dels-partits-politics\/","title":{"rendered":"Confer\u00e8ncies de presentaci\u00f3 dels partits pol\u00edtics"},"content":{"rendered":"<p>A Barcelona, durant la primavera del 1975, s\u2019havia celebrat un cicle de confer\u00e8ncies, conegudes com <strong>Les terceres vies a Europa,<\/strong> que van esdevenir la presentaci\u00f3 p\u00fablica dels partits de l\u2019oposici\u00f3 democr\u00e0tica. A diferents ciutats de Catalunya, entre elles Manresa, es van organitzar, tamb\u00e9, cicles de confer\u00e8ncies de tem\u00e0tica pol\u00edtica, que van significar la presentaci\u00f3 dels partits d\u2019oposici\u00f3 democr\u00e0tica a Manresa. La iniciativa va sorgir dels partits pol\u00edtics agrupats a l\u2019Assemblea del Bages i les confer\u00e8ncies les van organitzar conjuntament amb <strong>l\u2019Associaci\u00f3 d\u2019exalumnes de l\u2019Institut Llu\u00eds de Peguera<\/strong>.<\/p>\n<p>Es van poder celebrar totes les confer\u00e8ncies, excepte la del PSAN (Partit Socialista d\u2019Alliberament Nacional) que es va prohibir.<\/p>\n<ul>\n<li>Confer\u00e8ncies <em>Socialisme avui <\/em>i <em>Per un sindicat unitari,<\/em> a c\u00e0rrec de Jordi Marsal a la sala d\u2019actes de la Caixa d\u2019Estalvis de Manresa, els dies <strong>19 i 25 de juny de 1976<\/strong> respectivament. Presentaci\u00f3 de\u00a0 CSC (Converg\u00e8ncia Socialista de Catalunya)<\/li>\n<\/ul>\n<p>Vegeu Bertran Teixidor, Josep Maria<em>.<a href=\"https:\/\/www.memoria.cat\/records-personals\/1976-lany-on-lactivitat-politica-va-sortir-de-larmari\/\" target=\"_blank\" rel=\"noopener\"> P\u00e0gines viscudes. 1976, l\u2019any on l\u2019activitat pol\u00edtica va sortir de l\u2019armari.<\/a> <\/em><\/p>\n<p>&nbsp;<\/p>\n<ul>\n<li>Confer\u00e8ncia <em>Per la llibertat, la democr\u00e0cia i el socialisme,<\/em> a c\u00e0rrec de Josep C\u00f2nsola Cots, Llu\u00eds Maruny Curt\u00f3, Francesc Padull\u00e9s Esteban i Jaume Sala Alegre a la Sala Loyola, el <strong>3 de juliol de 1976<\/strong>.<a href=\"https:\/\/www.memoria.cat\/actes-autoritzats-i-prohibits-inicis-transicio\/actes-agrupats-tematicament\/partit-socialista-unificat-de-catalunya-psuc\/\"> Presentaci\u00f3 del PSUC (Partit Socialista Unificat de Catalunya)<strong>.<\/strong><\/a><\/li>\n<\/ul>\n<p>Podeu escoltar <a href=\"http:\/\/www1.memoria.cat\/detencions1975\/content\/%C3%A0udio-del-m%C3%ADting-de-la-sala-loiola-1976\" target=\"_blank\" rel=\"noopener\">l&#8217;\u00e0udio del m\u00edting<\/a> de la Sala Loiola al web <a href=\"http:\/\/www1.memoria.cat\/detencions1975\/\" target=\"_blank\" rel=\"noopener\"><em>Les \u00faltimes detencions del franquisme a Manresa (octuibre-desembre 1975)<\/em><\/a><\/p>\n<p>Vegeu Bertran Teixidor, Josep Maria<em>. <a href=\"https:\/\/www.memoria.cat\/records-personals\/1976-lany-on-lactivitat-politica-va-sortir-de-larmari\/\" target=\"_blank\" rel=\"noopener\">P\u00e0gines viscudes. 1976, l\u2019any on l\u2019activitat pol\u00edtica va sortir de l\u2019armari.<\/a><\/em><\/p>\n<p>&nbsp;<\/p>\n<ul>\n<li>La confer\u00e8ncia <em>Per un futur socialista als Pa\u00efsos Catalans,<\/em> a c\u00e0rrec de Jaume Fuster Guillem\u00f3 i Jaume Alegre Fain\u00e9, que s\u2019havia de celebrar el <strong>7 de juliol de 1976<\/strong> als locals de la Caixa d\u2019Estalvis de Manresa, va ser l\u2019\u00fanica de tot el cicle que va prohibir el Govern Civil. Havia de ser la presentaci\u00f3 del PSAN (<a href=\"https:\/\/www.memoria.cat\/actes-autoritzats-i-prohibits-inicis-transicio\/partit-socialista-dalliberament-nacional-psan\/\">Partit Socialista d&#8217;Alliberament Nacional)<\/a>.<\/li>\n<\/ul>\n<p>&nbsp;<\/p>\n<ul>\n<li>Confer\u00e8ncia <em>Inserci\u00f3 del Bages en l\u2019estructura economicosocial de Catalunya<\/em>, a c\u00e0rrec de Josep Benet Morell, Ignasi Perramon Carri\u00f3, Carles Lluss\u00e0 Ruiz i Xavier Sitjes Molins, el <strong>9 de juliol de 1976<\/strong> a la Sala Loyola.<\/li>\n<\/ul>\n<p>&nbsp;<\/p>\n<ul>\n<li>Confer\u00e8ncia <em>Una Catalunya per a tothom,<\/em> a c\u00e0rrec de Carles Lluss\u00e0 Ruiz, Miquel Sellar\u00e8s, Josep M. Cullell, Josep Pi\u00f1ot, Josep Jou, Andreu Descals, Eduard Casajuana, el<strong> 16 de juliol de 1976<\/strong> al Cercle Familiar Recreatiu. <a href=\"https:\/\/www.memoria.cat\/actes-autoritzats-i-prohibits-inicis-transicio\/actes-agrupats-tematicament\/convergencia-democratica-de-catalunya-cdc\/\">Presentaci\u00f3 de CDC (Converg\u00e8ncia Democr\u00e0tica de Catalunya).<\/a><\/li>\n<\/ul>\n<p>&nbsp;<\/p>\n<ul>\n<li>Confer\u00e8ncia <em>Estatut d\u2019Autonomia, una aspiraci\u00f3 popular,<\/em> a c\u00e0rrec d\u2019 Antoni Torra Oliveres, Josep Camprub\u00ed Casas, Ignasi Perramon Carri\u00f3 i Josep Badia Torras, a la sala d\u2019actes de la Caixa d\u2019Estalvis de Manresa, el <strong>30 de juliol de 1976.<\/strong><\/li>\n<\/ul>\n<div id=\"jig1\" class=\"justified-image-grid jig-5e94fe363076a8334d80858f7d49b431 jig-preset-c1 jig-source-wp-gallery jig-rml-id-47\"><div class=\"jig-clearfix\"><\/div><noscript id=\"jig1-html\" class=\"justified-image-grid-html\" data-lazy-src=\"skiplazyload\" data-src=\"skipunveillazyload\"><ul><li><a href=\"https:\/\/www.memoria.cat\/actes-autoritzats-i-prohibits-inicis-transicio\/wp-content\/uploads\/sites\/64\/2021\/06\/IMG_4500.jpg\" title=\"Inst\u00e0ncia de Montserrat Perramon Aug\u00e9, adre\u00e7ada a l\u2019Ajuntament, sol\u00b7licitant perm\u00eds per celebrar la confer\u00e8ncia Estatut d\u2019Autonomia, una aspiraci\u00f3 popular.\"><img decoding=\"async\" src=\"https:\/\/www.memoria.cat\/actes-autoritzats-i-prohibits-inicis-transicio\/wp-content\/uploads\/sites\/64\/2021\/06\/IMG_4500.jpg\" alt=\"Inst\u00e0ncia de Montserrat Perramon Aug\u00e9, adre\u00e7ada a l\u2019Ajuntament, sol\u00b7licitant perm\u00eds per celebrar la confer\u00e8ncia Estatut d\u2019Autonomia, una aspiraci\u00f3 popular.\" width=\"164\" height=\"230\" \/><\/a><p class=\"jig-HTMLdescription\">Inst\u00e0ncia de Montserrat Perramon Aug\u00e9, adre\u00e7ada a l\u2019Ajuntament, sol\u00b7licitant perm\u00eds per celebrar la confer\u00e8ncia Estatut d\u2019Autonomia, una aspiraci\u00f3 popular.<\/p><\/li><li><a href=\"https:\/\/www.memoria.cat\/actes-autoritzats-i-prohibits-inicis-transicio\/wp-content\/uploads\/sites\/64\/2021\/06\/IMG_4501.jpg\" title=\"Inst\u00e0ncia de Montserrat Perramon Aug\u00e9, adre\u00e7ada al Govern Civil, sol\u00b7licitant perm\u00eds per celebrar la confer\u00e8ncia Estatut d\u2019Autonomia, una aspiraci\u00f3 popular.\"><img decoding=\"async\" src=\"https:\/\/www.memoria.cat\/actes-autoritzats-i-prohibits-inicis-transicio\/wp-content\/uploads\/sites\/64\/2021\/06\/IMG_4501.jpg\" alt=\"Inst\u00e0ncia de Montserrat Perramon Aug\u00e9, adre\u00e7ada al Govern Civil, sol\u00b7licitant perm\u00eds per celebrar la confer\u00e8ncia Estatut d\u2019Autonomia, una aspiraci\u00f3 popular.\" width=\"153\" height=\"230\" \/><\/a><p class=\"jig-HTMLdescription\">Inst\u00e0ncia de Montserrat Perramon Aug\u00e9, adre\u00e7ada al Govern Civil, sol\u00b7licitant perm\u00eds per celebrar la confer\u00e8ncia Estatut d\u2019Autonomia, una aspiraci\u00f3 popular.<\/p><\/li><\/ul><\/noscript><\/div>\n<p>&nbsp;<\/p>\n","protected":false},"excerpt":{"rendered":"<p>A Barcelona, durant la primavera del 1975, s\u2019havia celebrat un cicle de confer\u00e8ncies, conegudes com Les terceres vies a Europa, que van esdevenir la presentaci\u00f3 p\u00fablica dels partits de l\u2019oposici\u00f3 democr\u00e0tica. A diferents ciutats de Catalunya, entre elles Manresa, es van organitzar, tamb\u00e9, cicles de confer\u00e8ncies de tem\u00e0tica pol\u00edtica, que van significar la presentaci\u00f3 dels [&hellip;]<\/p>\n","protected":false},"author":11,"featured_media":0,"parent":74232,"menu_order":0,"comment_status":"closed","ping_status":"closed","template":"","meta":{"iawp_total_views":2,"footnotes":""},"class_list":["post-73659","page","type-page","status-publish","hentry"],"_links":{"self":[{"href":"https:\/\/www.memoria.cat\/actes-autoritzats-i-prohibits-inicis-transicio\/wp-json\/wp\/v2\/pages\/73659","targetHints":{"allow":["GET"]}}],"collection":[{"href":"https:\/\/www.memoria.cat\/actes-autoritzats-i-prohibits-inicis-transicio\/wp-json\/wp\/v2\/pages"}],"about":[{"href":"https:\/\/www.memoria.cat\/actes-autoritzats-i-prohibits-inicis-transicio\/wp-json\/wp\/v2\/types\/page"}],"author":[{"embeddable":true,"href":"https:\/\/www.memoria.cat\/actes-autoritzats-i-prohibits-inicis-transicio\/wp-json\/wp\/v2\/users\/11"}],"replies":[{"embeddable":true,"href":"https:\/\/www.memoria.cat\/actes-autoritzats-i-prohibits-inicis-transicio\/wp-json\/wp\/v2\/comments?post=73659"}],"version-history":[{"count":0,"href":"https:\/\/www.memoria.cat\/actes-autoritzats-i-prohibits-inicis-transicio\/wp-json\/wp\/v2\/pages\/73659\/revisions"}],"up":[{"embeddable":true,"href":"https:\/\/www.memoria.cat\/actes-autoritzats-i-prohibits-inicis-transicio\/wp-json\/wp\/v2\/pages\/74232"}],"wp:attachment":[{"href":"https:\/\/www.memoria.cat\/actes-autoritzats-i-prohibits-inicis-transicio\/wp-json\/wp\/v2\/media?parent=73659"}],"curies":[{"name":"wp","href":"https:\/\/api.w.org\/{rel}","templated":true}]}}