{"id":73657,"date":"2021-05-06T08:06:09","date_gmt":"2021-05-06T07:06:09","guid":{"rendered":"https:\/\/www.memoria.cat\/actes-autoritzats-i-prohibits-inicis-transicio\/?page_id=73657"},"modified":"2025-01-21T18:22:37","modified_gmt":"2025-01-21T17:22:37","slug":"laplec-de-lestatut","status":"publish","type":"page","link":"https:\/\/www.memoria.cat\/actes-autoritzats-i-prohibits-inicis-transicio\/actes-agrupats-tematicament\/laplec-de-lestatut\/","title":{"rendered":"L&#8217;Aplec de l&#8217;Estatut"},"content":{"rendered":"<p><strong>L\u2019Aplec de l\u2019Estatut,<\/strong> dins de la campanya de l\u2019Assemblea de Catalunya <strong>Volem l\u2019Estatut,<\/strong> va tenir lloc els dies <strong>23 i 24 d\u2019abril de 1977, <\/strong>al pavell\u00f3 del Congost.\u00a0 L\u2019organitzaci\u00f3 va anar a c\u00e0rrec de l\u2019Assemblea Democr\u00e0tica de Manresa, juntament amb el grup Clam d\u2019\u00d2mnium Cultural.<\/p>\n<p>Hi va haver actes diversos com una cercavila, una xocolatada, un foc de camp, jocs, caramelles, sardanes, un recital de can\u00e7\u00f3 i poesia catalana, l\u2019actuaci\u00f3 dels Cors d\u2019en Clav\u00e9, etc. Finalment hi va haver un acte pol\u00edtic amb parlaments a c\u00e0rrec de Pere Fons, (PSC-C), Ramon Maj\u00f3 (PSUC), Xavier Sitjes (Uni\u00f3 Democr\u00e0tica de Catalunya) i Josep Huguet (PSAN).<\/p>\n<div id=\"jig1\" class=\"justified-image-grid jig-e54cdd6cb498a43073a4d1b2b6b2172f jig-preset-c1 jig-source-wp-gallery jig-rml-id-38\"><div class=\"jig-clearfix\"><\/div><noscript id=\"jig1-html\" class=\"justified-image-grid-html\" data-lazy-src=\"skiplazyload\" data-src=\"skipunveillazyload\"><ul><li><a href=\"https:\/\/www.memoria.cat\/actes-autoritzats-i-prohibits-inicis-transicio\/wp-content\/uploads\/sites\/64\/2021\/06\/IMG_20210120_095515-scaled.jpg\" title=\"Cartell\"><img decoding=\"async\" src=\"https:\/\/www.memoria.cat\/actes-autoritzats-i-prohibits-inicis-transicio\/wp-content\/uploads\/sites\/64\/2021\/06\/IMG_20210120_095515-scaled.jpg\" alt=\"Cartell\" width=\"158\" height=\"230\" \/><\/a><p class=\"jig-HTMLdescription\">Cartell<\/p><\/li><\/ul><\/noscript><\/div>\n<p>&nbsp;<\/p>\n<p>Llegiu Records de Josep Maria Bertran Teixidor. <a href=\"https:\/\/www.memoria.cat\/records-personals\/aquella-diada-del-1977\/\" target=\"_blank\" rel=\"noopener\"><em>P\u00e0gines viscudes. Aquella diada del 1977.<\/em><\/a><\/p>\n<p>Vegeu Filmografia d&#8217;Enric Roca Carri\u00f3 (documentals). <a href=\"https:\/\/www.memoria.cat\/filmografia-enric-roca\/films-relacionats-amb-la-memoria-historica\/1977-volem-lestatut-acte-autoritzat-documental\/\" target=\"_blank\" rel=\"noopener\">1977 Volem l&#8217;Estatut (acte autoritzat). Documental<\/a><\/p>\n","protected":false},"excerpt":{"rendered":"<p>L\u2019Aplec de l\u2019Estatut, dins de la campanya de l\u2019Assemblea de Catalunya Volem l\u2019Estatut, va tenir lloc els dies 23 i 24 d\u2019abril de 1977, al pavell\u00f3 del Congost.\u00a0 L\u2019organitzaci\u00f3 va anar a c\u00e0rrec de l\u2019Assemblea Democr\u00e0tica de Manresa, juntament amb el grup Clam d\u2019\u00d2mnium Cultural. Hi va haver actes diversos com una cercavila, una xocolatada, [&hellip;]<\/p>\n","protected":false},"author":11,"featured_media":0,"parent":74232,"menu_order":0,"comment_status":"closed","ping_status":"closed","template":"","meta":{"iawp_total_views":3,"footnotes":""},"class_list":["post-73657","page","type-page","status-publish","hentry"],"_links":{"self":[{"href":"https:\/\/www.memoria.cat\/actes-autoritzats-i-prohibits-inicis-transicio\/wp-json\/wp\/v2\/pages\/73657","targetHints":{"allow":["GET"]}}],"collection":[{"href":"https:\/\/www.memoria.cat\/actes-autoritzats-i-prohibits-inicis-transicio\/wp-json\/wp\/v2\/pages"}],"about":[{"href":"https:\/\/www.memoria.cat\/actes-autoritzats-i-prohibits-inicis-transicio\/wp-json\/wp\/v2\/types\/page"}],"author":[{"embeddable":true,"href":"https:\/\/www.memoria.cat\/actes-autoritzats-i-prohibits-inicis-transicio\/wp-json\/wp\/v2\/users\/11"}],"replies":[{"embeddable":true,"href":"https:\/\/www.memoria.cat\/actes-autoritzats-i-prohibits-inicis-transicio\/wp-json\/wp\/v2\/comments?post=73657"}],"version-history":[{"count":0,"href":"https:\/\/www.memoria.cat\/actes-autoritzats-i-prohibits-inicis-transicio\/wp-json\/wp\/v2\/pages\/73657\/revisions"}],"up":[{"embeddable":true,"href":"https:\/\/www.memoria.cat\/actes-autoritzats-i-prohibits-inicis-transicio\/wp-json\/wp\/v2\/pages\/74232"}],"wp:attachment":[{"href":"https:\/\/www.memoria.cat\/actes-autoritzats-i-prohibits-inicis-transicio\/wp-json\/wp\/v2\/media?parent=73657"}],"curies":[{"name":"wp","href":"https:\/\/api.w.org\/{rel}","templated":true}]}}