{"id":73627,"date":"2021-05-06T07:57:46","date_gmt":"2021-05-06T06:57:46","guid":{"rendered":"https:\/\/www.memoria.cat\/actes-autoritzats-i-prohibits-inicis-transicio\/?page_id=73627"},"modified":"2022-07-26T16:44:14","modified_gmt":"2022-07-26T15:44:14","slug":"manifestacions-i-concentracions","status":"publish","type":"page","link":"https:\/\/www.memoria.cat\/actes-autoritzats-i-prohibits-inicis-transicio\/actes-agrupats-tematicament\/manifestacions-i-concentracions\/","title":{"rendered":"Manifestacions i concentracions"},"content":{"rendered":"<ul>\n<li>La <strong>Manifestaci\u00f3 pels Ajuntaments Democr\u00e0tics,<\/strong> organitzada per l\u2019Assemblea del Bages, es va portar a terme el <strong>3 d\u2019abril de 1976<\/strong>. La manifestaci\u00f3, encap\u00e7alada pels dirigents de l\u2019Assemblea, anava des del Passeig de Pere III, passant per la pla\u00e7a de Sant Dom\u00e8nec, pel carrer del Born i per la Plana de l\u2019Om fins a la pla\u00e7a de l\u2019Ajuntament. Els manifestants van cridar consignes com <em>\u201cVolem Ajuntaments Democr\u00e0tics\u201d <\/em>i <em>\u201cLlibertat, Amnistia i Estatut d\u2019Autonomia\u201d.<\/em>\u00a0 Els organitzadors havien informat, pr\u00e8viament, la policia i l\u2019Ajuntament de la convocat\u00f2ria de la manifestaci\u00f3, per\u00f2 aquesta no va ser autoritzada. Quan els manifestants eren al carrer del Born hi va haver <strong>una important c\u00e0rrega policial<\/strong>, que va comportar que un home hagu\u00e9s de ser traslladat a un centre assistencial i, tamb\u00e9, la <strong>detenci\u00f3 de diverses persones<\/strong>,\u00a0 que van quedar en llibertat unes hores m\u00e9s tard.<\/li>\n<\/ul>\n<p>&nbsp;<\/p>\n<ul>\n<li>El Govern Civil va <strong>prohibir<\/strong>\u00a0 portar a terme,\u00a0 el <strong>13 de novembre de 1976, <\/strong>una <strong>concentraci\u00f3 <\/strong>al passeig de Pere III,\u00a0 per reivindicar l\u2019edifici del Casino per a la ciutat de Manresa<strong>.<\/strong> L\u2019acte estava organitzat per l\u2019Assemblea Democr\u00e0tica de Manresa en el marc de la Campanya de reivindicaci\u00f3 del Casino <em>Salvem Manresa per la democr\u00e0cia<\/em>. En canvi, el Govern Civil va autoritzar una concentraci\u00f3 a la pista Castell.<\/li>\n<\/ul>\n<div id=\"jig1\" class=\"justified-image-grid jig-72101f2b868af0eda28310303df84ca7 jig-preset-c1 jig-source-wp-gallery jig-rml-id-15\"><div class=\"jig-clearfix\"><\/div><noscript id=\"jig1-html\" class=\"justified-image-grid-html\" data-lazy-src=\"skiplazyload\" data-src=\"skipunveillazyload\"><ul><li><a href=\"https:\/\/www.memoria.cat\/actes-autoritzats-i-prohibits-inicis-transicio\/wp-content\/uploads\/sites\/64\/2021\/05\/IMG_0269-1.jpg\" title=\"Notificaci\u00f3 del Govern Civil a Llu\u00eds Alsed\u00e0 Soler comunicant la prohibici\u00f3. \"><img decoding=\"async\" src=\"https:\/\/www.memoria.cat\/actes-autoritzats-i-prohibits-inicis-transicio\/wp-content\/uploads\/sites\/64\/2021\/05\/IMG_0269-1.jpg\" alt=\"Notificaci\u00f3 del Govern Civil a Llu\u00eds Alsed\u00e0 Soler comunicant la prohibici\u00f3. \" width=\"167\" height=\"230\" \/><\/a><p class=\"jig-HTMLdescription\">Notificaci\u00f3 del Govern Civil a Llu\u00eds Alsed\u00e0 Soler comunicant la prohibici\u00f3. <\/p><\/li><li><a href=\"https:\/\/www.memoria.cat\/actes-autoritzats-i-prohibits-inicis-transicio\/wp-content\/uploads\/sites\/64\/2021\/05\/IMG_20210120_100933-1-scaled.jpg\" title=\"Carta de l\u2019Assemblea Democr\u00e0tica de Manresa al director de la Gazeta de Manresa per les informacions err\u00f2nies sobre aquest tema que havia escrit el diari. La carta va ser publicada el 23 de novembre de 1976.\"><img decoding=\"async\" src=\"https:\/\/www.memoria.cat\/actes-autoritzats-i-prohibits-inicis-transicio\/wp-content\/uploads\/sites\/64\/2021\/05\/IMG_20210120_100933-1-scaled.jpg\" alt=\"Carta de l\u2019Assemblea Democr\u00e0tica de Manresa al director de la Gazeta de Manresa per les informacions err\u00f2nies sobre aquest tema que havia escrit el diari. La carta va ser publicada el 23 de novembre de 1976.\" width=\"154\" height=\"230\" \/><\/a><p class=\"jig-HTMLdescription\">Carta de l\u2019Assemblea Democr\u00e0tica de Manresa al director de la Gazeta de Manresa per les informacions err\u00f2nies sobre aquest tema que havia escrit el diari. La carta va ser publicada el 23 de novembre de 1976.<\/p><\/li><li><a href=\"https:\/\/www.memoria.cat\/actes-autoritzats-i-prohibits-inicis-transicio\/wp-content\/uploads\/sites\/64\/2021\/05\/IMG_20210120_100941-1-scaled.jpg\" title=\"Carta full 2\"><img decoding=\"async\" src=\"https:\/\/www.memoria.cat\/actes-autoritzats-i-prohibits-inicis-transicio\/wp-content\/uploads\/sites\/64\/2021\/05\/IMG_20210120_100941-1-scaled.jpg\" alt=\"Carta full 2\" width=\"148\" height=\"230\" \/><\/a><p class=\"jig-HTMLdescription\">Carta full 2<\/p><\/li><li><a href=\"https:\/\/www.memoria.cat\/actes-autoritzats-i-prohibits-inicis-transicio\/wp-content\/uploads\/sites\/64\/2021\/05\/IMG_20210120_100948-1-scaled.jpg\" title=\"Carta full 3\"><img loading=\"lazy\" decoding=\"async\" src=\"https:\/\/www.memoria.cat\/actes-autoritzats-i-prohibits-inicis-transicio\/wp-content\/uploads\/sites\/64\/2021\/05\/IMG_20210120_100948-1-scaled.jpg\" alt=\"Carta full 3\" width=\"133\" height=\"230\" \/><\/a><p class=\"jig-HTMLdescription\">Carta full 3<\/p><\/li><li><a href=\"https:\/\/www.memoria.cat\/actes-autoritzats-i-prohibits-inicis-transicio\/wp-content\/uploads\/sites\/64\/2021\/05\/IMG_20210120_100954-1-scaled.jpg\" title=\"Carta full 4\"><img loading=\"lazy\" decoding=\"async\" src=\"https:\/\/www.memoria.cat\/actes-autoritzats-i-prohibits-inicis-transicio\/wp-content\/uploads\/sites\/64\/2021\/05\/IMG_20210120_100954-1-scaled.jpg\" alt=\"Carta full 4\" width=\"155\" height=\"230\" \/><\/a><p class=\"jig-HTMLdescription\">Carta full 4<\/p><\/li><li><a href=\"https:\/\/www.memoria.cat\/actes-autoritzats-i-prohibits-inicis-transicio\/wp-content\/uploads\/sites\/64\/2021\/05\/IMG_20210120_104951-1-scaled.jpg\" title=\"Inst\u00e0ncia de 26 d\u2019octubre de 1976 signada per Llu\u00eds Alsed\u00e0 Soler, Xavier Sitjes i Molins, Llu\u00eds Maruny Curt\u00f3 i Ignasi Perramon Carri\u00f3 demanant perm\u00eds per fer la concentraci\u00f3. \"><img loading=\"lazy\" decoding=\"async\" src=\"https:\/\/www.memoria.cat\/actes-autoritzats-i-prohibits-inicis-transicio\/wp-content\/uploads\/sites\/64\/2021\/05\/IMG_20210120_104951-1-scaled.jpg\" alt=\"Inst\u00e0ncia de 26 d\u2019octubre de 1976 signada per Llu\u00eds Alsed\u00e0 Soler, Xavier Sitjes i Molins, Llu\u00eds Maruny Curt\u00f3 i Ignasi Perramon Carri\u00f3 demanant perm\u00eds per fer la concentraci\u00f3. \" width=\"153\" height=\"230\" \/><\/a><p class=\"jig-HTMLdescription\">Inst\u00e0ncia de 26 d\u2019octubre de 1976 signada per Llu\u00eds Alsed\u00e0 Soler, Xavier Sitjes i Molins, Llu\u00eds Maruny Curt\u00f3 i Ignasi Perramon Carri\u00f3 demanant perm\u00eds per fer la concentraci\u00f3. <\/p><\/li><li><a href=\"https:\/\/www.memoria.cat\/actes-autoritzats-i-prohibits-inicis-transicio\/wp-content\/uploads\/sites\/64\/2021\/05\/IMG_20210120_105002-scaled.jpg\" title=\"Revers inst\u00e0ncia\"><img loading=\"lazy\" decoding=\"async\" src=\"https:\/\/www.memoria.cat\/actes-autoritzats-i-prohibits-inicis-transicio\/wp-content\/uploads\/sites\/64\/2021\/05\/IMG_20210120_105002-scaled.jpg\" alt=\"Revers inst\u00e0ncia\" width=\"161\" height=\"230\" \/><\/a><p class=\"jig-HTMLdescription\">Revers inst\u00e0ncia<\/p><\/li><\/ul><\/noscript><\/div>\n<p>&nbsp;<\/p>\n<p>Vegeu Ignasi Perramon Carri\u00f3. <a href=\"https:\/\/www.memoria.cat\/records-personals\/la-mobilitzacio-que-va-salvar-el-casino-de-manresa\/\" target=\"_blank\" rel=\"noopener\"><em>Cursa de fons. La mobilitzaci\u00f3 que va salvar el Casino de Manresa.<\/em><\/a><\/p>\n<p>&nbsp;<\/p>\n<ul>\n<li>Prohibici\u00f3 de la <strong>manifestaci\u00f3, <\/strong>que s\u2019havia de celebrar el<strong> 28 de novembre de 1976 al recinte del Xup <\/strong>per millorar les condicions dels seus habitatges<strong>.<\/strong><\/li>\n<\/ul>\n<p>Joaqu\u00edn Vizcaino Grima, com a president de l\u2019Associaci\u00f3 de Ve\u00efns d\u2019El Xup, va presentar el 16 de novembre de 1976 una inst\u00e0ncia en la qual detallava \u201c<em>se exibir\u00edan unas quince pancartas con textos alusivos a \u2018Queremos tejados\u2019, \u2018Basta de goteras\u2019, \u2018Queremos un barrio en condiciones&#8217;<\/em>\u201d. A m\u00e9s explicava que hi hauria un servei d\u2019ordre i que la manifestaci\u00f3 es desenvoluparia dins del recinte del XUP.<\/p>\n<div id=\"jig2\" class=\"justified-image-grid jig-3753004e0027e51e608f2a784c802209 jig-preset-c1 jig-source-wp-gallery jig-rml-id-12\"><div class=\"jig-clearfix\"><\/div><noscript id=\"jig2-html\" class=\"justified-image-grid-html\" data-lazy-src=\"skiplazyload\" data-src=\"skipunveillazyload\"><ul><li><a href=\"https:\/\/www.memoria.cat\/actes-autoritzats-i-prohibits-inicis-transicio\/wp-content\/uploads\/sites\/64\/2021\/05\/IMG_0274.jpg\" title=\"Inst\u00e0ncia de Joaqu\u00edn Vizcaino Grima  sol\u00b7licitant el perm\u00eds. \"><img loading=\"lazy\" decoding=\"async\" src=\"https:\/\/www.memoria.cat\/actes-autoritzats-i-prohibits-inicis-transicio\/wp-content\/uploads\/sites\/64\/2021\/05\/IMG_0274.jpg\" alt=\"Inst\u00e0ncia de Joaqu\u00edn Vizcaino Grima  sol\u00b7licitant el perm\u00eds. \" width=\"163\" height=\"230\" \/><\/a><p class=\"jig-HTMLdescription\">Inst\u00e0ncia de Joaqu\u00edn Vizcaino Grima  sol\u00b7licitant el perm\u00eds. <\/p><\/li><li><a href=\"https:\/\/www.memoria.cat\/actes-autoritzats-i-prohibits-inicis-transicio\/wp-content\/uploads\/sites\/64\/2021\/05\/IMG_0275.jpg\" title=\"Notificaci\u00f3 del Govern Civil a l\u2019Alcalde comunicant-li la prohibici\u00f3.\"><img loading=\"lazy\" decoding=\"async\" src=\"https:\/\/www.memoria.cat\/actes-autoritzats-i-prohibits-inicis-transicio\/wp-content\/uploads\/sites\/64\/2021\/05\/IMG_0275.jpg\" alt=\"Notificaci\u00f3 del Govern Civil a l\u2019Alcalde comunicant-li la prohibici\u00f3.\" width=\"173\" height=\"230\" \/><\/a><p class=\"jig-HTMLdescription\">Notificaci\u00f3 del Govern Civil a l\u2019Alcalde comunicant-li la prohibici\u00f3.<\/p><\/li><\/ul><\/noscript><\/div>\n<p>&nbsp;<\/p>\n<ul>\n<li>El Govern Civil va prohibir la <strong>manifestaci\u00f3, <\/strong>que s\u2019havia de portar a terme el<strong> 5 de febrer de 1977, per reivindicar l\u2019amnistia total de presos i exiliats pol\u00edtics.<\/strong> El motiu que van al\u00b7legar era que \u201c<em>Atendidas las instruccions acordades en el Congreso de Ministros de 26 de Enero corriente, en el sentido de prohibir toda clase de manifestaciones p\u00fablicas y, a mayor abundamiento, atendido igualmente que la solicitud no cumple todos los requisitos que exige el articulo quinto, dos de la Ley 17\/1976, reguladora del Derecho de Reuni\u00f3n<\/em> [&#8230;]\u201d.<\/li>\n<\/ul>\n<p>Llu\u00eds Maruny Curto havia presentat la inst\u00e0ncia el 24 de gener de 1977.<\/p>\n<div id=\"jig3\" class=\"justified-image-grid jig-6b2cadd2b720d41598c9ff7fd1d5ef6c jig-preset-c1 jig-source-wp-gallery jig-rml-id-13\"><div class=\"jig-clearfix\"><\/div><noscript id=\"jig3-html\" class=\"justified-image-grid-html\" data-lazy-src=\"skiplazyload\" data-src=\"skipunveillazyload\"><ul><li><a href=\"https:\/\/www.memoria.cat\/actes-autoritzats-i-prohibits-inicis-transicio\/wp-content\/uploads\/sites\/64\/2021\/05\/IMG_0318.jpg\" title=\"Notificaci\u00f3 del Govern Civil a l\u2019Alcalde comunicant la prohibici\u00f3 de la manifestaci\u00f3.\"><img loading=\"lazy\" decoding=\"async\" src=\"https:\/\/www.memoria.cat\/actes-autoritzats-i-prohibits-inicis-transicio\/wp-content\/uploads\/sites\/64\/2021\/05\/IMG_0318.jpg\" alt=\"Notificaci\u00f3 del Govern Civil a l\u2019Alcalde comunicant la prohibici\u00f3 de la manifestaci\u00f3.\" width=\"171\" height=\"230\" \/><\/a><p class=\"jig-HTMLdescription\">Notificaci\u00f3 del Govern Civil a l\u2019Alcalde comunicant la prohibici\u00f3 de la manifestaci\u00f3.<\/p><\/li><\/ul><\/noscript><\/div>\n<p>&nbsp;<\/p>\n<ul>\n<li>Denegaci\u00f3 del perm\u00eds per portar a terme una <strong>manifestaci\u00f3, el 24 de setembre de 1977, per protestar per la crisi en l\u2019activitat laboral.<\/strong> El Govern Civil va autoritzar, a suggeriment de l\u2019Alcaldia, una <strong>concentraci\u00f3<\/strong> a la pla\u00e7a de Sant Dom\u00e8nec, en lloc de la manifestaci\u00f3. A la concentraci\u00f3 van parlar Josep Vila de la UGT (Uni\u00f3 General de Treballadors) i Sebasti\u00e0 Vives de CCOO (Comissions Obreres).<\/li>\n<\/ul>\n<div id=\"jig4\" class=\"justified-image-grid jig-16d4e84978f5ec1ccdbe620472db3df2 jig-preset-c1 jig-source-wp-gallery jig-rml-id-29\"><div class=\"jig-clearfix\"><\/div><noscript id=\"jig4-html\" class=\"justified-image-grid-html\" data-lazy-src=\"skiplazyload\" data-src=\"skipunveillazyload\"><ul><li><a href=\"https:\/\/www.memoria.cat\/actes-autoritzats-i-prohibits-inicis-transicio\/wp-content\/uploads\/sites\/64\/2021\/06\/IMG_0319-1.jpg\" title=\"Notificaci\u00f3 del Govern Civil a l\u2019Alcalde de Manresa comunicant la prohibici\u00f3. \"><img loading=\"lazy\" decoding=\"async\" src=\"https:\/\/www.memoria.cat\/actes-autoritzats-i-prohibits-inicis-transicio\/wp-content\/uploads\/sites\/64\/2021\/06\/IMG_0319-1.jpg\" alt=\"Notificaci\u00f3 del Govern Civil a l\u2019Alcalde de Manresa comunicant la prohibici\u00f3. \" width=\"248\" height=\"230\" \/><\/a><p class=\"jig-HTMLdescription\">Notificaci\u00f3 del Govern Civil a l\u2019Alcalde de Manresa comunicant la prohibici\u00f3. <\/p><\/li><\/ul><\/noscript><\/div>\n<p>Vegeu tamb\u00e9<a href=\"https:\/\/www.memoria.cat\/records-personals\/79586\/\" target=\"_blank\" rel=\"noopener\"> Records de Bertran Teixidor.\u00a0 <em>P\u00e1gines viscudes. La crisi\u00a0 economica de 1977 abona el Pactes de la Moncloa.<\/em><\/a><\/p>\n<p>&nbsp;<\/p>\n<p>&nbsp;<\/p>\n","protected":false},"excerpt":{"rendered":"<p>La Manifestaci\u00f3 pels Ajuntaments Democr\u00e0tics, organitzada per l\u2019Assemblea del Bages, es va portar a terme el 3 d\u2019abril de 1976. La manifestaci\u00f3, encap\u00e7alada pels dirigents de l\u2019Assemblea, anava des del Passeig de Pere III, passant per la pla\u00e7a de Sant Dom\u00e8nec, pel carrer del Born i per la Plana de l\u2019Om fins a la pla\u00e7a [&hellip;]<\/p>\n","protected":false},"author":11,"featured_media":0,"parent":74232,"menu_order":0,"comment_status":"closed","ping_status":"closed","template":"","meta":{"iawp_total_views":13,"footnotes":""},"class_list":["post-73627","page","type-page","status-publish","hentry"],"_links":{"self":[{"href":"https:\/\/www.memoria.cat\/actes-autoritzats-i-prohibits-inicis-transicio\/wp-json\/wp\/v2\/pages\/73627","targetHints":{"allow":["GET"]}}],"collection":[{"href":"https:\/\/www.memoria.cat\/actes-autoritzats-i-prohibits-inicis-transicio\/wp-json\/wp\/v2\/pages"}],"about":[{"href":"https:\/\/www.memoria.cat\/actes-autoritzats-i-prohibits-inicis-transicio\/wp-json\/wp\/v2\/types\/page"}],"author":[{"embeddable":true,"href":"https:\/\/www.memoria.cat\/actes-autoritzats-i-prohibits-inicis-transicio\/wp-json\/wp\/v2\/users\/11"}],"replies":[{"embeddable":true,"href":"https:\/\/www.memoria.cat\/actes-autoritzats-i-prohibits-inicis-transicio\/wp-json\/wp\/v2\/comments?post=73627"}],"version-history":[{"count":0,"href":"https:\/\/www.memoria.cat\/actes-autoritzats-i-prohibits-inicis-transicio\/wp-json\/wp\/v2\/pages\/73627\/revisions"}],"up":[{"embeddable":true,"href":"https:\/\/www.memoria.cat\/actes-autoritzats-i-prohibits-inicis-transicio\/wp-json\/wp\/v2\/pages\/74232"}],"wp:attachment":[{"href":"https:\/\/www.memoria.cat\/actes-autoritzats-i-prohibits-inicis-transicio\/wp-json\/wp\/v2\/media?parent=73627"}],"curies":[{"name":"wp","href":"https:\/\/api.w.org\/{rel}","templated":true}]}}